{"id":406,"date":"2026-03-13T05:31:24","date_gmt":"2026-03-13T05:31:24","guid":{"rendered":"https:\/\/petosmos.com\/?post_type=product&#038;p=406"},"modified":"2026-03-16T08:16:27","modified_gmt":"2026-03-16T08:16:27","slug":"custom-3d-wool-felt-pet-portrait-in-frame","status":"publish","type":"product","link":"https:\/\/petosmos.com\/sv\/product\/custom-3d-wool-felt-pet-portrait-in-frame\/","title":{"rendered":"Anpassat 3D-portr\u00e4tt av husdjur i ullfilt i ram - Handgjort realistiskt hundminne fr\u00e5n foto - Uppstoppad djurhyllning f\u00f6r f\u00f6rlorade \u00e4lskade husdjur"},"content":{"rendered":"","protected":false},"excerpt":{"rendered":"<p><strong class=\"qk-md-strong complete\"><span class=\"qk-md-text complete\">Personlig minnesg\u00e5va f\u00f6r hund och katt: Anpassad 3D-filtkonst i ram<\/span><\/strong><br \/>\n<span class=\"qk-md-text complete\">Letar du efter en meningsfull g\u00e5va till n\u00e5gon som f\u00f6rlorat ett husdjur? V\u00e5ra handgjorda portr\u00e4tt i ullfilt ger ditt \u00e4lskade husdjur liv igen med fantastisk realism. V\u00e4lj mellan huvud-, halvkropps- eller helkroppsstilar i 6 \u2033 eller 8 \u2033 ramar. Perfekt f\u00f6r att minnas ett bortg\u00e5nget husdjur eller fira en f\u00f6delsedag.<\/span><br \/>\n<span class=\"qk-md-text complete\">\u2705\u00a0<\/span><strong class=\"qk-md-strong complete\"><span class=\"qk-md-text complete\">Tillverkas p\u00e5 best\u00e4llning:<\/span><\/strong><span class=\"qk-md-text complete\">\u00a05-7 dagars hantverkstid + snabb amerikansk frakt.<\/span><br \/>\n<span class=\"qk-md-text complete\">\u2705\u00a0<\/span><strong class=\"qk-md-strong complete\"><span class=\"qk-md-text complete\">Premiumkvalitet:<\/span><\/strong><span class=\"qk-md-text complete\">\u00a0Mjuk ullfilt, t\u00e5lig ram, presentf\u00f6rpackning.<\/span><br \/>\n<span class=\"qk-md-text complete\">\u2705\u00a0<\/span><strong class=\"qk-md-strong complete\"><span class=\"qk-md-text complete\">Riskfri:<\/span><\/strong><span class=\"qk-md-text complete\">\u00a0Fullt f\u00f6rs\u00e4krad leverans fr\u00e5n Suzhou till USA.<\/span><\/p>","protected":false},"featured_media":463,"comment_status":"open","ping_status":"closed","template":"","meta":{"site-sidebar-layout":"default","site-content-layout":"","ast-site-content-layout":"default","site-content-style":"default","site-sidebar-style":"default","ast-global-header-display":"","ast-banner-title-visibility":"","ast-main-header-display":"","ast-hfb-above-header-display":"","ast-hfb-below-header-display":"","ast-hfb-mobile-header-display":"","site-post-title":"","ast-breadcrumbs-content":"","ast-featured-img":"","footer-sml-layout":"","ast-disable-related-posts":"","theme-transparent-header-meta":"default","adv-header-id-meta":"","stick-header-meta":"","header-above-stick-meta":"","header-main-stick-meta":"","header-below-stick-meta":"","astra-migrate-meta-layouts":"set","ast-page-background-enabled":"default","ast-page-background-meta":{"desktop":{"background-color":"var(--ast-global-color-5)","background-image":"","background-repeat":"repeat","background-position":"center center","background-size":"auto","background-attachment":"scroll","background-type":"","background-media":"","overlay-type":"","overlay-color":"","overlay-opacity":"","overlay-gradient":""},"tablet":{"background-color":"","background-image":"","background-repeat":"repeat","background-position":"center center","background-size":"auto","background-attachment":"scroll","background-type":"","background-media":"","overlay-type":"","overlay-color":"","overlay-opacity":"","overlay-gradient":""},"mobile":{"background-color":"","background-image":"","background-repeat":"repeat","background-position":"center center","background-size":"auto","background-attachment":"scroll","background-type":"","background-media":"","overlay-type":"","overlay-color":"","overlay-opacity":"","overlay-gradient":""}},"ast-content-background-meta":{"desktop":{"background-color":"var(--ast-global-color-4)","background-image":"","background-repeat":"repeat","background-position":"center center","background-size":"auto","background-attachment":"scroll","background-type":"","background-media":"","overlay-type":"","overlay-color":"","overlay-opacity":"","overlay-gradient":""},"tablet":{"background-color":"var(--ast-global-color-4)","background-image":"","background-repeat":"repeat","background-position":"center center","background-size":"auto","background-attachment":"scroll","background-type":"","background-media":"","overlay-type":"","overlay-color":"","overlay-opacity":"","overlay-gradient":""},"mobile":{"background-color":"var(--ast-global-color-4)","background-image":"","background-repeat":"repeat","background-position":"center center","background-size":"auto","background-attachment":"scroll","background-type":"","background-media":"","overlay-type":"","overlay-color":"","overlay-opacity":"","overlay-gradient":""}}},"product_brand":[],"product_cat":[37],"product_tag":[],"class_list":{"0":"post-406","1":"product","2":"type-product","3":"status-publish","4":"has-post-thumbnail","6":"product_cat-custom-3d-wool-felt-pet-portrait-in-frame","7":"desktop-align-left","8":"tablet-align-left","9":"mobile-align-left","10":"tm-no-options","12":"first","13":"instock","14":"shipping-taxable","15":"purchasable","16":"product-type-variable","17":"has-default-attributes","18":"wvs-archive-product-wrapper"},"_links":{"self":[{"href":"https:\/\/petosmos.com\/sv\/wp-json\/wp\/v2\/product\/406","targetHints":{"allow":["GET"]}}],"collection":[{"href":"https:\/\/petosmos.com\/sv\/wp-json\/wp\/v2\/product"}],"about":[{"href":"https:\/\/petosmos.com\/sv\/wp-json\/wp\/v2\/types\/product"}],"replies":[{"embeddable":true,"href":"https:\/\/petosmos.com\/sv\/wp-json\/wp\/v2\/comments?post=406"}],"wp:featuredmedia":[{"embeddable":true,"href":"https:\/\/petosmos.com\/sv\/wp-json\/wp\/v2\/media\/463"}],"wp:attachment":[{"href":"https:\/\/petosmos.com\/sv\/wp-json\/wp\/v2\/media?parent=406"}],"wp:term":[{"taxonomy":"product_brand","embeddable":true,"href":"https:\/\/petosmos.com\/sv\/wp-json\/wp\/v2\/product_brand?post=406"},{"taxonomy":"product_cat","embeddable":true,"href":"https:\/\/petosmos.com\/sv\/wp-json\/wp\/v2\/product_cat?post=406"},{"taxonomy":"product_tag","embeddable":true,"href":"https:\/\/petosmos.com\/sv\/wp-json\/wp\/v2\/product_tag?post=406"}],"curies":[{"name":"wp","href":"https:\/\/api.w.org\/{rel}","templated":true}]}}