{"id":543,"date":"2026-04-02T07:07:49","date_gmt":"2026-04-02T07:07:49","guid":{"rendered":"https:\/\/petosmos.com\/?page_id=543"},"modified":"2026-04-02T07:14:41","modified_gmt":"2026-04-02T07:14:41","slug":"terms-of-service","status":"publish","type":"page","link":"https:\/\/petosmos.com\/sv\/terms-of-service\/","title":{"rendered":"Villkor f\u00f6r tj\u00e4nsten"},"content":{"rendered":"<div data-elementor-type=\"wp-page\" data-elementor-id=\"543\" class=\"elementor elementor-543\" data-elementor-post-type=\"page\">\n\t\t\t\t<div class=\"elementor-element elementor-element-a6768af e-flex e-con-boxed e-con e-parent\" data-id=\"a6768af\" data-element_type=\"container\" data-e-type=\"container\">\n\t\t\t\t\t<div class=\"e-con-inner\">\n\t\t\t\t<div class=\"elementor-element elementor-element-6c7833e elementor-widget elementor-widget-heading\" data-id=\"6c7833e\" data-element_type=\"widget\" data-e-type=\"widget\" data-widget_type=\"heading.default\">\n\t\t\t\t<div class=\"elementor-widget-container\">\n\t\t\t\t\t<h1 class=\"elementor-heading-title elementor-size-default\">Villkor f\u00f6r tj\u00e4nsten\n<\/h1>\t\t\t\t<\/div>\n\t\t\t\t<\/div>\n\t\t\t\t<div class=\"elementor-element elementor-element-021483d elementor-widget elementor-widget-text-editor\" data-id=\"021483d\" data-element_type=\"widget\" data-e-type=\"widget\" data-widget_type=\"text-editor.default\">\n\t\t\t\t<div class=\"elementor-widget-container\">\n\t\t\t\t\t\t\t\t\t<p data-path-to-node=\"4\"><i data-path-to-node=\"4\" data-index-in-node=\"0\">Senast uppdaterad: April 2026<\/i><\/p><p data-path-to-node=\"5\">V\u00e4lkommen till <b data-path-to-node=\"5\" data-index-in-node=\"11\">Petosmos<\/b>. Denna webbplats drivs av <b data-path-to-node=\"5\" data-index-in-node=\"49\">Pan'an Haoda Ecommerce Co, Ltd.<\/b> P\u00e5 hela webbplatsen h\u00e4nvisar termerna \u201cvi\u201d, \u201coss\u201d och \u201cv\u00e5r\u201d till Petosmos. Genom att bes\u00f6ka v\u00e5r webbplats och \/ eller k\u00f6pa n\u00e5got fr\u00e5n oss, engagerar du dig i v\u00e5r \u201cService\u201d och samtycker till att vara bunden av f\u00f6ljande villkor.<\/p><h3 data-path-to-node=\"6\">1. Villkor f\u00f6r onlinebutik<\/h3><p data-path-to-node=\"7\">Genom att godk\u00e4nna dessa anv\u00e4ndarvillkor intygar du att du \u00e4r minst myndig i den stat eller provins d\u00e4r du \u00e4r bosatt. Du f\u00e5r inte anv\u00e4nda v\u00e5ra produkter f\u00f6r n\u00e5got olagligt eller obeh\u00f6rigt \u00e4ndam\u00e5l.<\/p><h3 data-path-to-node=\"8\">2. Allm\u00e4nna villkor<\/h3><p data-path-to-node=\"9\">Vi f\u00f6rbeh\u00e5ller oss r\u00e4tten att n\u00e4r som helst neka service till vem som helst av vilken anledning som helst. Ditt inneh\u00e5ll (inte inklusive kreditkortsinformation) kan \u00f6verf\u00f6ras okrypterat och involvera \u00f6verf\u00f6ringar \u00f6ver olika n\u00e4tverk. <b data-path-to-node=\"9\" data-index-in-node=\"211\">Kreditkortsinformation \u00e4r alltid krypterad vid \u00f6verf\u00f6ring \u00f6ver n\u00e4tverk.<\/b><\/p><h3 data-path-to-node=\"10\">3. Fakturerings- och kontoinformationens riktighet<\/h3><p data-path-to-node=\"11\">Du <span class=\"citation-29 citation-end-29\">samtycker till att tillhandah\u00e5lla aktuell, fullst\u00e4ndig och korrekt ink\u00f6ps- och kontoinformation f\u00f6r alla ink\u00f6p som g\u00f6rs i v\u00e5r butik. Du samtycker till att omedelbart uppdatera ditt konto och annan information, inklusive din e-postadress och kreditkortsnummer.<\/span>rs- och utg\u00e5ngsdatum, s\u00e5 att vi kan slutf\u00f6ra dina transaktioner och kontakta dig vid behov.<\/p><div class=\"source-inline-chip-container ng-star-inserted\">\u00a0<\/div><h3 data-path-to-node=\"12\">4. Specialanpassade produkter och immateriella r\u00e4ttigheter<\/h3><ul data-path-to-node=\"13\"><li><p data-path-to-node=\"13,0,0\"><b data-path-to-node=\"13,0,0\" data-index-in-node=\"0\">Anpassning:<\/b> F\u00f6r specialanpassade produkter (t.ex. tovade figurer, graverade urnor) \u00e4r du ansvarig f\u00f6r att de bilder och den information som tillhandah\u00e5lls \u00e4r korrekt.<\/p><\/li><li><p data-path-to-node=\"13,1,0\"><b data-path-to-node=\"13,1,0\" data-index-in-node=\"0\">Kundinneh\u00e5ll:<\/b> Genom att ladda upp bilder p\u00e5 dina husdjur ger du <b data-path-to-node=\"13,1,0\" data-index-in-node=\"62\">Petosmos<\/b> en icke-exklusiv licens f\u00f6r att anv\u00e4nda dessa bilder enbart i syfte att skapa din anpassade produkt.<\/p><\/li><li><p data-path-to-node=\"13,2,0\"><b data-path-to-node=\"13,2,0\" data-index-in-node=\"0\">Konstn\u00e4rlig tolkning:<\/b> Du bekr\u00e4ftar att v\u00e5ra produkter \u00e4r handgjord konst. Sm\u00e5 variationer i f\u00e4rg, form och uttryck \u00e4r en del av den konstn\u00e4rliga processen och utg\u00f6r inte defekter.<\/p><\/li><\/ul><h3 data-path-to-node=\"14\">5. L\u00e4nkar och verktyg fr\u00e5n tredje part<\/h3><p data-path-to-node=\"15\">Vi kan ge dig tillg\u00e5ng till verktyg fr\u00e5n tredje part (t.ex. Airwallex f\u00f6r betalningar) som vi varken \u00f6vervakar eller har n\u00e5gon kontroll \u00f6ver. Du bekr\u00e4ftar och samtycker till att vi ger tillg\u00e5ng till s\u00e5dana verktyg \u201di befintligt skick\u201d och \u201ci m\u00e5n av tillg\u00e4nglighet\u201d utan n\u00e5gra garantier.<\/p><h3 data-path-to-node=\"16\">6. Till\u00e4mplig lag<\/h3><p data-path-to-node=\"17\">Dessa anv\u00e4ndarvillkor och eventuella separata avtal genom vilka vi tillhandah\u00e5ller dig tj\u00e4nster ska styras av och tolkas i enlighet med lagarna i <b data-path-to-node=\"17\" data-index-in-node=\"153\">Folkrepubliken Kina<\/b>, med registrerad adress p\u00e5 <b data-path-to-node=\"17\" data-index-in-node=\"212\">Pan'an County, Jinhua City, Zhejiang-provinsen<\/b>.<\/p><h3 data-path-to-node=\"18\">7. \u00c4ndringar av anv\u00e4ndarvillkoren<\/h3><p data-path-to-node=\"19\">Du kan n\u00e4r som helst l\u00e4sa den senaste versionen av anv\u00e4ndarvillkoren p\u00e5 den h\u00e4r sidan. Vi f\u00f6rbeh\u00e5ller oss r\u00e4tten att uppdatera, \u00e4ndra eller ers\u00e4tta n\u00e5gon del av dessa anv\u00e4ndarvillkor genom att publicera uppdateringar och \u00e4ndringar p\u00e5 v\u00e5r webbplats.<\/p><h3 data-path-to-node=\"20\">8. Kontaktuppgifter<\/h3><p data-path-to-node=\"21\">Fr\u00e5gor om anv\u00e4ndarvillkoren ska skickas till oss p\u00e5 <b data-path-to-node=\"21\" data-index-in-node=\"61\">sales@petosmos.com<\/b>.<\/p>\t\t\t\t\t\t\t\t<\/div>\n\t\t\t\t<\/div>\n\t\t\t\t\t<\/div>\n\t\t\t\t<\/div>\n\t\t\t\t<\/div>","protected":false},"excerpt":{"rendered":"<p>Terms of Service Last updated: April 2026 Welcome to Petosmos. This website is operated by Pan&#8217;an Haoda Ecommerce Co., Ltd. [&hellip;]<\/p>\n","protected":false},"author":1,"featured_media":0,"parent":0,"menu_order":0,"comment_status":"closed","ping_status":"closed","template":"elementor_header_footer","meta":{"site-sidebar-layout":"no-sidebar","site-content-layout":"","ast-site-content-layout":"full-width-container","site-content-style":"default","site-sidebar-style":"default","ast-global-header-display":"","ast-banner-title-visibility":"","ast-main-header-display":"","ast-hfb-above-header-display":"","ast-hfb-below-header-display":"","ast-hfb-mobile-header-display":"","site-post-title":"","ast-breadcrumbs-content":"","ast-featured-img":"disabled","footer-sml-layout":"","ast-disable-related-posts":"","theme-transparent-header-meta":"","adv-header-id-meta":"","stick-header-meta":"","header-above-stick-meta":"","header-main-stick-meta":"","header-below-stick-meta":"","astra-migrate-meta-layouts":"default","ast-page-background-enabled":"default","ast-page-background-meta":{"desktop":{"background-color":"var(--ast-global-color-5)","background-image":"","background-repeat":"repeat","background-position":"center center","background-size":"auto","background-attachment":"scroll","background-type":"","background-media":"","overlay-type":"","overlay-color":"","overlay-opacity":"","overlay-gradient":""},"tablet":{"background-color":"","background-image":"","background-repeat":"repeat","background-position":"center center","background-size":"auto","background-attachment":"scroll","background-type":"","background-media":"","overlay-type":"","overlay-color":"","overlay-opacity":"","overlay-gradient":""},"mobile":{"background-color":"","background-image":"","background-repeat":"repeat","background-position":"center center","background-size":"auto","background-attachment":"scroll","background-type":"","background-media":"","overlay-type":"","overlay-color":"","overlay-opacity":"","overlay-gradient":""}},"ast-content-background-meta":{"desktop":{"background-color":"var(--ast-global-color-4)","background-image":"","background-repeat":"repeat","background-position":"center center","background-size":"auto","background-attachment":"scroll","background-type":"","background-media":"","overlay-type":"","overlay-color":"","overlay-opacity":"","overlay-gradient":""},"tablet":{"background-color":"var(--ast-global-color-4)","background-image":"","background-repeat":"repeat","background-position":"center center","background-size":"auto","background-attachment":"scroll","background-type":"","background-media":"","overlay-type":"","overlay-color":"","overlay-opacity":"","overlay-gradient":""},"mobile":{"background-color":"var(--ast-global-color-4)","background-image":"","background-repeat":"repeat","background-position":"center center","background-size":"auto","background-attachment":"scroll","background-type":"","background-media":"","overlay-type":"","overlay-color":"","overlay-opacity":"","overlay-gradient":""}},"footnotes":""},"class_list":["post-543","page","type-page","status-publish","hentry"],"_hostinger_reach_plugin_has_subscription_block":false,"_hostinger_reach_plugin_is_elementor":false,"_links":{"self":[{"href":"https:\/\/petosmos.com\/sv\/wp-json\/wp\/v2\/pages\/543","targetHints":{"allow":["GET"]}}],"collection":[{"href":"https:\/\/petosmos.com\/sv\/wp-json\/wp\/v2\/pages"}],"about":[{"href":"https:\/\/petosmos.com\/sv\/wp-json\/wp\/v2\/types\/page"}],"author":[{"embeddable":true,"href":"https:\/\/petosmos.com\/sv\/wp-json\/wp\/v2\/users\/1"}],"replies":[{"embeddable":true,"href":"https:\/\/petosmos.com\/sv\/wp-json\/wp\/v2\/comments?post=543"}],"version-history":[{"count":7,"href":"https:\/\/petosmos.com\/sv\/wp-json\/wp\/v2\/pages\/543\/revisions"}],"predecessor-version":[{"id":551,"href":"https:\/\/petosmos.com\/sv\/wp-json\/wp\/v2\/pages\/543\/revisions\/551"}],"wp:attachment":[{"href":"https:\/\/petosmos.com\/sv\/wp-json\/wp\/v2\/media?parent=543"}],"curies":[{"name":"wp","href":"https:\/\/api.w.org\/{rel}","templated":true}]}}