{"id":524,"date":"2026-04-02T06:57:00","date_gmt":"2026-04-02T06:57:00","guid":{"rendered":"https:\/\/petosmos.com\/?page_id=524"},"modified":"2026-04-02T07:03:48","modified_gmt":"2026-04-02T07:03:48","slug":"production-shipping-policy","status":"publish","type":"page","link":"https:\/\/petosmos.com\/sv\/production-shipping-policy\/","title":{"rendered":"Produktions- och leveranspolicy"},"content":{"rendered":"<div data-elementor-type=\"wp-page\" data-elementor-id=\"524\" class=\"elementor elementor-524\" data-elementor-post-type=\"page\">\n\t\t\t\t<div class=\"elementor-element elementor-element-276e337 e-flex e-con-boxed e-con e-parent\" data-id=\"276e337\" data-element_type=\"container\" data-e-type=\"container\">\n\t\t\t\t\t<div class=\"e-con-inner\">\n\t\t\t\t<div class=\"elementor-element elementor-element-e15449b elementor-widget elementor-widget-heading\" data-id=\"e15449b\" data-element_type=\"widget\" data-e-type=\"widget\" data-widget_type=\"heading.default\">\n\t\t\t\t<div class=\"elementor-widget-container\">\n\t\t\t\t\t<h1 class=\"elementor-heading-title elementor-size-default\">Produktions- och leveranspolicy<\/h1>\t\t\t\t<\/div>\n\t\t\t\t<\/div>\n\t\t\t\t<div class=\"elementor-element elementor-element-55d87de elementor-widget elementor-widget-text-editor\" data-id=\"55d87de\" data-element_type=\"widget\" data-e-type=\"widget\" data-widget_type=\"text-editor.default\">\n\t\t\t\t<div class=\"elementor-widget-container\">\n\t\t\t\t\t\t\t\t\t<p data-path-to-node=\"3\">Vid <b data-path-to-node=\"3\" data-index-in-node=\"3\">Petosmos<\/b>, Vi specialiserar oss p\u00e5 unika, handgjorda minnessaker. Eftersom varje objekt \u00e4r anpassat till ditt husdjurs unika egenskaper, inneb\u00e4r v\u00e5r uppfyllandeprocess noggrann konstn\u00e4rskap och omsorg.<\/p><h3 data-path-to-node=\"4\">1. Tidslinje f\u00f6r produktion (den konstn\u00e4rliga fasen)<\/h3><p data-path-to-node=\"5\">V\u00e5ra produktionstider varierar beroende p\u00e5 komplexiteten i den artikel du har best\u00e4llt:<\/p><ul data-path-to-node=\"6\"><li><p data-path-to-node=\"6,0,0\"><b data-path-to-node=\"6,0,0\" data-index-in-node=\"0\">N\u00e5lfiltade figuriner och minnesurnor med tryck:<\/b><\/p><ul data-path-to-node=\"6,0,1\"><li><p data-path-to-node=\"6,0,1,0,0\"><b data-path-to-node=\"6,0,1,0,0\" data-index-in-node=\"0\">Standardbest\u00e4llning:<\/b> Klar att levereras inom ca. <b data-path-to-node=\"6,0,1,0,0\" data-index-in-node=\"41\">6-8 veckor<\/b>. Denna tidslinje g\u00f6r det m\u00f6jligt f\u00f6r v\u00e5ra konstn\u00e4rer att noggrant skulptera och m\u00e5la ditt husdjurs avbild och se till att varje detalj f\u00e5ngas.<\/p><\/li><li><p data-path-to-node=\"6,0,1,1,0\"><b data-path-to-node=\"6,0,1,1,0\" data-index-in-node=\"0\">Prioriterad tribut (br\u00e5dskande best\u00e4llning):<\/b> Klar att levereras inom ca. <b data-path-to-node=\"6,0,1,1,0\" data-index-in-node=\"56\">3-4 veckor<\/b>. Dessa best\u00e4llningar flyttas l\u00e4ngst fram i v\u00e5r studiok\u00f6.<\/p><\/li><\/ul><\/li><li><p data-path-to-node=\"6,1,0\"><b data-path-to-node=\"6,1,0\" data-index-in-node=\"0\">Fotomuggar med tryck f\u00f6r husdjur:<\/b><\/p><ul data-path-to-node=\"6,1,1\"><li><p data-path-to-node=\"6,1,1,0,0\"><b data-path-to-node=\"6,1,1,0,0\" data-index-in-node=\"0\">Bearbetningstid:<\/b> <b data-path-to-node=\"6,1,1,0,0\" data-index-in-node=\"17\">3-5 arbetsdagar<\/b>. Varje mugg \u00e4r specialtryckt och kvalitetskontrollerad innan den l\u00e4mnar v\u00e5r studio.<\/p><\/li><\/ul><\/li><\/ul><p data-path-to-node=\"7\"><b data-path-to-node=\"7\" data-index-in-node=\"0\">Viktig anm\u00e4rkning om revideringar:<\/b> Om du beg\u00e4r design\u00e4ndringar under granskningsprocessen (t.ex. \u201cv\u00e4nligen justera p\u00e4lsf\u00e4rgen\u201d eller \u201cg\u00f6r \u00f6ronen skarpare\u201d) kommer detta naturligtvis att f\u00f6rl\u00e4nga produktionstiden. Perfektion \u00e4r ett partnerskap, och vi vill att du ska \u00e4lska slutresultatet!<\/p><hr data-path-to-node=\"8\" \/><h3 data-path-to-node=\"9\">2. Fraktprocess &amp; leverans<\/h3><p data-path-to-node=\"10\">N\u00e4r din unika produkt har genomg\u00e5tt v\u00e5r slutliga kvalitetskontroll b\u00f6rjar den sin resa till dig.<\/p><ul data-path-to-node=\"11\"><li><p data-path-to-node=\"11,0,0\"><b data-path-to-node=\"11,0,0\" data-index-in-node=\"0\">S\u00e4ker f\u00f6rpackning:<\/b> Vi behandlar varje f\u00f6rem\u00e5l som en skatt. Vi anv\u00e4nder flera lager av extra tjock skyddande kudde och anpassad boxning f\u00f6r att s\u00e4kerst\u00e4lla att din minnessak kommer fram s\u00e4kert.<\/p><\/li><li><p data-path-to-node=\"11,1,0\"><b data-path-to-node=\"11,1,0\" data-index-in-node=\"0\">Sp\u00e5ra din best\u00e4llning:<\/b> S\u00e5 snart ditt paket l\u00e4mnar v\u00e5r studio kommer du att f\u00e5 en leveransbekr\u00e4ftelse via e-post som inneh\u00e5ller din <b data-path-to-node=\"11,1,0\" data-index-in-node=\"127\">Sp\u00e5rningsnummer<\/b>. Du kan f\u00f6lja utvecklingen varje steg p\u00e5 v\u00e4gen.<\/p><\/li><\/ul><p data-path-to-node=\"12\"><b data-path-to-node=\"12\" data-index-in-node=\"0\">Ber\u00e4knad leveranstid:<\/b><\/p><ul data-path-to-node=\"13\"><li><p data-path-to-node=\"13,0,0\"><b data-path-to-node=\"13,0,0\" data-index-in-node=\"0\">F\u00f6renta staterna:<\/b> 7-12 arbetsdagar.<\/p><\/li><li><p data-path-to-node=\"13,1,0\"><b data-path-to-node=\"13,1,0\" data-index-in-node=\"0\">Internationell:<\/b> 10-20 arbetsdagar (varierar beroende p\u00e5 destination).<\/p><\/li><\/ul><hr data-path-to-node=\"14\" \/><h3 data-path-to-node=\"15\">3. Tullavgifter och skatter<\/h3><p data-path-to-node=\"16\">F\u00f6r internationella best\u00e4llningar utanf\u00f6r USA, v\u00e4nligen observera att <b data-path-to-node=\"16\" data-index-in-node=\"58\">Petosmos<\/b> ansvarar inte f\u00f6r eventuella tullar, skatter eller importavgifter som kan komma att till\u00e4mpas av din lokala myndighet.<\/p><hr data-path-to-node=\"17\" \/><h3 data-path-to-node=\"18\">4. Retur- och \u00e5terbetalningspolicy (f\u00f6r kundanpassade artiklar)<\/h3><p data-path-to-node=\"19\">P\u00e5 grund av v\u00e5ra produkters mycket personliga karakt\u00e4r har vi <b data-path-to-node=\"19\" data-index-in-node=\"58\">g\u00f6r inte<\/b> acceptera returer eller erbjuda \u00e5terbetalningar f\u00f6r \u201c\u00e4ndrad \u00e5sikt\u201d.\u201d<\/p><ul data-path-to-node=\"20\"><li><p data-path-to-node=\"20,0,0\"><b data-path-to-node=\"20,0,0\" data-index-in-node=\"0\">Skadade f\u00f6rem\u00e5l:<\/b> Om din best\u00e4llning anl\u00e4nder skadad eller med ett tydligt tillverkningsfel, v\u00e4nligen kontakta oss p\u00e5 <b data-path-to-node=\"20,0,0\" data-index-in-node=\"104\">sales@petosmos.com<\/b> inom <b data-path-to-node=\"20,0,0\" data-index-in-node=\"132\">48 timmar<\/b> vid leverans med tydliga foton av problemet. Vi kommer att ordna en ers\u00e4ttning eller reparation \u00e5t dig omedelbart.<\/p><\/li><\/ul>\t\t\t\t\t\t\t\t<\/div>\n\t\t\t\t<\/div>\n\t\t\t\t\t<\/div>\n\t\t\t\t<\/div>\n\t\t\t\t<\/div>","protected":false},"excerpt":{"rendered":"<p>Production &amp; Shipping Policy At Petosmos, we specialize in one-of-a-kind, handcrafted keepsakes. Because each item is customized to your pet&#8217;s [&hellip;]<\/p>\n","protected":false},"author":1,"featured_media":0,"parent":0,"menu_order":0,"comment_status":"closed","ping_status":"closed","template":"elementor_header_footer","meta":{"site-sidebar-layout":"no-sidebar","site-content-layout":"","ast-site-content-layout":"full-width-container","site-content-style":"default","site-sidebar-style":"default","ast-global-header-display":"","ast-banner-title-visibility":"","ast-main-header-display":"","ast-hfb-above-header-display":"","ast-hfb-below-header-display":"","ast-hfb-mobile-header-display":"","site-post-title":"","ast-breadcrumbs-content":"","ast-featured-img":"disabled","footer-sml-layout":"","ast-disable-related-posts":"","theme-transparent-header-meta":"","adv-header-id-meta":"","stick-header-meta":"","header-above-stick-meta":"","header-main-stick-meta":"","header-below-stick-meta":"","astra-migrate-meta-layouts":"default","ast-page-background-enabled":"default","ast-page-background-meta":{"desktop":{"background-color":"var(--ast-global-color-5)","background-image":"","background-repeat":"repeat","background-position":"center center","background-size":"auto","background-attachment":"scroll","background-type":"","background-media":"","overlay-type":"","overlay-color":"","overlay-opacity":"","overlay-gradient":""},"tablet":{"background-color":"","background-image":"","background-repeat":"repeat","background-position":"center center","background-size":"auto","background-attachment":"scroll","background-type":"","background-media":"","overlay-type":"","overlay-color":"","overlay-opacity":"","overlay-gradient":""},"mobile":{"background-color":"","background-image":"","background-repeat":"repeat","background-position":"center center","background-size":"auto","background-attachment":"scroll","background-type":"","background-media":"","overlay-type":"","overlay-color":"","overlay-opacity":"","overlay-gradient":""}},"ast-content-background-meta":{"desktop":{"background-color":"var(--ast-global-color-4)","background-image":"","background-repeat":"repeat","background-position":"center center","background-size":"auto","background-attachment":"scroll","background-type":"","background-media":"","overlay-type":"","overlay-color":"","overlay-opacity":"","overlay-gradient":""},"tablet":{"background-color":"var(--ast-global-color-4)","background-image":"","background-repeat":"repeat","background-position":"center center","background-size":"auto","background-attachment":"scroll","background-type":"","background-media":"","overlay-type":"","overlay-color":"","overlay-opacity":"","overlay-gradient":""},"mobile":{"background-color":"var(--ast-global-color-4)","background-image":"","background-repeat":"repeat","background-position":"center center","background-size":"auto","background-attachment":"scroll","background-type":"","background-media":"","overlay-type":"","overlay-color":"","overlay-opacity":"","overlay-gradient":""}},"footnotes":""},"class_list":["post-524","page","type-page","status-publish","hentry"],"_hostinger_reach_plugin_has_subscription_block":false,"_hostinger_reach_plugin_is_elementor":false,"_links":{"self":[{"href":"https:\/\/petosmos.com\/sv\/wp-json\/wp\/v2\/pages\/524","targetHints":{"allow":["GET"]}}],"collection":[{"href":"https:\/\/petosmos.com\/sv\/wp-json\/wp\/v2\/pages"}],"about":[{"href":"https:\/\/petosmos.com\/sv\/wp-json\/wp\/v2\/types\/page"}],"author":[{"embeddable":true,"href":"https:\/\/petosmos.com\/sv\/wp-json\/wp\/v2\/users\/1"}],"replies":[{"embeddable":true,"href":"https:\/\/petosmos.com\/sv\/wp-json\/wp\/v2\/comments?post=524"}],"version-history":[{"count":10,"href":"https:\/\/petosmos.com\/sv\/wp-json\/wp\/v2\/pages\/524\/revisions"}],"predecessor-version":[{"id":538,"href":"https:\/\/petosmos.com\/sv\/wp-json\/wp\/v2\/pages\/524\/revisions\/538"}],"wp:attachment":[{"href":"https:\/\/petosmos.com\/sv\/wp-json\/wp\/v2\/media?parent=524"}],"curies":[{"name":"wp","href":"https:\/\/api.w.org\/{rel}","templated":true}]}}