{"id":323,"date":"2026-03-12T07:20:27","date_gmt":"2026-03-12T07:20:27","guid":{"rendered":"https:\/\/petosmos.com\/?page_id=323"},"modified":"2026-03-12T07:51:37","modified_gmt":"2026-03-12T07:51:37","slug":"our-story","status":"publish","type":"page","link":"https:\/\/petosmos.com\/sv\/our-story\/","title":{"rendered":"V\u00e5r ber\u00e4ttelse"},"content":{"rendered":"<div data-elementor-type=\"wp-page\" data-elementor-id=\"323\" class=\"elementor elementor-323\" data-elementor-post-type=\"page\">\n\t\t\t\t<div class=\"elementor-element elementor-element-1df166d7 e-con-full e-flex e-con e-parent\" data-id=\"1df166d7\" data-element_type=\"container\" data-e-type=\"container\">\n\t\t<div class=\"elementor-element elementor-element-69937247 e-con-full e-flex e-con e-child\" data-id=\"69937247\" data-element_type=\"container\" data-e-type=\"container\" data-settings=\"{&quot;background_background&quot;:&quot;classic&quot;}\">\n\t\t<div class=\"elementor-element elementor-element-6c445a4 e-flex e-con-boxed e-con e-child\" data-id=\"6c445a4\" data-element_type=\"container\" data-e-type=\"container\">\n\t\t\t\t\t<div class=\"e-con-inner\">\n\t\t<div class=\"elementor-element elementor-element-1d32c32 e-con-full e-flex e-con e-child\" data-id=\"1d32c32\" data-element_type=\"container\" data-e-type=\"container\">\n\t\t\t\t<div class=\"elementor-element elementor-element-e751de8 elementor-widget elementor-widget-image\" data-id=\"e751de8\" data-element_type=\"widget\" data-e-type=\"widget\" data-widget_type=\"image.default\">\n\t\t\t\t<div class=\"elementor-widget-container\">\n\t\t\t\t\t\t\t\t\t\t\t\t\t\t\t<img fetchpriority=\"high\" decoding=\"async\" width=\"1024\" height=\"631\" src=\"https:\/\/petosmos.com\/wp-content\/uploads\/2026\/03\/Our-story-e1773300266143-1024x631.png\" class=\"attachment-large size-large wp-image-327 wvs-archive-product-image\" alt=\"\" srcset=\"https:\/\/petosmos.com\/wp-content\/uploads\/2026\/03\/Our-story-e1773300266143-1024x631.png 1024w, https:\/\/petosmos.com\/wp-content\/uploads\/2026\/03\/Our-story-e1773300266143-300x185.png 300w, https:\/\/petosmos.com\/wp-content\/uploads\/2026\/03\/Our-story-e1773300266143-768x473.png 768w, https:\/\/petosmos.com\/wp-content\/uploads\/2026\/03\/Our-story-e1773300266143-600x370.png 600w, https:\/\/petosmos.com\/wp-content\/uploads\/2026\/03\/Our-story-e1773300266143.png 1254w\" sizes=\"(max-width: 1024px) 100vw, 1024px\" \/>\t\t\t\t\t\t\t\t\t\t\t\t\t\t\t<\/div>\n\t\t\t\t<\/div>\n\t\t\t\t<\/div>\n\t\t<div class=\"elementor-element elementor-element-ba1855d e-con-full e-flex e-con e-child\" data-id=\"ba1855d\" data-element_type=\"container\" data-e-type=\"container\">\n\t\t\t\t<div class=\"elementor-element elementor-element-6862aed elementor-widget__width-initial elementor-widget-tablet__width-inherit elementor-widget elementor-widget-heading\" data-id=\"6862aed\" data-element_type=\"widget\" data-e-type=\"widget\" data-widget_type=\"heading.default\">\n\t\t\t\t<div class=\"elementor-widget-container\">\n\t\t\t\t\t<h2 class=\"elementor-heading-title elementor-size-default\">D\u00e4r k\u00e4rleken tar evig form.<\/h2>\t\t\t\t<\/div>\n\t\t\t\t<\/div>\n\t\t\t\t<div class=\"elementor-element elementor-element-4f7ee73 elementor-widget elementor-widget-text-editor\" data-id=\"4f7ee73\" data-element_type=\"widget\" data-e-type=\"widget\" data-widget_type=\"text-editor.default\">\n\t\t\t\t<div class=\"elementor-widget-container\">\n\t\t\t\t\t\t\t\t\t<p>Vi g\u00f6r mer \u00e4n att tillverka figuriner; vi f\u00e5ngar sj\u00e4len hos din \u00e4lskade f\u00f6ljeslagare.<\/p>\t\t\t\t\t\t\t\t<\/div>\n\t\t\t\t<\/div>\n\t\t\t\t<\/div>\n\t\t\t\t\t<\/div>\n\t\t\t\t<\/div>\n\t\t\t\t<\/div>\n\t\t<div class=\"elementor-element elementor-element-0496ccd e-con-full e-flex e-con e-child\" data-id=\"0496ccd\" data-element_type=\"container\" data-e-type=\"container\" data-settings=\"{&quot;background_background&quot;:&quot;classic&quot;}\">\n\t\t<div class=\"elementor-element elementor-element-b77aade e-flex e-con-boxed e-con e-child\" data-id=\"b77aade\" data-element_type=\"container\" data-e-type=\"container\">\n\t\t\t\t\t<div class=\"e-con-inner\">\n\t\t<div class=\"elementor-element elementor-element-c0876b5 e-con-full e-flex e-con e-child\" data-id=\"c0876b5\" data-element_type=\"container\" data-e-type=\"container\">\n\t\t\t\t<div class=\"elementor-element elementor-element-008c2ec elementor-widget__width-initial elementor-widget-tablet__width-inherit elementor-widget elementor-widget-heading\" data-id=\"008c2ec\" data-element_type=\"widget\" data-e-type=\"widget\" data-widget_type=\"heading.default\">\n\t\t\t\t<div class=\"elementor-widget-container\">\n\t\t\t\t\t<h2 class=\"elementor-heading-title elementor-size-default\">V\u00e5r ber\u00e4ttelse: D\u00e4r ditt husdjurs universum lever vidare\n<\/h2>\t\t\t\t<\/div>\n\t\t\t\t<\/div>\n\t\t\t\t<div class=\"elementor-element elementor-element-57333bd elementor-widget elementor-widget-text-editor\" data-id=\"57333bd\" data-element_type=\"widget\" data-e-type=\"widget\" data-widget_type=\"text-editor.default\">\n\t\t\t\t<div class=\"elementor-widget-container\">\n\t\t\t\t\t\t\t\t\t<div class=\"qk-md-paragraph\"><span class=\"qk-md-text complete\">V\u00e4lkommen till\u00a0<\/span><strong class=\"qk-md-strong complete\"><span class=\"qk-md-text complete\">Petosmos<\/span><\/strong><span class=\"qk-md-text complete\">.<\/span><\/div><div class=\"qk-md-paragraph\"><span class=\"qk-md-text complete\">F\u00f6r omv\u00e4rlden \u00e4r de kanske bara husdjur. Men f\u00f6r oss \u00e4r de de tysta v\u00e4ktarna av v\u00e5ra hemligheter, den varma vikten i v\u00e5ra kn\u00e4n och det bultande hj\u00e4rtat i v\u00e5rt hem. De \u00e4r inte \u201cdjur\u201d; de \u00e4r sj\u00e4lsfr\u00e4nder som l\u00e4mnar ett outpl\u00e5nligt m\u00e4rke i v\u00e5ra sj\u00e4lar - ett m\u00e4rke som tiden f\u00f6rs\u00f6ker bleka, men minnet v\u00e4grar att sl\u00e4ppa taget.<\/span><\/div><div class=\"qk-md-paragraph\"><strong class=\"qk-md-strong complete\"><span class=\"qk-md-text complete\">Petosmos<\/span><\/strong><span class=\"qk-md-text complete\">\u00a0f\u00f6ddes ur en enda, djupg\u00e5ende insikt:\u00a0<\/span><strong class=\"qk-md-strong complete\"><span class=\"qk-md-text complete\">Foton f\u00e5ngar ett \u00f6gonblick, men skulpturer f\u00e5ngar en n\u00e4rvaro.<\/span><\/strong><\/div><div class=\"qk-md-paragraph\"><span class=\"qk-md-text complete\">Vi grundades 2022 med ett uppdrag att \u00f6verbrygga klyftan mellan flyktiga bilder och evig k\u00e4rlek. Vi m\u00e4rkte att medan ett foto h\u00e5ller ett minne s\u00e4kert i ett album, tar en anpassad figurin det minnet tillbaka in i rummet. Det g\u00f6r att du kan str\u00e4cka ut, r\u00f6ra vid och h\u00e5lla k\u00e4rnan i din b\u00e4sta v\u00e4n igen.<\/span><\/div><div class=\"qk-md-paragraph\"><span class=\"qk-md-text complete\">Varje f\u00f6rem\u00e5l vi tillverkar \u00e4r mer \u00e4n lera eller harts; det \u00e4r en p\u00e5taglig del av ditt personliga kosmos. Oavsett om din f\u00f6ljeslagare h\u00e4lsar p\u00e5 dig vid d\u00f6rren idag eller springer fritt i dina minnen, \u00e4r vi h\u00e4r f\u00f6r att skulptera deras ande till n\u00e5got du kan h\u00e5lla f\u00f6r alltid.<\/span><\/div><div class=\"qk-md-paragraph\" data-spm-anchor-id=\"5176.28103460.0.i48.4f0e7551XDlBQK\"><span class=\"qk-md-text complete\">P\u00e5 Petosmos g\u00f6r vi inte bara figuriner.\u00a0<\/span><strong class=\"qk-md-strong complete\"><span class=\"qk-md-text complete\">Vi bevarar det universum som du delade.<\/span><\/strong><\/div>\t\t\t\t\t\t\t\t<\/div>\n\t\t\t\t<\/div>\n\t\t\t\t<\/div>\n\t\t\t\t\t<\/div>\n\t\t\t\t<\/div>\n\t\t\t\t<\/div>\n\t\t<div class=\"elementor-element elementor-element-08bce49 e-con-full e-flex e-con e-child\" data-id=\"08bce49\" data-element_type=\"container\" data-e-type=\"container\" data-settings=\"{&quot;background_background&quot;:&quot;classic&quot;}\">\n\t\t<div class=\"elementor-element elementor-element-5fb81d5 e-flex e-con-boxed e-con e-child\" data-id=\"5fb81d5\" data-element_type=\"container\" data-e-type=\"container\">\n\t\t\t\t\t<div class=\"e-con-inner\">\n\t\t<div class=\"elementor-element elementor-element-0e11350 e-con-full e-flex e-con e-child\" data-id=\"0e11350\" data-element_type=\"container\" data-e-type=\"container\">\n\t\t\t\t<div class=\"elementor-element elementor-element-156f7f3 elementor-widget__width-initial elementor-widget-tablet__width-inherit elementor-widget elementor-widget-heading\" data-id=\"156f7f3\" data-element_type=\"widget\" data-e-type=\"widget\" data-widget_type=\"heading.default\">\n\t\t\t\t<div class=\"elementor-widget-container\">\n\t\t\t\t\t<h2 class=\"elementor-heading-title elementor-size-default\">Konsten att skapa: D\u00e4r precision m\u00f6ter sj\u00e4l\n<\/h2>\t\t\t\t<\/div>\n\t\t\t\t<\/div>\n\t\t\t\t<div class=\"elementor-element elementor-element-4775878 elementor-widget elementor-widget-text-editor\" data-id=\"4775878\" data-element_type=\"widget\" data-e-type=\"widget\" data-widget_type=\"text-editor.default\">\n\t\t\t\t<div class=\"elementor-widget-container\">\n\t\t\t\t\t\t\t\t\t<div class=\"qk-md-paragraph\"><div class=\"qk-md-paragraph\"><span class=\"qk-md-text complete\">Vid\u00a0<\/span><strong class=\"qk-md-strong complete\"><span class=\"qk-md-text complete\">Petosmos<\/span><\/strong><span class=\"qk-md-text complete\">, Vi tror att det kr\u00e4vs mer \u00e4n bara avancerad teknik f\u00f6r att f\u00e5nga essensen av din \u00e4lskade f\u00f6ljeslagare - det kr\u00e4vs en konstn\u00e4rs \u00f6ga och en skapares hj\u00e4rta.<\/span><\/div><div class=\"qk-md-paragraph\"><span class=\"qk-md-text complete\">V\u00e5r process \u00e4r en harmonisk dans mellan\u00a0<\/span><strong class=\"qk-md-strong complete\"><span class=\"qk-md-text complete\">digital precision och m\u00e4nsklig intuition<\/span><\/strong><span class=\"qk-md-text complete\">.<\/span><\/div><div class=\"qk-md-paragraph\"><span class=\"qk-md-text complete\">Det b\u00f6rjar med v\u00e5ra m\u00e4sterskulpt\u00f6rer, som inte bara tittar p\u00e5 dina foton; de\u00a0<\/span><em class=\"qk-md-em\"><span class=\"qk-md-text complete\">studie<\/span><\/em><span class=\"qk-md-text complete\">\u00a0dem. De analyserar den unika lutningen p\u00e5 ett \u00f6ra, den specifika gnistan i \u00f6gonen och den subtila h\u00e5llningen som g\u00f6r ditt husdjur till en omissk\u00e4nnlig\u00a0<\/span><em class=\"qk-md-em\"><span class=\"qk-md-text complete\">dem<\/span><\/em><span class=\"qk-md-text complete\">. Med hj\u00e4lp av digital modellering med h\u00f6g precision bygger vi den perfekta grunden och ser till att varje kurva och kontur \u00e4r anatomiskt exakt. Men h\u00e4r slutar tekniken inte att automatisera, den s\u00e4tter bara scenen.<\/span><\/div><div class=\"qk-md-paragraph\"><strong class=\"qk-md-strong complete\"><span class=\"qk-md-text complete\">Det \u00e4r h\u00e4r som den m\u00e4nskliga kontakten tar \u00f6ver.<\/span><\/strong><\/div><div class=\"qk-md-paragraph\"><span class=\"qk-md-text complete\">N\u00e4r formen \u00e4r gjuten hamnar den i h\u00e4nderna p\u00e5 v\u00e5ra professionella kolorister. Det finns inga l\u00f6pande band h\u00e4r. Varje figurin \u00e4r\u00a0<\/span><strong class=\"qk-md-strong complete\"><span class=\"qk-md-text complete\">handpolerad, handm\u00e5lad och omsorgsfullt bearbetad<\/span><\/strong><span class=\"qk-md-text complete\">. Vi l\u00e4gger premiumf\u00e4rger i lager f\u00f6r att efterlikna p\u00e4lsens mjukhet, djupet i markeringarna och v\u00e4rmen i sj\u00e4lva livet.<\/span><\/div><div class=\"qk-md-paragraph\" data-spm-anchor-id=\"5176.28103460.0.i53.4f0e7551XDlBQK\"><span class=\"qk-md-text complete\">Vi replikerar inte bara en bild, vi \u00e5teruppv\u00e4cker en sj\u00e4l. P\u00e5 Petosmos \u00e4r varje penseldrag en hyllning till det band ni delar och f\u00f6rvandlar en digital fil till en p\u00e5taglig del av ditt personliga universum.<\/span><\/div><\/div>\t\t\t\t\t\t\t\t<\/div>\n\t\t\t\t<\/div>\n\t\t\t\t<\/div>\n\t\t\t\t\t<\/div>\n\t\t\t\t<\/div>\n\t\t\t\t<\/div>\n\t\t<div class=\"elementor-element elementor-element-1b38aa4 e-con-full e-flex e-con e-child\" data-id=\"1b38aa4\" data-element_type=\"container\" data-e-type=\"container\" data-settings=\"{&quot;background_background&quot;:&quot;classic&quot;}\">\n\t\t<div class=\"elementor-element elementor-element-d1f2539 e-flex e-con-boxed e-con e-child\" data-id=\"d1f2539\" data-element_type=\"container\" data-e-type=\"container\" data-settings=\"{&quot;background_background&quot;:&quot;classic&quot;}\">\n\t\t\t\t\t<div class=\"e-con-inner\">\n\t\t<div class=\"elementor-element elementor-element-dc2cb93 e-con-full e-flex e-con e-child\" data-id=\"dc2cb93\" data-element_type=\"container\" data-e-type=\"container\">\n\t\t\t\t<div class=\"elementor-element elementor-element-da715fa elementor-widget__width-initial elementor-widget-tablet__width-inherit elementor-widget elementor-widget-heading\" data-id=\"da715fa\" data-element_type=\"widget\" data-e-type=\"widget\" data-widget_type=\"heading.default\">\n\t\t\t\t<div class=\"elementor-widget-container\">\n\t\t\t\t\t<h2 class=\"elementor-heading-title elementor-size-default\">V\u00e5rt l\u00f6fte och v\u00e5ra v\u00e4rderingar: Ett f\u00f6rbund av k\u00e4rlek\nMer \u00e4n en g\u00e5va. En helande resa.<\/h2>\t\t\t\t<\/div>\n\t\t\t\t<\/div>\n\t\t\t\t<div class=\"elementor-element elementor-element-850ed91 elementor-widget elementor-widget-text-editor\" data-id=\"850ed91\" data-element_type=\"widget\" data-e-type=\"widget\" data-widget_type=\"text-editor.default\">\n\t\t\t\t<div class=\"elementor-widget-container\">\n\t\t\t\t\t\t\t\t\t<div class=\"qk-md-paragraph\"><div class=\"qk-md-paragraph\"><div class=\"qk-md-paragraph\"><span class=\"qk-md-text complete\">Vid\u00a0<\/span><strong class=\"qk-md-strong complete\"><span class=\"qk-md-text complete\">Petosmos<\/span><\/strong><span class=\"qk-md-text complete\">, har vi l\u00e4rt oss att v\u00e5rt verkliga hantverk inte bara \u00e4r att skulptera figurer, utan att underl\u00e4tta\u00a0<\/span><strong class=\"qk-md-strong complete\"><span class=\"qk-md-text complete\">healing och kontakt<\/span><\/strong><span class=\"qk-md-text complete\">. Det \u00e4r en stor \u00e4ra f\u00f6r oss att f\u00e5 g\u00e5 bredvid dig - oavsett om du g\u00e5r igenom sorgens tysta djup, firar en gl\u00e4djande milstolpe eller helt enkelt v\u00e5rdar ett minne som v\u00e4grar att blekna.<\/span><\/div><div class=\"qk-md-paragraph\"><strong class=\"qk-md-strong complete\"><span class=\"qk-md-text complete\">Vi \u00e4r med dig, varje steg p\u00e5 v\u00e4gen.<\/span><\/strong><br \/><span class=\"qk-md-text complete\">Fr\u00e5n det \u00f6gonblick d\u00e5 du delar ditt husdjurs historia med oss till det \u00f6gonblick d\u00e5 dess avbild anl\u00e4nder i dina h\u00e4nder \u00e4r du aldrig ensam i den h\u00e4r processen. Vi tror att verklig anpassning kr\u00e4ver mer \u00e4n bara instruktioner; det kr\u00e4ver\u00a0<\/span><strong class=\"qk-md-strong complete\"><span class=\"qk-md-text complete\">samtal<\/span><\/strong><span class=\"qk-md-text complete\">. V\u00e5rt team uppr\u00e4tth\u00e5ller en n\u00e4ra och medk\u00e4nnande kommunikation f\u00f6r att s\u00e4kerst\u00e4lla att varje detalj i din vision f\u00e5ngas med precision och omsorg.<\/span><\/div><div class=\"qk-md-paragraph\"><strong class=\"qk-md-strong complete\"><span class=\"qk-md-text complete\">K\u00e4rleken k\u00e4nner inga gr\u00e4nser.<\/span><\/strong><br \/><span class=\"qk-md-text complete\">Med\u00a0<\/span><strong class=\"qk-md-strong complete\"><span class=\"qk-md-text complete\">gratis frakt \u00f6ver hela v\u00e4rlden<\/span><\/strong><span class=\"qk-md-text complete\">, Vi anser att avst\u00e5nd aldrig ska skilja dig fr\u00e5n minnet av din b\u00e4sta v\u00e4n. V\u00e5rt engagemang g\u00e5r l\u00e4ngre \u00e4n att leverera ett paket; vi levererar ett \u00f6gonblick av tr\u00f6st, en gnista av gl\u00e4dje och en p\u00e5taglig del av ert gemensamma universum.<\/span><\/div><div class=\"qk-md-paragraph\" data-spm-anchor-id=\"5176.28103460.0.i58.4f0e7551XDlBQK\"><strong class=\"qk-md-strong complete\"><span class=\"qk-md-text complete\">V\u00e5rt h\u00f6gtidliga l\u00f6fte:<\/span><\/strong><br \/><span class=\"qk-md-text complete\">Vi str\u00e4var efter 100% tillfredsst\u00e4llelse, inte f\u00f6r att det \u00e4r bra aff\u00e4rer, utan f\u00f6r att ditt f\u00f6rtroende \u00e4r heligt. Tack f\u00f6r att du v\u00e4ljer\u00a0<\/span><strong class=\"qk-md-strong complete\"><span class=\"qk-md-text complete\">Petosmos<\/span><\/strong><span class=\"qk-md-text complete\">\u00a0f\u00f6r att ber\u00e4tta er historia. Det \u00e4r v\u00e5rt st\u00f6rsta privilegium att f\u00e5 hj\u00e4lpa er att bevara den k\u00e4rlek ni delar - i en form som ni kan h\u00e5lla i, krama och v\u00e5rda f\u00f6r alltid.<\/span><\/div><\/div><\/div>\t\t\t\t\t\t\t\t<\/div>\n\t\t\t\t<\/div>\n\t\t\t\t<\/div>\n\t\t\t\t\t<\/div>\n\t\t\t\t<\/div>\n\t\t\t\t<\/div>\n\t\t<div class=\"elementor-element elementor-element-eb41501 e-con-full e-flex e-con e-child\" data-id=\"eb41501\" data-element_type=\"container\" data-e-type=\"container\" data-settings=\"{&quot;background_background&quot;:&quot;classic&quot;}\">\n\t\t<div class=\"elementor-element elementor-element-1459196 e-flex e-con-boxed e-con e-child\" data-id=\"1459196\" data-element_type=\"container\" data-e-type=\"container\" data-settings=\"{&quot;background_background&quot;:&quot;classic&quot;}\">\n\t\t\t\t\t<div class=\"e-con-inner\">\n\t\t<div class=\"elementor-element elementor-element-13eb9c2 e-con-full e-flex e-con e-child\" data-id=\"13eb9c2\" data-element_type=\"container\" data-e-type=\"container\">\n\t\t\t\t<div class=\"elementor-element elementor-element-79e8bb4 elementor-widget__width-initial elementor-widget-tablet__width-inherit elementor-widget elementor-widget-heading\" data-id=\"79e8bb4\" data-element_type=\"widget\" data-e-type=\"widget\" data-widget_type=\"heading.default\">\n\t\t\t\t<div class=\"elementor-widget-container\">\n\t\t\t\t\t<h2 class=\"elementor-heading-title elementor-size-default\">D\u00e4r k\u00e4rleken tar levande form\nF\u00f6rvandla ett k\u00e4rt foto till ett tidl\u00f6st m\u00e4sterverk.<\/h2>\t\t\t\t<\/div>\n\t\t\t\t<\/div>\n\t\t\t\t<div class=\"elementor-element elementor-element-f4e8752 elementor-widget elementor-widget-text-editor\" data-id=\"f4e8752\" data-element_type=\"widget\" data-e-type=\"widget\" data-widget_type=\"text-editor.default\">\n\t\t\t\t<div class=\"elementor-widget-container\">\n\t\t\t\t\t\t\t\t\t<div class=\"qk-md-paragraph\"><div class=\"qk-md-paragraph\"><div class=\"qk-md-paragraph\"><div class=\"qk-md-paragraph\"><span class=\"qk-md-text complete\">Vid\u00a0<\/span><strong class=\"qk-md-strong complete\"><span class=\"qk-md-text complete\">Petosmos<\/span><\/strong><span class=\"qk-md-text complete\" data-spm-anchor-id=\"5176.28103460.0.i62.4f0e7551XDlBQK\">, Vi skulpterar inte bara figurer, vi \u00e5teruppv\u00e4cker sj\u00e4lar. V\u00e5ra konstn\u00e4rer designar noggrant, precisionsgjuter och handm\u00e5lar varje detalj f\u00f6r att bl\u00e5sa liv i ditt favoritminne igen.<\/span><\/div><div class=\"qk-md-paragraph\" data-spm-anchor-id=\"5176.28103460.0.i63.4f0e7551XDlBQK\"><em class=\"qk-md-em\"><span class=\"qk-md-text complete\">Fr\u00e5n en platt bild till en 3D-omfamning - h\u00e5ll kvar din b\u00e4sta v\u00e4n f\u00f6r alltid.<\/span><\/em><\/div><\/div><\/div><\/div>\t\t\t\t\t\t\t\t<\/div>\n\t\t\t\t<\/div>\n\t\t\t\t<div class=\"elementor-element elementor-element-db164ff elementor-widget elementor-widget-button\" data-id=\"db164ff\" data-element_type=\"widget\" data-e-type=\"widget\" data-widget_type=\"button.default\">\n\t\t\t\t<div class=\"elementor-widget-container\">\n\t\t\t\t\t\t\t\t\t<div class=\"elementor-button-wrapper\">\n\t\t\t\t\t<a class=\"elementor-button elementor-button-link elementor-size-sm\" href=\"#\">\n\t\t\t\t\t\t<span class=\"elementor-button-content-wrapper\">\n\t\t\t\t\t\t\t\t\t<span class=\"elementor-button-text\">Skapa ditt Petosmos<\/span>\n\t\t\t\t\t<\/span>\n\t\t\t\t\t<\/a>\n\t\t\t\t<\/div>\n\t\t\t\t\t\t\t\t<\/div>\n\t\t\t\t<\/div>\n\t\t\t\t<\/div>\n\t\t\t\t\t<\/div>\n\t\t\t\t<\/div>\n\t\t\t\t<\/div>\n\t\t\t\t<\/div>\n\t\t\t\t<\/div>","protected":false},"excerpt":{"rendered":"<p>Where Love Takes Eternal Form. We do more than craft figurines; we capture the very soul of your beloved companion. [&hellip;]<\/p>\n","protected":false},"author":1,"featured_media":0,"parent":0,"menu_order":0,"comment_status":"closed","ping_status":"closed","template":"elementor_header_footer","meta":{"site-sidebar-layout":"no-sidebar","site-content-layout":"","ast-site-content-layout":"full-width-container","site-content-style":"default","site-sidebar-style":"default","ast-global-header-display":"","ast-banner-title-visibility":"","ast-main-header-display":"","ast-hfb-above-header-display":"","ast-hfb-below-header-display":"","ast-hfb-mobile-header-display":"","site-post-title":"","ast-breadcrumbs-content":"","ast-featured-img":"disabled","footer-sml-layout":"","ast-disable-related-posts":"","theme-transparent-header-meta":"","adv-header-id-meta":"","stick-header-meta":"","header-above-stick-meta":"","header-main-stick-meta":"","header-below-stick-meta":"","astra-migrate-meta-layouts":"default","ast-page-background-enabled":"default","ast-page-background-meta":{"desktop":{"background-color":"var(--ast-global-color-5)","background-image":"","background-repeat":"repeat","background-position":"center center","background-size":"auto","background-attachment":"scroll","background-type":"","background-media":"","overlay-type":"","overlay-color":"","overlay-opacity":"","overlay-gradient":""},"tablet":{"background-color":"","background-image":"","background-repeat":"repeat","background-position":"center center","background-size":"auto","background-attachment":"scroll","background-type":"","background-media":"","overlay-type":"","overlay-color":"","overlay-opacity":"","overlay-gradient":""},"mobile":{"background-color":"","background-image":"","background-repeat":"repeat","background-position":"center center","background-size":"auto","background-attachment":"scroll","background-type":"","background-media":"","overlay-type":"","overlay-color":"","overlay-opacity":"","overlay-gradient":""}},"ast-content-background-meta":{"desktop":{"background-color":"var(--ast-global-color-4)","background-image":"","background-repeat":"repeat","background-position":"center center","background-size":"auto","background-attachment":"scroll","background-type":"","background-media":"","overlay-type":"","overlay-color":"","overlay-opacity":"","overlay-gradient":""},"tablet":{"background-color":"var(--ast-global-color-4)","background-image":"","background-repeat":"repeat","background-position":"center center","background-size":"auto","background-attachment":"scroll","background-type":"","background-media":"","overlay-type":"","overlay-color":"","overlay-opacity":"","overlay-gradient":""},"mobile":{"background-color":"var(--ast-global-color-4)","background-image":"","background-repeat":"repeat","background-position":"center center","background-size":"auto","background-attachment":"scroll","background-type":"","background-media":"","overlay-type":"","overlay-color":"","overlay-opacity":"","overlay-gradient":""}},"footnotes":""},"class_list":["post-323","page","type-page","status-publish","hentry"],"_hostinger_reach_plugin_has_subscription_block":false,"_hostinger_reach_plugin_is_elementor":false,"_links":{"self":[{"href":"https:\/\/petosmos.com\/sv\/wp-json\/wp\/v2\/pages\/323","targetHints":{"allow":["GET"]}}],"collection":[{"href":"https:\/\/petosmos.com\/sv\/wp-json\/wp\/v2\/pages"}],"about":[{"href":"https:\/\/petosmos.com\/sv\/wp-json\/wp\/v2\/types\/page"}],"author":[{"embeddable":true,"href":"https:\/\/petosmos.com\/sv\/wp-json\/wp\/v2\/users\/1"}],"replies":[{"embeddable":true,"href":"https:\/\/petosmos.com\/sv\/wp-json\/wp\/v2\/comments?post=323"}],"version-history":[{"count":21,"href":"https:\/\/petosmos.com\/sv\/wp-json\/wp\/v2\/pages\/323\/revisions"}],"predecessor-version":[{"id":347,"href":"https:\/\/petosmos.com\/sv\/wp-json\/wp\/v2\/pages\/323\/revisions\/347"}],"wp:attachment":[{"href":"https:\/\/petosmos.com\/sv\/wp-json\/wp\/v2\/media?parent=323"}],"curies":[{"name":"wp","href":"https:\/\/api.w.org\/{rel}","templated":true}]}}