{"id":323,"date":"2026-03-12T07:20:27","date_gmt":"2026-03-12T07:20:27","guid":{"rendered":"https:\/\/petosmos.com\/?page_id=323"},"modified":"2026-03-12T07:51:37","modified_gmt":"2026-03-12T07:51:37","slug":"our-story","status":"publish","type":"page","link":"https:\/\/petosmos.com\/it\/our-story\/","title":{"rendered":"La nostra storia"},"content":{"rendered":"<div data-elementor-type=\"wp-page\" data-elementor-id=\"323\" class=\"elementor elementor-323\" data-elementor-post-type=\"page\">\n\t\t\t\t<div class=\"elementor-element elementor-element-1df166d7 e-con-full e-flex e-con e-parent\" data-id=\"1df166d7\" data-element_type=\"container\" data-e-type=\"container\">\n\t\t<div class=\"elementor-element elementor-element-69937247 e-con-full e-flex e-con e-child\" data-id=\"69937247\" data-element_type=\"container\" data-e-type=\"container\" data-settings=\"{&quot;background_background&quot;:&quot;classic&quot;}\">\n\t\t<div class=\"elementor-element elementor-element-6c445a4 e-flex e-con-boxed e-con e-child\" data-id=\"6c445a4\" data-element_type=\"container\" data-e-type=\"container\">\n\t\t\t\t\t<div class=\"e-con-inner\">\n\t\t<div class=\"elementor-element elementor-element-1d32c32 e-con-full e-flex e-con e-child\" data-id=\"1d32c32\" data-element_type=\"container\" data-e-type=\"container\">\n\t\t\t\t<div class=\"elementor-element elementor-element-e751de8 elementor-widget elementor-widget-image\" data-id=\"e751de8\" data-element_type=\"widget\" data-e-type=\"widget\" data-widget_type=\"image.default\">\n\t\t\t\t<div class=\"elementor-widget-container\">\n\t\t\t\t\t\t\t\t\t\t\t\t\t\t\t<img fetchpriority=\"high\" decoding=\"async\" width=\"1024\" height=\"631\" src=\"https:\/\/petosmos.com\/wp-content\/uploads\/2026\/03\/Our-story-e1773300266143-1024x631.png\" class=\"attachment-large size-large wp-image-327 wvs-archive-product-image\" alt=\"\" srcset=\"https:\/\/petosmos.com\/wp-content\/uploads\/2026\/03\/Our-story-e1773300266143-1024x631.png 1024w, https:\/\/petosmos.com\/wp-content\/uploads\/2026\/03\/Our-story-e1773300266143-300x185.png 300w, https:\/\/petosmos.com\/wp-content\/uploads\/2026\/03\/Our-story-e1773300266143-768x473.png 768w, https:\/\/petosmos.com\/wp-content\/uploads\/2026\/03\/Our-story-e1773300266143-600x370.png 600w, https:\/\/petosmos.com\/wp-content\/uploads\/2026\/03\/Our-story-e1773300266143.png 1254w\" sizes=\"(max-width: 1024px) 100vw, 1024px\" \/>\t\t\t\t\t\t\t\t\t\t\t\t\t\t\t<\/div>\n\t\t\t\t<\/div>\n\t\t\t\t<\/div>\n\t\t<div class=\"elementor-element elementor-element-ba1855d e-con-full e-flex e-con e-child\" data-id=\"ba1855d\" data-element_type=\"container\" data-e-type=\"container\">\n\t\t\t\t<div class=\"elementor-element elementor-element-6862aed elementor-widget__width-initial elementor-widget-tablet__width-inherit elementor-widget elementor-widget-heading\" data-id=\"6862aed\" data-element_type=\"widget\" data-e-type=\"widget\" data-widget_type=\"heading.default\">\n\t\t\t\t<div class=\"elementor-widget-container\">\n\t\t\t\t\t<h2 class=\"elementor-heading-title elementor-size-default\">Dove l'amore prende forma eterna.<\/h2>\t\t\t\t<\/div>\n\t\t\t\t<\/div>\n\t\t\t\t<div class=\"elementor-element elementor-element-4f7ee73 elementor-widget elementor-widget-text-editor\" data-id=\"4f7ee73\" data-element_type=\"widget\" data-e-type=\"widget\" data-widget_type=\"text-editor.default\">\n\t\t\t\t<div class=\"elementor-widget-container\">\n\t\t\t\t\t\t\t\t\t<p>Non ci limitiamo a creare statuette, ma catturiamo l'anima del vostro amato compagno.<\/p>\t\t\t\t\t\t\t\t<\/div>\n\t\t\t\t<\/div>\n\t\t\t\t<\/div>\n\t\t\t\t\t<\/div>\n\t\t\t\t<\/div>\n\t\t\t\t<\/div>\n\t\t<div class=\"elementor-element elementor-element-0496ccd e-con-full e-flex e-con e-child\" data-id=\"0496ccd\" data-element_type=\"container\" data-e-type=\"container\" data-settings=\"{&quot;background_background&quot;:&quot;classic&quot;}\">\n\t\t<div class=\"elementor-element elementor-element-b77aade e-flex e-con-boxed e-con e-child\" data-id=\"b77aade\" data-element_type=\"container\" data-e-type=\"container\">\n\t\t\t\t\t<div class=\"e-con-inner\">\n\t\t<div class=\"elementor-element elementor-element-c0876b5 e-con-full e-flex e-con e-child\" data-id=\"c0876b5\" data-element_type=\"container\" data-e-type=\"container\">\n\t\t\t\t<div class=\"elementor-element elementor-element-008c2ec elementor-widget__width-initial elementor-widget-tablet__width-inherit elementor-widget elementor-widget-heading\" data-id=\"008c2ec\" data-element_type=\"widget\" data-e-type=\"widget\" data-widget_type=\"heading.default\">\n\t\t\t\t<div class=\"elementor-widget-container\">\n\t\t\t\t\t<h2 class=\"elementor-heading-title elementor-size-default\">La nostra storia: Dove vive l'universo del vostro animale domestico\n<\/h2>\t\t\t\t<\/div>\n\t\t\t\t<\/div>\n\t\t\t\t<div class=\"elementor-element elementor-element-57333bd elementor-widget elementor-widget-text-editor\" data-id=\"57333bd\" data-element_type=\"widget\" data-e-type=\"widget\" data-widget_type=\"text-editor.default\">\n\t\t\t\t<div class=\"elementor-widget-container\">\n\t\t\t\t\t\t\t\t\t<div class=\"qk-md-paragraph\"><span class=\"qk-md-text complete\">Benvenuti a\u00a0<\/span><strong class=\"qk-md-strong complete\"><span class=\"qk-md-text complete\">Petosmos<\/span><\/strong><span class=\"qk-md-text complete\">.<\/span><\/div><div class=\"qk-md-paragraph\"><span class=\"qk-md-text complete\">Per il mondo, potrebbero essere solo animali domestici. Ma per noi sono i silenziosi custodi dei nostri segreti, il peso caldo sulle nostre ginocchia e il cuore pulsante della nostra casa. Non sono \u201canimali\u201d; sono anime gemelle che lasciano un segno indelebile nella nostra anima, un segno che il tempo cerca di sbiadire, ma che la memoria si rifiuta di lasciare andare.<\/span><\/div><div class=\"qk-md-paragraph\"><strong class=\"qk-md-strong complete\"><span class=\"qk-md-text complete\">Petosmos<\/span><\/strong><span class=\"qk-md-text complete\">\u00a0\u00e8 nata da un'unica, profonda consapevolezza:\u00a0<\/span><strong class=\"qk-md-strong complete\"><span class=\"qk-md-text complete\">Le foto catturano un momento, ma la scultura cattura una presenza.<\/span><\/strong><\/div><div class=\"qk-md-paragraph\"><span class=\"qk-md-text complete\">Fondata nel 2022, la nostra missione \u00e8 stata quella di colmare il divario tra immagini fugaci e amore eterno. Abbiamo notato che mentre una foto tiene al sicuro un ricordo in un album, una statuetta personalizzata riporta quel ricordo nella stanza. Permette di raggiungere, toccare e trattenere ancora una volta l'essenza del vostro migliore amico.<\/span><\/div><div class=\"qk-md-paragraph\"><span class=\"qk-md-text complete\">Ogni pezzo che realizziamo \u00e8 pi\u00f9 che argilla o resina: \u00e8 un pezzo tangibile del vostro cosmo personale. Che il vostro compagno vi saluti oggi alla porta o che corra libero nei vostri ricordi, siamo qui per scolpire il suo spirito in qualcosa che potrete conservare per sempre.<\/span><\/div><div class=\"qk-md-paragraph\" data-spm-anchor-id=\"5176.28103460.0.i48.4f0e7551XDlBQK\"><span class=\"qk-md-text complete\">Noi di Petosmos non produciamo solo statuette.\u00a0<\/span><strong class=\"qk-md-strong complete\"><span class=\"qk-md-text complete\">Conserviamo l'universo che avete condiviso.<\/span><\/strong><\/div>\t\t\t\t\t\t\t\t<\/div>\n\t\t\t\t<\/div>\n\t\t\t\t<\/div>\n\t\t\t\t\t<\/div>\n\t\t\t\t<\/div>\n\t\t\t\t<\/div>\n\t\t<div class=\"elementor-element elementor-element-08bce49 e-con-full e-flex e-con e-child\" data-id=\"08bce49\" data-element_type=\"container\" data-e-type=\"container\" data-settings=\"{&quot;background_background&quot;:&quot;classic&quot;}\">\n\t\t<div class=\"elementor-element elementor-element-5fb81d5 e-flex e-con-boxed e-con e-child\" data-id=\"5fb81d5\" data-element_type=\"container\" data-e-type=\"container\">\n\t\t\t\t\t<div class=\"e-con-inner\">\n\t\t<div class=\"elementor-element elementor-element-0e11350 e-con-full e-flex e-con e-child\" data-id=\"0e11350\" data-element_type=\"container\" data-e-type=\"container\">\n\t\t\t\t<div class=\"elementor-element elementor-element-156f7f3 elementor-widget__width-initial elementor-widget-tablet__width-inherit elementor-widget elementor-widget-heading\" data-id=\"156f7f3\" data-element_type=\"widget\" data-e-type=\"widget\" data-widget_type=\"heading.default\">\n\t\t\t\t<div class=\"elementor-widget-container\">\n\t\t\t\t\t<h2 class=\"elementor-heading-title elementor-size-default\">L'arte della creazione: Dove la precisione incontra l'anima\n<\/h2>\t\t\t\t<\/div>\n\t\t\t\t<\/div>\n\t\t\t\t<div class=\"elementor-element elementor-element-4775878 elementor-widget elementor-widget-text-editor\" data-id=\"4775878\" data-element_type=\"widget\" data-e-type=\"widget\" data-widget_type=\"text-editor.default\">\n\t\t\t\t<div class=\"elementor-widget-container\">\n\t\t\t\t\t\t\t\t\t<div class=\"qk-md-paragraph\"><div class=\"qk-md-paragraph\"><span class=\"qk-md-text complete\">A\u00a0<\/span><strong class=\"qk-md-strong complete\"><span class=\"qk-md-text complete\">Petosmos<\/span><\/strong><span class=\"qk-md-text complete\">, Crediamo che catturare l'essenza del vostro amato compagno richieda pi\u00f9 di una tecnologia avanzata: richiede l'occhio di un artista e il cuore di un creatore.<\/span><\/div><div class=\"qk-md-paragraph\"><span class=\"qk-md-text complete\">Il nostro processo \u00e8 una danza armoniosa tra\u00a0<\/span><strong class=\"qk-md-strong complete\"><span class=\"qk-md-text complete\">precisione digitale e intuizione umana<\/span><\/strong><span class=\"qk-md-text complete\">.<\/span><\/div><div class=\"qk-md-paragraph\"><span class=\"qk-md-text complete\">Il tutto inizia con i nostri maestri scultori, che non si limitano a guardare le vostre foto, ma le\u00a0<\/span><em class=\"qk-md-em\"><span class=\"qk-md-text complete\">studio<\/span><\/em><span class=\"qk-md-text complete\">\u00a0loro. Analizzano l'inclinazione unica di un orecchio, la scintilla specifica negli occhi e la postura sottile che rende il vostro animale domestico inconfondibile.\u00a0<\/span><em class=\"qk-md-em\"><span class=\"qk-md-text complete\">loro<\/span><\/em><span class=\"qk-md-text complete\">. Grazie alla modellazione digitale ad alta precisione, costruiamo la base perfetta, assicurando che ogni curva e contorno sia anatomicamente esatto. Ma in questo caso la tecnologia si ferma all'automazione, limitandosi a preparare il terreno.<\/span><\/div><div class=\"qk-md-paragraph\"><strong class=\"qk-md-strong complete\"><span class=\"qk-md-text complete\">\u00c8 qui che subentra il tocco umano.<\/span><\/strong><\/div><div class=\"qk-md-paragraph\"><span class=\"qk-md-text complete\">Una volta fusa, la forma passa nelle mani dei nostri coloristi professionisti. Qui non ci sono catene di montaggio. Ogni statuetta \u00e8\u00a0<\/span><strong class=\"qk-md-strong complete\"><span class=\"qk-md-text complete\">lucidati a mano, dipinti a mano e rifiniti con amore<\/span><\/strong><span class=\"qk-md-text complete\">. Stratifichiamo le vernici premium per imitare la morbidezza della pelliccia, la profondit\u00e0 dei segni e il calore della vita stessa.<\/span><\/div><div class=\"qk-md-paragraph\" data-spm-anchor-id=\"5176.28103460.0.i53.4f0e7551XDlBQK\"><span class=\"qk-md-text complete\">Non ci limitiamo a replicare un'immagine, ma facciamo risorgere uno spirito. In Petosmos, ogni pennellata \u00e8 un tributo al legame che condividete, trasformando un file digitale in un pezzo tangibile del vostro universo personale.<\/span><\/div><\/div>\t\t\t\t\t\t\t\t<\/div>\n\t\t\t\t<\/div>\n\t\t\t\t<\/div>\n\t\t\t\t\t<\/div>\n\t\t\t\t<\/div>\n\t\t\t\t<\/div>\n\t\t<div class=\"elementor-element elementor-element-1b38aa4 e-con-full e-flex e-con e-child\" data-id=\"1b38aa4\" data-element_type=\"container\" data-e-type=\"container\" data-settings=\"{&quot;background_background&quot;:&quot;classic&quot;}\">\n\t\t<div class=\"elementor-element elementor-element-d1f2539 e-flex e-con-boxed e-con e-child\" data-id=\"d1f2539\" data-element_type=\"container\" data-e-type=\"container\" data-settings=\"{&quot;background_background&quot;:&quot;classic&quot;}\">\n\t\t\t\t\t<div class=\"e-con-inner\">\n\t\t<div class=\"elementor-element elementor-element-dc2cb93 e-con-full e-flex e-con e-child\" data-id=\"dc2cb93\" data-element_type=\"container\" data-e-type=\"container\">\n\t\t\t\t<div class=\"elementor-element elementor-element-da715fa elementor-widget__width-initial elementor-widget-tablet__width-inherit elementor-widget elementor-widget-heading\" data-id=\"da715fa\" data-element_type=\"widget\" data-e-type=\"widget\" data-widget_type=\"heading.default\">\n\t\t\t\t<div class=\"elementor-widget-container\">\n\t\t\t\t\t<h2 class=\"elementor-heading-title elementor-size-default\">La nostra promessa e i nostri valori: Un patto d'amore\nPi\u00f9 di un dono. Un viaggio di guarigione.<\/h2>\t\t\t\t<\/div>\n\t\t\t\t<\/div>\n\t\t\t\t<div class=\"elementor-element elementor-element-850ed91 elementor-widget elementor-widget-text-editor\" data-id=\"850ed91\" data-element_type=\"widget\" data-e-type=\"widget\" data-widget_type=\"text-editor.default\">\n\t\t\t\t<div class=\"elementor-widget-container\">\n\t\t\t\t\t\t\t\t\t<div class=\"qk-md-paragraph\"><div class=\"qk-md-paragraph\"><div class=\"qk-md-paragraph\"><span class=\"qk-md-text complete\">A\u00a0<\/span><strong class=\"qk-md-strong complete\"><span class=\"qk-md-text complete\">Petosmos<\/span><\/strong><span class=\"qk-md-text complete\">, abbiamo imparato che il nostro vero mestiere non \u00e8 solo quello di scolpire figure, ma anche di facilitare\u00a0<\/span><strong class=\"qk-md-strong complete\"><span class=\"qk-md-text complete\">guarigione e connessione<\/span><\/strong><span class=\"qk-md-text complete\">. Siamo profondamente onorati di camminare al vostro fianco, sia che stiate attraversando le tranquille profondit\u00e0 del dolore, sia che stiate celebrando un gioioso traguardo, sia che stiate semplicemente conservando un ricordo che si rifiuta di svanire.<\/span><\/div><div class=\"qk-md-paragraph\"><strong class=\"qk-md-strong complete\"><span class=\"qk-md-text complete\">Siamo con voi, ad ogni passo del cammino.<\/span><\/strong><br \/><span class=\"qk-md-text complete\">Dal momento in cui condividete con noi la storia del vostro animale domestico all'istante in cui la sua immagine arriva nelle vostre mani, non siete mai soli in questo processo. Crediamo che la vera personalizzazione richieda pi\u00f9 di semplici istruzioni; richiede\u00a0<\/span><strong class=\"qk-md-strong complete\"><span class=\"qk-md-text complete\">conversazione<\/span><\/strong><span class=\"qk-md-text complete\">. Il nostro team mantiene una comunicazione stretta e compassionevole per garantire che ogni dettaglio della vostra visione sia catturato con precisione e cura.<\/span><\/div><div class=\"qk-md-paragraph\"><strong class=\"qk-md-strong complete\"><span class=\"qk-md-text complete\">L'amore non conosce confini.<\/span><\/strong><br \/><span class=\"qk-md-text complete\">Con\u00a0<\/span><strong class=\"qk-md-strong complete\"><span class=\"qk-md-text complete\">spedizione gratuita in tutto il mondo<\/span><\/strong><span class=\"qk-md-text complete\">, Crediamo che la distanza non debba mai separarvi dal ricordo del vostro migliore amico. Il nostro impegno va oltre la consegna di un pacco; consegniamo un momento di conforto, una scintilla di gioia e un pezzo tangibile del vostro universo condiviso.<\/span><\/div><div class=\"qk-md-paragraph\" data-spm-anchor-id=\"5176.28103460.0.i58.4f0e7551XDlBQK\"><strong class=\"qk-md-strong complete\"><span class=\"qk-md-text complete\">La nostra promessa solenne:<\/span><\/strong><br \/><span class=\"qk-md-text complete\">Ci impegniamo per la soddisfazione di 100%, non perch\u00e9 sia un buon affare, ma perch\u00e9 la vostra fiducia \u00e8 sacra. Grazie per aver scelto\u00a0<\/span><strong class=\"qk-md-strong complete\"><span class=\"qk-md-text complete\">Petosmos<\/span><\/strong><span class=\"qk-md-text complete\">\u00a0per raccontare la vostra storia. \u00c8 nostro grande privilegio aiutarvi a preservare l'amore che condividete, in una forma che potrete tenere, abbracciare e conservare per sempre.<\/span><\/div><\/div><\/div>\t\t\t\t\t\t\t\t<\/div>\n\t\t\t\t<\/div>\n\t\t\t\t<\/div>\n\t\t\t\t\t<\/div>\n\t\t\t\t<\/div>\n\t\t\t\t<\/div>\n\t\t<div class=\"elementor-element elementor-element-eb41501 e-con-full e-flex e-con e-child\" data-id=\"eb41501\" data-element_type=\"container\" data-e-type=\"container\" data-settings=\"{&quot;background_background&quot;:&quot;classic&quot;}\">\n\t\t<div class=\"elementor-element elementor-element-1459196 e-flex e-con-boxed e-con e-child\" data-id=\"1459196\" data-element_type=\"container\" data-e-type=\"container\" data-settings=\"{&quot;background_background&quot;:&quot;classic&quot;}\">\n\t\t\t\t\t<div class=\"e-con-inner\">\n\t\t<div class=\"elementor-element elementor-element-13eb9c2 e-con-full e-flex e-con e-child\" data-id=\"13eb9c2\" data-element_type=\"container\" data-e-type=\"container\">\n\t\t\t\t<div class=\"elementor-element elementor-element-79e8bb4 elementor-widget__width-initial elementor-widget-tablet__width-inherit elementor-widget elementor-widget-heading\" data-id=\"79e8bb4\" data-element_type=\"widget\" data-e-type=\"widget\" data-widget_type=\"heading.default\">\n\t\t\t\t<div class=\"elementor-widget-container\">\n\t\t\t\t\t<h2 class=\"elementor-heading-title elementor-size-default\">Dove l'amore prende forma\nTrasformate una foto cara in un capolavoro senza tempo.<\/h2>\t\t\t\t<\/div>\n\t\t\t\t<\/div>\n\t\t\t\t<div class=\"elementor-element elementor-element-f4e8752 elementor-widget elementor-widget-text-editor\" data-id=\"f4e8752\" data-element_type=\"widget\" data-e-type=\"widget\" data-widget_type=\"text-editor.default\">\n\t\t\t\t<div class=\"elementor-widget-container\">\n\t\t\t\t\t\t\t\t\t<div class=\"qk-md-paragraph\"><div class=\"qk-md-paragraph\"><div class=\"qk-md-paragraph\"><div class=\"qk-md-paragraph\"><span class=\"qk-md-text complete\">A\u00a0<\/span><strong class=\"qk-md-strong complete\"><span class=\"qk-md-text complete\">Petosmos<\/span><\/strong><span class=\"qk-md-text complete\" data-spm-anchor-id=\"5176.28103460.0.i62.4f0e7551XDlBQK\">, Non ci limitiamo a scolpire figure, ma facciamo risorgere gli spiriti. I nostri artisti progettano meticolosamente, modellano con precisione e dipingono a mano ogni dettaglio per ridare vita ai vostri ricordi preferiti.<\/span><\/div><div class=\"qk-md-paragraph\" data-spm-anchor-id=\"5176.28103460.0.i63.4f0e7551XDlBQK\"><em class=\"qk-md-em\"><span class=\"qk-md-text complete\">Da un'immagine piatta a un abbraccio in 3D: abbracciate il vostro migliore amico per sempre.<\/span><\/em><\/div><\/div><\/div><\/div>\t\t\t\t\t\t\t\t<\/div>\n\t\t\t\t<\/div>\n\t\t\t\t<div class=\"elementor-element elementor-element-db164ff elementor-widget elementor-widget-button\" data-id=\"db164ff\" data-element_type=\"widget\" data-e-type=\"widget\" data-widget_type=\"button.default\">\n\t\t\t\t<div class=\"elementor-widget-container\">\n\t\t\t\t\t\t\t\t\t<div class=\"elementor-button-wrapper\">\n\t\t\t\t\t<a class=\"elementor-button elementor-button-link elementor-size-sm\" href=\"#\">\n\t\t\t\t\t\t<span class=\"elementor-button-content-wrapper\">\n\t\t\t\t\t\t\t\t\t<span class=\"elementor-button-text\">Create il vostro Petosmos<\/span>\n\t\t\t\t\t<\/span>\n\t\t\t\t\t<\/a>\n\t\t\t\t<\/div>\n\t\t\t\t\t\t\t\t<\/div>\n\t\t\t\t<\/div>\n\t\t\t\t<\/div>\n\t\t\t\t\t<\/div>\n\t\t\t\t<\/div>\n\t\t\t\t<\/div>\n\t\t\t\t<\/div>\n\t\t\t\t<\/div>","protected":false},"excerpt":{"rendered":"<p>Where Love Takes Eternal Form. We do more than craft figurines; we capture the very soul of your beloved companion. [&hellip;]<\/p>\n","protected":false},"author":1,"featured_media":0,"parent":0,"menu_order":0,"comment_status":"closed","ping_status":"closed","template":"elementor_header_footer","meta":{"site-sidebar-layout":"no-sidebar","site-content-layout":"","ast-site-content-layout":"full-width-container","site-content-style":"default","site-sidebar-style":"default","ast-global-header-display":"","ast-banner-title-visibility":"","ast-main-header-display":"","ast-hfb-above-header-display":"","ast-hfb-below-header-display":"","ast-hfb-mobile-header-display":"","site-post-title":"","ast-breadcrumbs-content":"","ast-featured-img":"disabled","footer-sml-layout":"","ast-disable-related-posts":"","theme-transparent-header-meta":"","adv-header-id-meta":"","stick-header-meta":"","header-above-stick-meta":"","header-main-stick-meta":"","header-below-stick-meta":"","astra-migrate-meta-layouts":"default","ast-page-background-enabled":"default","ast-page-background-meta":{"desktop":{"background-color":"var(--ast-global-color-5)","background-image":"","background-repeat":"repeat","background-position":"center center","background-size":"auto","background-attachment":"scroll","background-type":"","background-media":"","overlay-type":"","overlay-color":"","overlay-opacity":"","overlay-gradient":""},"tablet":{"background-color":"","background-image":"","background-repeat":"repeat","background-position":"center center","background-size":"auto","background-attachment":"scroll","background-type":"","background-media":"","overlay-type":"","overlay-color":"","overlay-opacity":"","overlay-gradient":""},"mobile":{"background-color":"","background-image":"","background-repeat":"repeat","background-position":"center center","background-size":"auto","background-attachment":"scroll","background-type":"","background-media":"","overlay-type":"","overlay-color":"","overlay-opacity":"","overlay-gradient":""}},"ast-content-background-meta":{"desktop":{"background-color":"var(--ast-global-color-4)","background-image":"","background-repeat":"repeat","background-position":"center center","background-size":"auto","background-attachment":"scroll","background-type":"","background-media":"","overlay-type":"","overlay-color":"","overlay-opacity":"","overlay-gradient":""},"tablet":{"background-color":"var(--ast-global-color-4)","background-image":"","background-repeat":"repeat","background-position":"center center","background-size":"auto","background-attachment":"scroll","background-type":"","background-media":"","overlay-type":"","overlay-color":"","overlay-opacity":"","overlay-gradient":""},"mobile":{"background-color":"var(--ast-global-color-4)","background-image":"","background-repeat":"repeat","background-position":"center center","background-size":"auto","background-attachment":"scroll","background-type":"","background-media":"","overlay-type":"","overlay-color":"","overlay-opacity":"","overlay-gradient":""}},"footnotes":""},"class_list":["post-323","page","type-page","status-publish","hentry"],"_hostinger_reach_plugin_has_subscription_block":false,"_hostinger_reach_plugin_is_elementor":false,"_links":{"self":[{"href":"https:\/\/petosmos.com\/it\/wp-json\/wp\/v2\/pages\/323","targetHints":{"allow":["GET"]}}],"collection":[{"href":"https:\/\/petosmos.com\/it\/wp-json\/wp\/v2\/pages"}],"about":[{"href":"https:\/\/petosmos.com\/it\/wp-json\/wp\/v2\/types\/page"}],"author":[{"embeddable":true,"href":"https:\/\/petosmos.com\/it\/wp-json\/wp\/v2\/users\/1"}],"replies":[{"embeddable":true,"href":"https:\/\/petosmos.com\/it\/wp-json\/wp\/v2\/comments?post=323"}],"version-history":[{"count":21,"href":"https:\/\/petosmos.com\/it\/wp-json\/wp\/v2\/pages\/323\/revisions"}],"predecessor-version":[{"id":347,"href":"https:\/\/petosmos.com\/it\/wp-json\/wp\/v2\/pages\/323\/revisions\/347"}],"wp:attachment":[{"href":"https:\/\/petosmos.com\/it\/wp-json\/wp\/v2\/media?parent=323"}],"curies":[{"name":"wp","href":"https:\/\/api.w.org\/{rel}","templated":true}]}}