{"id":354,"date":"2026-03-13T03:02:33","date_gmt":"2026-03-13T03:02:33","guid":{"rendered":"https:\/\/petosmos.com\/?post_type=product&#038;p=354"},"modified":"2026-04-05T05:21:51","modified_gmt":"2026-04-05T05:21:51","slug":"custom-3d-pet-replica-figurine-lifelike-wool-felt-model","status":"publish","type":"product","link":"https:\/\/petosmos.com\/fr\/product\/custom-3d-pet-replica-figurine-lifelike-wool-felt-model\/","title":{"rendered":"Figurine 3D personnalis\u00e9e de r\u00e9plique d'animal de compagnie : Mod\u00e8le en feutre de laine r\u00e9aliste"},"content":{"rendered":"","protected":false},"excerpt":{"rendered":"<div class=\"qk-md-paragraph\">\n<div class=\"qk-md-paragraph\">\n<p data-path-to-node=\"4,0\"><b data-path-to-node=\"4,0\" data-index-in-node=\"0\">More than a replica\u2014it\u2019s a soul captured in wool.<\/b> \ud83e\uddf6<\/p>\n<p data-path-to-node=\"4,1\">Hand-sculpted by senior artists to mirror your pet\u2019s every tiny detail. A museum-quality heirloom built to last decades.<\/p>\n<p data-path-to-node=\"4,2\"><b data-path-to-node=\"4,2\" data-index-in-node=\"0\">Bring your best friend to life. Share your photos today.<\/b> \u2728<\/p>\n<\/div>\n<\/div>","protected":false},"featured_media":360,"comment_status":"open","ping_status":"closed","template":"","meta":{"site-sidebar-layout":"default","site-content-layout":"","ast-site-content-layout":"default","site-content-style":"default","site-sidebar-style":"default","ast-global-header-display":"","ast-banner-title-visibility":"","ast-main-header-display":"","ast-hfb-above-header-display":"","ast-hfb-below-header-display":"","ast-hfb-mobile-header-display":"","site-post-title":"","ast-breadcrumbs-content":"","ast-featured-img":"","footer-sml-layout":"","ast-disable-related-posts":"","theme-transparent-header-meta":"default","adv-header-id-meta":"","stick-header-meta":"","header-above-stick-meta":"","header-main-stick-meta":"","header-below-stick-meta":"","astra-migrate-meta-layouts":"set","ast-page-background-enabled":"default","ast-page-background-meta":{"desktop":{"background-color":"var(--ast-global-color-5)","background-image":"","background-repeat":"repeat","background-position":"center center","background-size":"auto","background-attachment":"scroll","background-type":"","background-media":"","overlay-type":"","overlay-color":"","overlay-opacity":"","overlay-gradient":""},"tablet":{"background-color":"","background-image":"","background-repeat":"repeat","background-position":"center center","background-size":"auto","background-attachment":"scroll","background-type":"","background-media":"","overlay-type":"","overlay-color":"","overlay-opacity":"","overlay-gradient":""},"mobile":{"background-color":"","background-image":"","background-repeat":"repeat","background-position":"center center","background-size":"auto","background-attachment":"scroll","background-type":"","background-media":"","overlay-type":"","overlay-color":"","overlay-opacity":"","overlay-gradient":""}},"ast-content-background-meta":{"desktop":{"background-color":"var(--ast-global-color-4)","background-image":"","background-repeat":"repeat","background-position":"center center","background-size":"auto","background-attachment":"scroll","background-type":"","background-media":"","overlay-type":"","overlay-color":"","overlay-opacity":"","overlay-gradient":""},"tablet":{"background-color":"var(--ast-global-color-4)","background-image":"","background-repeat":"repeat","background-position":"center center","background-size":"auto","background-attachment":"scroll","background-type":"","background-media":"","overlay-type":"","overlay-color":"","overlay-opacity":"","overlay-gradient":""},"mobile":{"background-color":"var(--ast-global-color-4)","background-image":"","background-repeat":"repeat","background-position":"center center","background-size":"auto","background-attachment":"scroll","background-type":"","background-media":"","overlay-type":"","overlay-color":"","overlay-opacity":"","overlay-gradient":""}}},"product_brand":[],"product_cat":[29],"product_tag":[31,30,36,34,32,33,35],"class_list":{"0":"post-354","1":"product","2":"type-product","3":"status-publish","4":"has-post-thumbnail","6":"product_cat-custom-3d-pet-replica-figurine-lifelike-wool-felt-model","7":"product_tag-3d-pet-model","8":"product_tag-custom-pet-replica","9":"product_tag-custom-wool-felt-model","10":"product_tag-handmade-pet-double","11":"product_tag-lifelike-wool-felt-dog-cat","12":"product_tag-pet-memorial-figurine","13":"product_tag-realistic-animal-sculpture","14":"desktop-align-left","15":"tablet-align-left","16":"mobile-align-left","17":"tm-has-options","19":"first","20":"instock","21":"shipping-taxable","22":"purchasable","23":"product-type-variable","24":"has-default-attributes","25":"wvs-archive-product-wrapper"},"_links":{"self":[{"href":"https:\/\/petosmos.com\/fr\/wp-json\/wp\/v2\/product\/354","targetHints":{"allow":["GET"]}}],"collection":[{"href":"https:\/\/petosmos.com\/fr\/wp-json\/wp\/v2\/product"}],"about":[{"href":"https:\/\/petosmos.com\/fr\/wp-json\/wp\/v2\/types\/product"}],"replies":[{"embeddable":true,"href":"https:\/\/petosmos.com\/fr\/wp-json\/wp\/v2\/comments?post=354"}],"wp:featuredmedia":[{"embeddable":true,"href":"https:\/\/petosmos.com\/fr\/wp-json\/wp\/v2\/media\/360"}],"wp:attachment":[{"href":"https:\/\/petosmos.com\/fr\/wp-json\/wp\/v2\/media?parent=354"}],"wp:term":[{"taxonomy":"product_brand","embeddable":true,"href":"https:\/\/petosmos.com\/fr\/wp-json\/wp\/v2\/product_brand?post=354"},{"taxonomy":"product_cat","embeddable":true,"href":"https:\/\/petosmos.com\/fr\/wp-json\/wp\/v2\/product_cat?post=354"},{"taxonomy":"product_tag","embeddable":true,"href":"https:\/\/petosmos.com\/fr\/wp-json\/wp\/v2\/product_tag?post=354"}],"curies":[{"name":"wp","href":"https:\/\/api.w.org\/{rel}","templated":true}]}}