{"id":524,"date":"2026-04-02T06:57:00","date_gmt":"2026-04-02T06:57:00","guid":{"rendered":"https:\/\/petosmos.com\/?page_id=524"},"modified":"2026-04-02T07:03:48","modified_gmt":"2026-04-02T07:03:48","slug":"production-shipping-policy","status":"publish","type":"page","link":"https:\/\/petosmos.com\/fi\/production-shipping-policy\/","title":{"rendered":"Tuotanto- ja toimitusk\u00e4yt\u00e4nt\u00f6"},"content":{"rendered":"<div data-elementor-type=\"wp-page\" data-elementor-id=\"524\" class=\"elementor elementor-524\" data-elementor-post-type=\"page\">\n\t\t\t\t<div class=\"elementor-element elementor-element-276e337 e-flex e-con-boxed e-con e-parent\" data-id=\"276e337\" data-element_type=\"container\" data-e-type=\"container\">\n\t\t\t\t\t<div class=\"e-con-inner\">\n\t\t\t\t<div class=\"elementor-element elementor-element-e15449b elementor-widget elementor-widget-heading\" data-id=\"e15449b\" data-element_type=\"widget\" data-e-type=\"widget\" data-widget_type=\"heading.default\">\n\t\t\t\t<div class=\"elementor-widget-container\">\n\t\t\t\t\t<h1 class=\"elementor-heading-title elementor-size-default\">Tuotanto- ja toimitusk\u00e4yt\u00e4nt\u00f6<\/h1>\t\t\t\t<\/div>\n\t\t\t\t<\/div>\n\t\t\t\t<div class=\"elementor-element elementor-element-55d87de elementor-widget elementor-widget-text-editor\" data-id=\"55d87de\" data-element_type=\"widget\" data-e-type=\"widget\" data-widget_type=\"text-editor.default\">\n\t\t\t\t<div class=\"elementor-widget-container\">\n\t\t\t\t\t\t\t\t\t<p data-path-to-node=\"3\">Osoitteessa <b data-path-to-node=\"3\" data-index-in-node=\"3\">Petosmos<\/b>, olemme erikoistuneet ainutlaatuisiin, k\u00e4sintehtyihin muistoesineisiin. Koska jokainen tuote on r\u00e4\u00e4t\u00e4l\u00f6ity lemmikkisi ainutlaatuisten ominaisuuksien mukaan, t\u00e4ytt\u00e4misprosessimme sis\u00e4lt\u00e4\u00e4 huolellista taidokkuutta ja huolellisuutta.<\/p><h3 data-path-to-node=\"4\">1. Tuotannon aikataulu (Taiteilijavaihe)<\/h3><p data-path-to-node=\"5\">Tuotantoaikamme vaihtelevat tilaamasi tuotteen monimutkaisuuden mukaan:<\/p><ul data-path-to-node=\"6\"><li><p data-path-to-node=\"6,0,0\"><b data-path-to-node=\"6,0,0\" data-index-in-node=\"0\">Custom Needle-Felted Figurines &amp; Memorial Urns:<\/b><\/p><ul data-path-to-node=\"6,0,1\"><li><p data-path-to-node=\"6,0,1,0,0\"><b data-path-to-node=\"6,0,1,0,0\" data-index-in-node=\"0\">Vakiotilaus:<\/b> Valmis toimitettavaksi n. <b data-path-to-node=\"6,0,1,0,0\" data-index-in-node=\"41\">6-8 viikkoa<\/b>. T\u00e4m\u00e4 aikataulu antaa taiteilijoillemme mahdollisuuden veist\u00e4\u00e4 ja maalata lemmikkisi kuvan huolellisesti ja varmistaa, ett\u00e4 kaikki yksityiskohdat tulevat esiin.<\/p><\/li><li><p data-path-to-node=\"6,0,1,1,0\"><b data-path-to-node=\"6,0,1,1,0\" data-index-in-node=\"0\">Priority Tribute (kiireellinen tilaus):<\/b> Valmis toimitettavaksi n. <b data-path-to-node=\"6,0,1,1,0\" data-index-in-node=\"56\">3-4 viikkoa<\/b>. N\u00e4m\u00e4 tilaukset siirret\u00e4\u00e4n studiojonon etup\u00e4\u00e4h\u00e4n.<\/p><\/li><\/ul><\/li><li><p data-path-to-node=\"6,1,0\"><b data-path-to-node=\"6,1,0\" data-index-in-node=\"0\">Mukautetut lemmikkiel\u00e4inten valokuvamukit:<\/b><\/p><ul data-path-to-node=\"6,1,1\"><li><p data-path-to-node=\"6,1,1,0,0\"><b data-path-to-node=\"6,1,1,0,0\" data-index-in-node=\"0\">K\u00e4sittelyaika:<\/b> <b data-path-to-node=\"6,1,1,0,0\" data-index-in-node=\"17\">3-5 ty\u00f6p\u00e4iv\u00e4\u00e4<\/b>. Jokainen muki painetaan mittatilausty\u00f6n\u00e4 ja sen laatu tarkistetaan ennen studiostamme l\u00e4ht\u00f6\u00e4.<\/p><\/li><\/ul><\/li><\/ul><p data-path-to-node=\"7\"><b data-path-to-node=\"7\" data-index-in-node=\"0\">T\u00e4rke\u00e4 huomautus tarkistuksista:<\/b> Jos pyyd\u00e4t suunnittelumuutoksia tarkistusprosessin aikana (esim. \u201cs\u00e4\u00e4d\u00e4 turkin v\u00e4ri\u00e4\u201d tai \u201ctee korvista ter\u00e4v\u00e4mm\u00e4t\u201d), t\u00e4m\u00e4 luonnollisesti pident\u00e4\u00e4 tuotantoaikaa. T\u00e4ydellisyys on kumppanuutta, ja haluamme, ett\u00e4 rakastat lopputulosta!<\/p><hr data-path-to-node=\"8\" \/><h3 data-path-to-node=\"9\">2. Toimitusprosessi ja toimitus<\/h3><p data-path-to-node=\"10\">Kun uniikki kappaleesi on l\u00e4p\u00e4issyt lopullisen laatutarkastuksemme, se aloittaa matkansa sinulle.<\/p><ul data-path-to-node=\"11\"><li><p data-path-to-node=\"11,0,0\"><b data-path-to-node=\"11,0,0\" data-index-in-node=\"0\">Turvallinen pakkaus:<\/b> Kohtelemme jokaista esinett\u00e4 kuin aarretta. K\u00e4yt\u00e4mme useita kerroksia eritt\u00e4in paksuja suojapehmusteita ja r\u00e4\u00e4t\u00e4l\u00f6ityj\u00e4 laatikoita varmistaaksemme, ett\u00e4 muistoesineesi saapuu perille turvallisesti.<\/p><\/li><li><p data-path-to-node=\"11,1,0\"><b data-path-to-node=\"11,1,0\" data-index-in-node=\"0\">Tilauksen seuranta:<\/b> Heti kun pakettisi l\u00e4htee studiostamme, saat l\u00e4hetysvahvistuss\u00e4hk\u00f6postin, joka sis\u00e4lt\u00e4\u00e4 seuraavat tiedot. <b data-path-to-node=\"11,1,0\" data-index-in-node=\"127\">Seurantanumero<\/b>. Voit seurata sen edistymist\u00e4 joka vaiheessa.<\/p><\/li><\/ul><p data-path-to-node=\"12\"><b data-path-to-node=\"12\" data-index-in-node=\"0\">Arvioitu toimitusaika:<\/b><\/p><ul data-path-to-node=\"13\"><li><p data-path-to-node=\"13,0,0\"><b data-path-to-node=\"13,0,0\" data-index-in-node=\"0\">Yhdysvallat:<\/b> 7-12 ty\u00f6p\u00e4iv\u00e4\u00e4.<\/p><\/li><li><p data-path-to-node=\"13,1,0\"><b data-path-to-node=\"13,1,0\" data-index-in-node=\"0\">Kansainv\u00e4linen:<\/b> 10-20 arkip\u00e4iv\u00e4\u00e4 (vaihtelee m\u00e4\u00e4r\u00e4np\u00e4\u00e4n mukaan).<\/p><\/li><\/ul><hr data-path-to-node=\"14\" \/><h3 data-path-to-node=\"15\">3. Tullimaksut ja verot<\/h3><p data-path-to-node=\"16\">Yhdysvaltojen ulkopuolella tehtyjen kansainv\u00e4listen tilausten osalta huomioithan, ett\u00e4 <b data-path-to-node=\"16\" data-index-in-node=\"58\">Petosmos<\/b> ei ole vastuussa mist\u00e4\u00e4n tullimaksuista, veroista tai tuontimaksuista, joita paikalliset viranomaiset saattavat soveltaa.<\/p><hr data-path-to-node=\"17\" \/><h3 data-path-to-node=\"18\">4. Palautus- ja hyvitysk\u00e4yt\u00e4nt\u00f6 (r\u00e4\u00e4t\u00e4l\u00f6idyille tuotteille)<\/h3><p data-path-to-node=\"19\">Koska tuotteemme ovat eritt\u00e4in yksil\u00f6llisi\u00e4, me olemme - <b data-path-to-node=\"19\" data-index-in-node=\"58\">\u00e4l\u00e4<\/b> hyv\u00e4ksy\u00e4 palautuksia tai tarjota hyvityksi\u00e4 \u201cmielenmuutoksen\u201d vuoksi.\u201d<\/p><ul data-path-to-node=\"20\"><li><p data-path-to-node=\"20,0,0\"><b data-path-to-node=\"20,0,0\" data-index-in-node=\"0\">Vahingoittuneet esineet:<\/b> Jos tilauksesi saapuu vahingoittuneena tai selv\u00e4n valmistusvirheen kanssa, ota meihin yhteytt\u00e4 osoitteeseen <b data-path-to-node=\"20,0,0\" data-index-in-node=\"104\">sales@petosmos.com<\/b> osoitteessa <b data-path-to-node=\"20,0,0\" data-index-in-node=\"132\">48 tuntia<\/b> toimituksen selke\u00e4t valokuvat asiasta. J\u00e4rjest\u00e4mme sinulle v\u00e4litt\u00f6m\u00e4sti korvaavan tai korjaavan tuotteen.<\/p><\/li><\/ul>\t\t\t\t\t\t\t\t<\/div>\n\t\t\t\t<\/div>\n\t\t\t\t\t<\/div>\n\t\t\t\t<\/div>\n\t\t\t\t<\/div>","protected":false},"excerpt":{"rendered":"<p>Production &amp; Shipping Policy At Petosmos, we specialize in one-of-a-kind, handcrafted keepsakes. Because each item is customized to your pet&#8217;s [&hellip;]<\/p>\n","protected":false},"author":1,"featured_media":0,"parent":0,"menu_order":0,"comment_status":"closed","ping_status":"closed","template":"elementor_header_footer","meta":{"site-sidebar-layout":"no-sidebar","site-content-layout":"","ast-site-content-layout":"full-width-container","site-content-style":"default","site-sidebar-style":"default","ast-global-header-display":"","ast-banner-title-visibility":"","ast-main-header-display":"","ast-hfb-above-header-display":"","ast-hfb-below-header-display":"","ast-hfb-mobile-header-display":"","site-post-title":"","ast-breadcrumbs-content":"","ast-featured-img":"disabled","footer-sml-layout":"","ast-disable-related-posts":"","theme-transparent-header-meta":"","adv-header-id-meta":"","stick-header-meta":"","header-above-stick-meta":"","header-main-stick-meta":"","header-below-stick-meta":"","astra-migrate-meta-layouts":"default","ast-page-background-enabled":"default","ast-page-background-meta":{"desktop":{"background-color":"var(--ast-global-color-5)","background-image":"","background-repeat":"repeat","background-position":"center center","background-size":"auto","background-attachment":"scroll","background-type":"","background-media":"","overlay-type":"","overlay-color":"","overlay-opacity":"","overlay-gradient":""},"tablet":{"background-color":"","background-image":"","background-repeat":"repeat","background-position":"center center","background-size":"auto","background-attachment":"scroll","background-type":"","background-media":"","overlay-type":"","overlay-color":"","overlay-opacity":"","overlay-gradient":""},"mobile":{"background-color":"","background-image":"","background-repeat":"repeat","background-position":"center center","background-size":"auto","background-attachment":"scroll","background-type":"","background-media":"","overlay-type":"","overlay-color":"","overlay-opacity":"","overlay-gradient":""}},"ast-content-background-meta":{"desktop":{"background-color":"var(--ast-global-color-4)","background-image":"","background-repeat":"repeat","background-position":"center center","background-size":"auto","background-attachment":"scroll","background-type":"","background-media":"","overlay-type":"","overlay-color":"","overlay-opacity":"","overlay-gradient":""},"tablet":{"background-color":"var(--ast-global-color-4)","background-image":"","background-repeat":"repeat","background-position":"center center","background-size":"auto","background-attachment":"scroll","background-type":"","background-media":"","overlay-type":"","overlay-color":"","overlay-opacity":"","overlay-gradient":""},"mobile":{"background-color":"var(--ast-global-color-4)","background-image":"","background-repeat":"repeat","background-position":"center center","background-size":"auto","background-attachment":"scroll","background-type":"","background-media":"","overlay-type":"","overlay-color":"","overlay-opacity":"","overlay-gradient":""}},"footnotes":""},"class_list":["post-524","page","type-page","status-publish","hentry"],"_hostinger_reach_plugin_has_subscription_block":false,"_hostinger_reach_plugin_is_elementor":false,"_links":{"self":[{"href":"https:\/\/petosmos.com\/fi\/wp-json\/wp\/v2\/pages\/524","targetHints":{"allow":["GET"]}}],"collection":[{"href":"https:\/\/petosmos.com\/fi\/wp-json\/wp\/v2\/pages"}],"about":[{"href":"https:\/\/petosmos.com\/fi\/wp-json\/wp\/v2\/types\/page"}],"author":[{"embeddable":true,"href":"https:\/\/petosmos.com\/fi\/wp-json\/wp\/v2\/users\/1"}],"replies":[{"embeddable":true,"href":"https:\/\/petosmos.com\/fi\/wp-json\/wp\/v2\/comments?post=524"}],"version-history":[{"count":10,"href":"https:\/\/petosmos.com\/fi\/wp-json\/wp\/v2\/pages\/524\/revisions"}],"predecessor-version":[{"id":538,"href":"https:\/\/petosmos.com\/fi\/wp-json\/wp\/v2\/pages\/524\/revisions\/538"}],"wp:attachment":[{"href":"https:\/\/petosmos.com\/fi\/wp-json\/wp\/v2\/media?parent=524"}],"curies":[{"name":"wp","href":"https:\/\/api.w.org\/{rel}","templated":true}]}}