{"id":323,"date":"2026-03-12T07:20:27","date_gmt":"2026-03-12T07:20:27","guid":{"rendered":"https:\/\/petosmos.com\/?page_id=323"},"modified":"2026-03-12T07:51:37","modified_gmt":"2026-03-12T07:51:37","slug":"our-story","status":"publish","type":"page","link":"https:\/\/petosmos.com\/fi\/our-story\/","title":{"rendered":"Tarinamme"},"content":{"rendered":"<div data-elementor-type=\"wp-page\" data-elementor-id=\"323\" class=\"elementor elementor-323\" data-elementor-post-type=\"page\">\n\t\t\t\t<div class=\"elementor-element elementor-element-1df166d7 e-con-full e-flex e-con e-parent\" data-id=\"1df166d7\" data-element_type=\"container\" data-e-type=\"container\">\n\t\t<div class=\"elementor-element elementor-element-69937247 e-con-full e-flex e-con e-child\" data-id=\"69937247\" data-element_type=\"container\" data-e-type=\"container\" data-settings=\"{&quot;background_background&quot;:&quot;classic&quot;}\">\n\t\t<div class=\"elementor-element elementor-element-6c445a4 e-flex e-con-boxed e-con e-child\" data-id=\"6c445a4\" data-element_type=\"container\" data-e-type=\"container\">\n\t\t\t\t\t<div class=\"e-con-inner\">\n\t\t<div class=\"elementor-element elementor-element-1d32c32 e-con-full e-flex e-con e-child\" data-id=\"1d32c32\" data-element_type=\"container\" data-e-type=\"container\">\n\t\t\t\t<div class=\"elementor-element elementor-element-e751de8 elementor-widget elementor-widget-image\" data-id=\"e751de8\" data-element_type=\"widget\" data-e-type=\"widget\" data-widget_type=\"image.default\">\n\t\t\t\t<div class=\"elementor-widget-container\">\n\t\t\t\t\t\t\t\t\t\t\t\t\t\t\t<img fetchpriority=\"high\" decoding=\"async\" width=\"1024\" height=\"631\" src=\"https:\/\/petosmos.com\/wp-content\/uploads\/2026\/03\/Our-story-e1773300266143-1024x631.png\" class=\"attachment-large size-large wp-image-327 wvs-archive-product-image\" alt=\"\" srcset=\"https:\/\/petosmos.com\/wp-content\/uploads\/2026\/03\/Our-story-e1773300266143-1024x631.png 1024w, https:\/\/petosmos.com\/wp-content\/uploads\/2026\/03\/Our-story-e1773300266143-300x185.png 300w, https:\/\/petosmos.com\/wp-content\/uploads\/2026\/03\/Our-story-e1773300266143-768x473.png 768w, https:\/\/petosmos.com\/wp-content\/uploads\/2026\/03\/Our-story-e1773300266143-600x370.png 600w, https:\/\/petosmos.com\/wp-content\/uploads\/2026\/03\/Our-story-e1773300266143.png 1254w\" sizes=\"(max-width: 1024px) 100vw, 1024px\" \/>\t\t\t\t\t\t\t\t\t\t\t\t\t\t\t<\/div>\n\t\t\t\t<\/div>\n\t\t\t\t<\/div>\n\t\t<div class=\"elementor-element elementor-element-ba1855d e-con-full e-flex e-con e-child\" data-id=\"ba1855d\" data-element_type=\"container\" data-e-type=\"container\">\n\t\t\t\t<div class=\"elementor-element elementor-element-6862aed elementor-widget__width-initial elementor-widget-tablet__width-inherit elementor-widget elementor-widget-heading\" data-id=\"6862aed\" data-element_type=\"widget\" data-e-type=\"widget\" data-widget_type=\"heading.default\">\n\t\t\t\t<div class=\"elementor-widget-container\">\n\t\t\t\t\t<h2 class=\"elementor-heading-title elementor-size-default\">Miss\u00e4 rakkaus saa ikuisen muodon.<\/h2>\t\t\t\t<\/div>\n\t\t\t\t<\/div>\n\t\t\t\t<div class=\"elementor-element elementor-element-4f7ee73 elementor-widget elementor-widget-text-editor\" data-id=\"4f7ee73\" data-element_type=\"widget\" data-e-type=\"widget\" data-widget_type=\"text-editor.default\">\n\t\t\t\t<div class=\"elementor-widget-container\">\n\t\t\t\t\t\t\t\t\t<p>Teemme muutakin kuin askartelemme figuureja; vangitsemme rakkaan kumppanisi sielun.<\/p>\t\t\t\t\t\t\t\t<\/div>\n\t\t\t\t<\/div>\n\t\t\t\t<\/div>\n\t\t\t\t\t<\/div>\n\t\t\t\t<\/div>\n\t\t\t\t<\/div>\n\t\t<div class=\"elementor-element elementor-element-0496ccd e-con-full e-flex e-con e-child\" data-id=\"0496ccd\" data-element_type=\"container\" data-e-type=\"container\" data-settings=\"{&quot;background_background&quot;:&quot;classic&quot;}\">\n\t\t<div class=\"elementor-element elementor-element-b77aade e-flex e-con-boxed e-con e-child\" data-id=\"b77aade\" data-element_type=\"container\" data-e-type=\"container\">\n\t\t\t\t\t<div class=\"e-con-inner\">\n\t\t<div class=\"elementor-element elementor-element-c0876b5 e-con-full e-flex e-con e-child\" data-id=\"c0876b5\" data-element_type=\"container\" data-e-type=\"container\">\n\t\t\t\t<div class=\"elementor-element elementor-element-008c2ec elementor-widget__width-initial elementor-widget-tablet__width-inherit elementor-widget elementor-widget-heading\" data-id=\"008c2ec\" data-element_type=\"widget\" data-e-type=\"widget\" data-widget_type=\"heading.default\">\n\t\t\t\t<div class=\"elementor-widget-container\">\n\t\t\t\t\t<h2 class=\"elementor-heading-title elementor-size-default\">Meid\u00e4n tarinamme: Miss\u00e4 lemmikkisi universumi el\u00e4\u00e4 edelleen\n<\/h2>\t\t\t\t<\/div>\n\t\t\t\t<\/div>\n\t\t\t\t<div class=\"elementor-element elementor-element-57333bd elementor-widget elementor-widget-text-editor\" data-id=\"57333bd\" data-element_type=\"widget\" data-e-type=\"widget\" data-widget_type=\"text-editor.default\">\n\t\t\t\t<div class=\"elementor-widget-container\">\n\t\t\t\t\t\t\t\t\t<div class=\"qk-md-paragraph\"><span class=\"qk-md-text complete\">Tervetuloa\u00a0<\/span><strong class=\"qk-md-strong complete\"><span class=\"qk-md-text complete\">Petosmos<\/span><\/strong><span class=\"qk-md-text complete\">.<\/span><\/div><div class=\"qk-md-paragraph\"><span class=\"qk-md-text complete\">Maailmalle ne saattavat olla vain lemmikkej\u00e4. Mutta meille ne ovat salaisuuksiemme hiljaisia vartijoita, l\u00e4mmin paino syliss\u00e4mme ja kotimme sykkiv\u00e4 syd\u00e4n. Ne eiv\u00e4t ole \u201cel\u00e4imi\u00e4\u201d; ne ovat sielunkumppaneita, jotka j\u00e4tt\u00e4v\u00e4t sieluumme l\u00e4htem\u00e4tt\u00f6m\u00e4n j\u00e4ljen - j\u00e4ljen, jonka aika yritt\u00e4\u00e4 h\u00e4ivytt\u00e4\u00e4, mutta muisti ei suostu p\u00e4\u00e4st\u00e4m\u00e4\u00e4n irti.<\/span><\/div><div class=\"qk-md-paragraph\"><strong class=\"qk-md-strong complete\"><span class=\"qk-md-text complete\">Petosmos<\/span><\/strong><span class=\"qk-md-text complete\">\u00a0syntyi yhdest\u00e4 ainoasta, syv\u00e4llisest\u00e4 oivalluksesta:\u00a0<\/span><strong class=\"qk-md-strong complete\"><span class=\"qk-md-text complete\">Valokuvat vangitsevat hetken, mutta veistokset vangitsevat l\u00e4sn\u00e4olon.<\/span><\/strong><\/div><div class=\"qk-md-paragraph\"><span class=\"qk-md-text complete\">Vuonna 2022 perustetun yrityksen teht\u00e4v\u00e4n\u00e4 oli kuroa umpeen kuilu ohikiit\u00e4vien kuvien ja ikuisen rakkauden v\u00e4lill\u00e4. Huomasimme, ett\u00e4 kun valokuva pit\u00e4\u00e4 muiston turvassa albumissa, mukautettu figuuri tuo muiston takaisin huoneeseen. Sen avulla voit kurottaa, koskettaa ja pit\u00e4\u00e4 parhaan yst\u00e4v\u00e4si olemusta j\u00e4lleen kerran k\u00e4siss\u00e4si.<\/span><\/div><div class=\"qk-md-paragraph\"><span class=\"qk-md-text complete\">Jokainen k\u00e4sity\u00f6mme on enemm\u00e4n kuin savea tai hartsia; se on konkreettinen pala henkil\u00f6kohtaista kosmostasi. Olipa kumppanisi tervehtim\u00e4ss\u00e4 sinua t\u00e4n\u00e4\u00e4n ovella tai juoksemassa vapaana muistoissasi, me olemme t\u00e4\u00e4ll\u00e4 veist\u00e4m\u00e4ss\u00e4 h\u00e4nen henke\u00e4\u00e4n joksikin, jota voit pit\u00e4\u00e4 hallussasi ikuisesti.<\/span><\/div><div class=\"qk-md-paragraph\" data-spm-anchor-id=\"5176.28103460.0.i48.4f0e7551XDlBQK\"><span class=\"qk-md-text complete\">Me Petosmosissa emme tee vain figuureja.\u00a0<\/span><strong class=\"qk-md-strong complete\"><span class=\"qk-md-text complete\">S\u00e4ilyt\u00e4mme jakamasi maailmankaikkeuden.<\/span><\/strong><\/div>\t\t\t\t\t\t\t\t<\/div>\n\t\t\t\t<\/div>\n\t\t\t\t<\/div>\n\t\t\t\t\t<\/div>\n\t\t\t\t<\/div>\n\t\t\t\t<\/div>\n\t\t<div class=\"elementor-element elementor-element-08bce49 e-con-full e-flex e-con e-child\" data-id=\"08bce49\" data-element_type=\"container\" data-e-type=\"container\" data-settings=\"{&quot;background_background&quot;:&quot;classic&quot;}\">\n\t\t<div class=\"elementor-element elementor-element-5fb81d5 e-flex e-con-boxed e-con e-child\" data-id=\"5fb81d5\" data-element_type=\"container\" data-e-type=\"container\">\n\t\t\t\t\t<div class=\"e-con-inner\">\n\t\t<div class=\"elementor-element elementor-element-0e11350 e-con-full e-flex e-con e-child\" data-id=\"0e11350\" data-element_type=\"container\" data-e-type=\"container\">\n\t\t\t\t<div class=\"elementor-element elementor-element-156f7f3 elementor-widget__width-initial elementor-widget-tablet__width-inherit elementor-widget elementor-widget-heading\" data-id=\"156f7f3\" data-element_type=\"widget\" data-e-type=\"widget\" data-widget_type=\"heading.default\">\n\t\t\t\t<div class=\"elementor-widget-container\">\n\t\t\t\t\t<h2 class=\"elementor-heading-title elementor-size-default\">Luomisen taito: Miss\u00e4 tarkkuus kohtaa sielun\n<\/h2>\t\t\t\t<\/div>\n\t\t\t\t<\/div>\n\t\t\t\t<div class=\"elementor-element elementor-element-4775878 elementor-widget elementor-widget-text-editor\" data-id=\"4775878\" data-element_type=\"widget\" data-e-type=\"widget\" data-widget_type=\"text-editor.default\">\n\t\t\t\t<div class=\"elementor-widget-container\">\n\t\t\t\t\t\t\t\t\t<div class=\"qk-md-paragraph\"><div class=\"qk-md-paragraph\"><span class=\"qk-md-text complete\">Osoitteessa\u00a0<\/span><strong class=\"qk-md-strong complete\"><span class=\"qk-md-text complete\">Petosmos<\/span><\/strong><span class=\"qk-md-text complete\">, uskomme, ett\u00e4 rakkaan kumppanisi olemuksen vangitseminen vaatii muutakin kuin kehittynytt\u00e4 teknologiaa - se vaatii taiteilijan silm\u00e4\u00e4 ja luojien syd\u00e4nt\u00e4.<\/span><\/div><div class=\"qk-md-paragraph\"><span class=\"qk-md-text complete\">Prosessimme on harmoninen tanssi\u00a0<\/span><strong class=\"qk-md-strong complete\"><span class=\"qk-md-text complete\">digitaalinen tarkkuus ja inhimillinen intuitio<\/span><\/strong><span class=\"qk-md-text complete\">.<\/span><\/div><div class=\"qk-md-paragraph\"><span class=\"qk-md-text complete\">Se alkaa mestariveist\u00e4jist\u00e4mme, jotka eiv\u00e4t vain katso valokuviasi, he\u00a0<\/span><em class=\"qk-md-em\"><span class=\"qk-md-text complete\">tutkimus<\/span><\/em><span class=\"qk-md-text complete\">\u00a0heit\u00e4. He analysoivat korvan ainutlaatuisen kallistuksen, silmien erityiskipin\u00e4n ja hienovaraisen asennon, joka tekee lemmikist\u00e4si erehtym\u00e4tt\u00f6m\u00e4n...\u00a0<\/span><em class=\"qk-md-em\"><span class=\"qk-md-text complete\">ne<\/span><\/em><span class=\"qk-md-text complete\">. Korkean tarkkuuden digitaalisen mallinnuksen avulla luomme t\u00e4ydellisen perustan, joka varmistaa, ett\u00e4 jokainen k\u00e4yr\u00e4 ja \u00e4\u00e4riviiva on anatomisesti tarkka. Teknologia ei kuitenkaan ole automaatiota, vaan se vain luo pohjan.<\/span><\/div><div class=\"qk-md-paragraph\"><strong class=\"qk-md-strong complete\"><span class=\"qk-md-text complete\">T\u00e4ss\u00e4 kohtaa inhimillinen kosketus saa vallan.<\/span><\/strong><\/div><div class=\"qk-md-paragraph\"><span class=\"qk-md-text complete\">Kun lomake on valettu, se siirtyy ammattitaitoisten v\u00e4ritysty\u00f6ntekij\u00f6idemme k\u00e4siin. T\u00e4\u00e4ll\u00e4 ei ole liukuhihnoja. Jokainen hahmo on\u00a0<\/span><strong class=\"qk-md-strong complete\"><span class=\"qk-md-text complete\">k\u00e4sin kiillotettu, k\u00e4sin maalattu ja rakkaudella viimeistelty.<\/span><\/strong><span class=\"qk-md-text complete\">. Kerrostamme korkealaatuisia maaleja j\u00e4ljitellaksemme turkin pehmeytt\u00e4, merkkien syvyytt\u00e4 ja itse el\u00e4m\u00e4n l\u00e4mp\u00f6\u00e4.<\/span><\/div><div class=\"qk-md-paragraph\" data-spm-anchor-id=\"5176.28103460.0.i53.4f0e7551XDlBQK\"><span class=\"qk-md-text complete\">Emme vain j\u00e4ljenn\u00e4 kuvaa, vaan her\u00e4t\u00e4mme hengen henkiin. Petosmoksessa jokainen siveltimenveto on kunnianosoitus yhteiselle siteelle, joka tekee digitaalisesta tiedostosta konkreettisen palan henkil\u00f6kohtaista universumiasi.<\/span><\/div><\/div>\t\t\t\t\t\t\t\t<\/div>\n\t\t\t\t<\/div>\n\t\t\t\t<\/div>\n\t\t\t\t\t<\/div>\n\t\t\t\t<\/div>\n\t\t\t\t<\/div>\n\t\t<div class=\"elementor-element elementor-element-1b38aa4 e-con-full e-flex e-con e-child\" data-id=\"1b38aa4\" data-element_type=\"container\" data-e-type=\"container\" data-settings=\"{&quot;background_background&quot;:&quot;classic&quot;}\">\n\t\t<div class=\"elementor-element elementor-element-d1f2539 e-flex e-con-boxed e-con e-child\" data-id=\"d1f2539\" data-element_type=\"container\" data-e-type=\"container\" data-settings=\"{&quot;background_background&quot;:&quot;classic&quot;}\">\n\t\t\t\t\t<div class=\"e-con-inner\">\n\t\t<div class=\"elementor-element elementor-element-dc2cb93 e-con-full e-flex e-con e-child\" data-id=\"dc2cb93\" data-element_type=\"container\" data-e-type=\"container\">\n\t\t\t\t<div class=\"elementor-element elementor-element-da715fa elementor-widget__width-initial elementor-widget-tablet__width-inherit elementor-widget elementor-widget-heading\" data-id=\"da715fa\" data-element_type=\"widget\" data-e-type=\"widget\" data-widget_type=\"heading.default\">\n\t\t\t\t<div class=\"elementor-widget-container\">\n\t\t\t\t\t<h2 class=\"elementor-heading-title elementor-size-default\">Lupauksemme ja arvomme: Rakkauden liitto\nEnemm\u00e4n kuin lahja. Parantava matka.<\/h2>\t\t\t\t<\/div>\n\t\t\t\t<\/div>\n\t\t\t\t<div class=\"elementor-element elementor-element-850ed91 elementor-widget elementor-widget-text-editor\" data-id=\"850ed91\" data-element_type=\"widget\" data-e-type=\"widget\" data-widget_type=\"text-editor.default\">\n\t\t\t\t<div class=\"elementor-widget-container\">\n\t\t\t\t\t\t\t\t\t<div class=\"qk-md-paragraph\"><div class=\"qk-md-paragraph\"><div class=\"qk-md-paragraph\"><span class=\"qk-md-text complete\">Osoitteessa\u00a0<\/span><strong class=\"qk-md-strong complete\"><span class=\"qk-md-text complete\">Petosmos<\/span><\/strong><span class=\"qk-md-text complete\">, olemme oppineet, ett\u00e4 todellinen k\u00e4sity\u00f6mme ei ole vain hahmojen veist\u00e4minen, vaan se, ett\u00e4 helpotamme\u00a0<\/span><strong class=\"qk-md-strong complete\"><span class=\"qk-md-text complete\">parantuminen ja yhteys<\/span><\/strong><span class=\"qk-md-text complete\">. Meille on suuri kunnia kulkea rinnallasi - olitpa sitten navigoimassa surun hiljaisissa syvyyksiss\u00e4, juhlimassa iloista virstanpylv\u00e4st\u00e4 tai vain vaalimassa muistoa, joka ei suostu haalistumaan.<\/span><\/div><div class=\"qk-md-paragraph\"><strong class=\"qk-md-strong complete\"><span class=\"qk-md-text complete\">Olemme tukenasi joka vaiheessa.<\/span><\/strong><br \/><span class=\"qk-md-text complete\">Siit\u00e4 hetkest\u00e4 l\u00e4htien, kun jaat lemmikkisi tarinan kanssamme, siihen hetkeen, kun sen kuva saapuu k\u00e4siisi, et ole koskaan yksin t\u00e4ss\u00e4 prosessissa. Uskomme, ett\u00e4 todellinen r\u00e4\u00e4t\u00e4l\u00f6inti vaatii muutakin kuin pelkki\u00e4 ohjeita.\u00a0<\/span><strong class=\"qk-md-strong complete\"><span class=\"qk-md-text complete\">keskustelu<\/span><\/strong><span class=\"qk-md-text complete\">. Tiimimme pit\u00e4\u00e4 yll\u00e4 tiivist\u00e4 ja my\u00f6t\u00e4tuntoista viestint\u00e4\u00e4 varmistaakseen, ett\u00e4 visiosi jokainen yksityiskohta tallennetaan tarkasti ja huolellisesti.<\/span><\/div><div class=\"qk-md-paragraph\"><strong class=\"qk-md-strong complete\"><span class=\"qk-md-text complete\">Rakkaus ei tunne rajoja.<\/span><\/strong><br \/><span class=\"qk-md-text complete\">Osoitteessa\u00a0<\/span><strong class=\"qk-md-strong complete\"><span class=\"qk-md-text complete\">ilmainen maailmanlaajuinen toimitus<\/span><\/strong><span class=\"qk-md-text complete\">, uskomme, ett\u00e4 et\u00e4isyyden ei pit\u00e4isi koskaan erottaa sinua parhaan yst\u00e4v\u00e4si muistosta. Sitoumuksemme on muutakin kuin paketin toimittaminen; toimitamme lohduttavan hetken, ilon kipin\u00e4n ja konkreettisen palan yhteist\u00e4 maailmankaikkeuttanne.<\/span><\/div><div class=\"qk-md-paragraph\" data-spm-anchor-id=\"5176.28103460.0.i58.4f0e7551XDlBQK\"><strong class=\"qk-md-strong complete\"><span class=\"qk-md-text complete\">Juhlallinen lupauksemme:<\/span><\/strong><br \/><span class=\"qk-md-text complete\">Pyrimme 100%-tyytyv\u00e4isyyteen, ei siksi, ett\u00e4 se on hyv\u00e4\u00e4 liiketoimintaa, vaan siksi, ett\u00e4 luottamuksesi on pyh\u00e4. Kiitos, ett\u00e4 valitsit\u00a0<\/span><strong class=\"qk-md-strong complete\"><span class=\"qk-md-text complete\">Petosmos<\/span><\/strong><span class=\"qk-md-text complete\">\u00a0kertomaan tarinasi. On suuri kunnia auttaa sinua s\u00e4ilytt\u00e4m\u00e4\u00e4n yhteinen rakkautesi - muodossa, jota voit pit\u00e4\u00e4 k\u00e4dess\u00e4si, halata ja vaalia ikuisesti.<\/span><\/div><\/div><\/div>\t\t\t\t\t\t\t\t<\/div>\n\t\t\t\t<\/div>\n\t\t\t\t<\/div>\n\t\t\t\t\t<\/div>\n\t\t\t\t<\/div>\n\t\t\t\t<\/div>\n\t\t<div class=\"elementor-element elementor-element-eb41501 e-con-full e-flex e-con e-child\" data-id=\"eb41501\" data-element_type=\"container\" data-e-type=\"container\" data-settings=\"{&quot;background_background&quot;:&quot;classic&quot;}\">\n\t\t<div class=\"elementor-element elementor-element-1459196 e-flex e-con-boxed e-con e-child\" data-id=\"1459196\" data-element_type=\"container\" data-e-type=\"container\" data-settings=\"{&quot;background_background&quot;:&quot;classic&quot;}\">\n\t\t\t\t\t<div class=\"e-con-inner\">\n\t\t<div class=\"elementor-element elementor-element-13eb9c2 e-con-full e-flex e-con e-child\" data-id=\"13eb9c2\" data-element_type=\"container\" data-e-type=\"container\">\n\t\t\t\t<div class=\"elementor-element elementor-element-79e8bb4 elementor-widget__width-initial elementor-widget-tablet__width-inherit elementor-widget elementor-widget-heading\" data-id=\"79e8bb4\" data-element_type=\"widget\" data-e-type=\"widget\" data-widget_type=\"heading.default\">\n\t\t\t\t<div class=\"elementor-widget-container\">\n\t\t\t\t\t<h2 class=\"elementor-heading-title elementor-size-default\">Miss\u00e4 rakkaus saa el\u00e4v\u00e4n muodon\nMuunna vaalittu valokuva ajattomaksi mestariteokseksi.<\/h2>\t\t\t\t<\/div>\n\t\t\t\t<\/div>\n\t\t\t\t<div class=\"elementor-element elementor-element-f4e8752 elementor-widget elementor-widget-text-editor\" data-id=\"f4e8752\" data-element_type=\"widget\" data-e-type=\"widget\" data-widget_type=\"text-editor.default\">\n\t\t\t\t<div class=\"elementor-widget-container\">\n\t\t\t\t\t\t\t\t\t<div class=\"qk-md-paragraph\"><div class=\"qk-md-paragraph\"><div class=\"qk-md-paragraph\"><div class=\"qk-md-paragraph\"><span class=\"qk-md-text complete\">Osoitteessa\u00a0<\/span><strong class=\"qk-md-strong complete\"><span class=\"qk-md-text complete\">Petosmos<\/span><\/strong><span class=\"qk-md-text complete\" data-spm-anchor-id=\"5176.28103460.0.i62.4f0e7551XDlBQK\">, emme vain veist\u00e4 hahmoja, vaan her\u00e4t\u00e4mme henki\u00e4 henkiin. Taiteilijamme suunnittelevat, muotoilevat ja maalaavat huolellisesti jokaisen yksityiskohdan, jotta suosikkimuistosi her\u00e4\u00e4v\u00e4t henkiin.<\/span><\/div><div class=\"qk-md-paragraph\" data-spm-anchor-id=\"5176.28103460.0.i63.4f0e7551XDlBQK\"><em class=\"qk-md-em\"><span class=\"qk-md-text complete\">Litte\u00e4st\u00e4 kuvasta 3D-sylinteriin - pid\u00e4 paras yst\u00e4v\u00e4si ikuisesti.<\/span><\/em><\/div><\/div><\/div><\/div>\t\t\t\t\t\t\t\t<\/div>\n\t\t\t\t<\/div>\n\t\t\t\t<div class=\"elementor-element elementor-element-db164ff elementor-widget elementor-widget-button\" data-id=\"db164ff\" data-element_type=\"widget\" data-e-type=\"widget\" data-widget_type=\"button.default\">\n\t\t\t\t<div class=\"elementor-widget-container\">\n\t\t\t\t\t\t\t\t\t<div class=\"elementor-button-wrapper\">\n\t\t\t\t\t<a class=\"elementor-button elementor-button-link elementor-size-sm\" href=\"#\">\n\t\t\t\t\t\t<span class=\"elementor-button-content-wrapper\">\n\t\t\t\t\t\t\t\t\t<span class=\"elementor-button-text\">Luo oma Petosmos<\/span>\n\t\t\t\t\t<\/span>\n\t\t\t\t\t<\/a>\n\t\t\t\t<\/div>\n\t\t\t\t\t\t\t\t<\/div>\n\t\t\t\t<\/div>\n\t\t\t\t<\/div>\n\t\t\t\t\t<\/div>\n\t\t\t\t<\/div>\n\t\t\t\t<\/div>\n\t\t\t\t<\/div>\n\t\t\t\t<\/div>","protected":false},"excerpt":{"rendered":"<p>Where Love Takes Eternal Form. We do more than craft figurines; we capture the very soul of your beloved companion. [&hellip;]<\/p>\n","protected":false},"author":1,"featured_media":0,"parent":0,"menu_order":0,"comment_status":"closed","ping_status":"closed","template":"elementor_header_footer","meta":{"site-sidebar-layout":"no-sidebar","site-content-layout":"","ast-site-content-layout":"full-width-container","site-content-style":"default","site-sidebar-style":"default","ast-global-header-display":"","ast-banner-title-visibility":"","ast-main-header-display":"","ast-hfb-above-header-display":"","ast-hfb-below-header-display":"","ast-hfb-mobile-header-display":"","site-post-title":"","ast-breadcrumbs-content":"","ast-featured-img":"disabled","footer-sml-layout":"","ast-disable-related-posts":"","theme-transparent-header-meta":"","adv-header-id-meta":"","stick-header-meta":"","header-above-stick-meta":"","header-main-stick-meta":"","header-below-stick-meta":"","astra-migrate-meta-layouts":"default","ast-page-background-enabled":"default","ast-page-background-meta":{"desktop":{"background-color":"var(--ast-global-color-5)","background-image":"","background-repeat":"repeat","background-position":"center center","background-size":"auto","background-attachment":"scroll","background-type":"","background-media":"","overlay-type":"","overlay-color":"","overlay-opacity":"","overlay-gradient":""},"tablet":{"background-color":"","background-image":"","background-repeat":"repeat","background-position":"center center","background-size":"auto","background-attachment":"scroll","background-type":"","background-media":"","overlay-type":"","overlay-color":"","overlay-opacity":"","overlay-gradient":""},"mobile":{"background-color":"","background-image":"","background-repeat":"repeat","background-position":"center center","background-size":"auto","background-attachment":"scroll","background-type":"","background-media":"","overlay-type":"","overlay-color":"","overlay-opacity":"","overlay-gradient":""}},"ast-content-background-meta":{"desktop":{"background-color":"var(--ast-global-color-4)","background-image":"","background-repeat":"repeat","background-position":"center center","background-size":"auto","background-attachment":"scroll","background-type":"","background-media":"","overlay-type":"","overlay-color":"","overlay-opacity":"","overlay-gradient":""},"tablet":{"background-color":"var(--ast-global-color-4)","background-image":"","background-repeat":"repeat","background-position":"center center","background-size":"auto","background-attachment":"scroll","background-type":"","background-media":"","overlay-type":"","overlay-color":"","overlay-opacity":"","overlay-gradient":""},"mobile":{"background-color":"var(--ast-global-color-4)","background-image":"","background-repeat":"repeat","background-position":"center center","background-size":"auto","background-attachment":"scroll","background-type":"","background-media":"","overlay-type":"","overlay-color":"","overlay-opacity":"","overlay-gradient":""}},"footnotes":""},"class_list":["post-323","page","type-page","status-publish","hentry"],"_hostinger_reach_plugin_has_subscription_block":false,"_hostinger_reach_plugin_is_elementor":false,"_links":{"self":[{"href":"https:\/\/petosmos.com\/fi\/wp-json\/wp\/v2\/pages\/323","targetHints":{"allow":["GET"]}}],"collection":[{"href":"https:\/\/petosmos.com\/fi\/wp-json\/wp\/v2\/pages"}],"about":[{"href":"https:\/\/petosmos.com\/fi\/wp-json\/wp\/v2\/types\/page"}],"author":[{"embeddable":true,"href":"https:\/\/petosmos.com\/fi\/wp-json\/wp\/v2\/users\/1"}],"replies":[{"embeddable":true,"href":"https:\/\/petosmos.com\/fi\/wp-json\/wp\/v2\/comments?post=323"}],"version-history":[{"count":21,"href":"https:\/\/petosmos.com\/fi\/wp-json\/wp\/v2\/pages\/323\/revisions"}],"predecessor-version":[{"id":347,"href":"https:\/\/petosmos.com\/fi\/wp-json\/wp\/v2\/pages\/323\/revisions\/347"}],"wp:attachment":[{"href":"https:\/\/petosmos.com\/fi\/wp-json\/wp\/v2\/media?parent=323"}],"curies":[{"name":"wp","href":"https:\/\/api.w.org\/{rel}","templated":true}]}}