{"id":323,"date":"2026-03-12T07:20:27","date_gmt":"2026-03-12T07:20:27","guid":{"rendered":"https:\/\/petosmos.com\/?page_id=323"},"modified":"2026-03-12T07:51:37","modified_gmt":"2026-03-12T07:51:37","slug":"our-story","status":"publish","type":"page","link":"https:\/\/petosmos.com\/es\/our-story\/","title":{"rendered":"Nuestra historia"},"content":{"rendered":"<div data-elementor-type=\"wp-page\" data-elementor-id=\"323\" class=\"elementor elementor-323\" data-elementor-post-type=\"page\">\n\t\t\t\t<div class=\"elementor-element elementor-element-1df166d7 e-con-full e-flex e-con e-parent\" data-id=\"1df166d7\" data-element_type=\"container\" data-e-type=\"container\">\n\t\t<div class=\"elementor-element elementor-element-69937247 e-con-full e-flex e-con e-child\" data-id=\"69937247\" data-element_type=\"container\" data-e-type=\"container\" data-settings=\"{&quot;background_background&quot;:&quot;classic&quot;}\">\n\t\t<div class=\"elementor-element elementor-element-6c445a4 e-flex e-con-boxed e-con e-child\" data-id=\"6c445a4\" data-element_type=\"container\" data-e-type=\"container\">\n\t\t\t\t\t<div class=\"e-con-inner\">\n\t\t<div class=\"elementor-element elementor-element-1d32c32 e-con-full e-flex e-con e-child\" data-id=\"1d32c32\" data-element_type=\"container\" data-e-type=\"container\">\n\t\t\t\t<div class=\"elementor-element elementor-element-e751de8 elementor-widget elementor-widget-image\" data-id=\"e751de8\" data-element_type=\"widget\" data-e-type=\"widget\" data-widget_type=\"image.default\">\n\t\t\t\t<div class=\"elementor-widget-container\">\n\t\t\t\t\t\t\t\t\t\t\t\t\t\t\t<img fetchpriority=\"high\" decoding=\"async\" width=\"1024\" height=\"631\" src=\"https:\/\/petosmos.com\/wp-content\/uploads\/2026\/03\/Our-story-e1773300266143-1024x631.png\" class=\"attachment-large size-large wp-image-327 wvs-archive-product-image\" alt=\"\" srcset=\"https:\/\/petosmos.com\/wp-content\/uploads\/2026\/03\/Our-story-e1773300266143-1024x631.png 1024w, https:\/\/petosmos.com\/wp-content\/uploads\/2026\/03\/Our-story-e1773300266143-300x185.png 300w, https:\/\/petosmos.com\/wp-content\/uploads\/2026\/03\/Our-story-e1773300266143-768x473.png 768w, https:\/\/petosmos.com\/wp-content\/uploads\/2026\/03\/Our-story-e1773300266143-600x370.png 600w, https:\/\/petosmos.com\/wp-content\/uploads\/2026\/03\/Our-story-e1773300266143.png 1254w\" sizes=\"(max-width: 1024px) 100vw, 1024px\" \/>\t\t\t\t\t\t\t\t\t\t\t\t\t\t\t<\/div>\n\t\t\t\t<\/div>\n\t\t\t\t<\/div>\n\t\t<div class=\"elementor-element elementor-element-ba1855d e-con-full e-flex e-con e-child\" data-id=\"ba1855d\" data-element_type=\"container\" data-e-type=\"container\">\n\t\t\t\t<div class=\"elementor-element elementor-element-6862aed elementor-widget__width-initial elementor-widget-tablet__width-inherit elementor-widget elementor-widget-heading\" data-id=\"6862aed\" data-element_type=\"widget\" data-e-type=\"widget\" data-widget_type=\"heading.default\">\n\t\t\t\t<div class=\"elementor-widget-container\">\n\t\t\t\t\t<h2 class=\"elementor-heading-title elementor-size-default\">Donde el amor toma forma eterna.<\/h2>\t\t\t\t<\/div>\n\t\t\t\t<\/div>\n\t\t\t\t<div class=\"elementor-element elementor-element-4f7ee73 elementor-widget elementor-widget-text-editor\" data-id=\"4f7ee73\" data-element_type=\"widget\" data-e-type=\"widget\" data-widget_type=\"text-editor.default\">\n\t\t\t\t<div class=\"elementor-widget-container\">\n\t\t\t\t\t\t\t\t\t<p>Hacemos algo m\u00e1s que figuras artesanales: capturamos el alma misma de su querido compa\u00f1ero.<\/p>\t\t\t\t\t\t\t\t<\/div>\n\t\t\t\t<\/div>\n\t\t\t\t<\/div>\n\t\t\t\t\t<\/div>\n\t\t\t\t<\/div>\n\t\t\t\t<\/div>\n\t\t<div class=\"elementor-element elementor-element-0496ccd e-con-full e-flex e-con e-child\" data-id=\"0496ccd\" data-element_type=\"container\" data-e-type=\"container\" data-settings=\"{&quot;background_background&quot;:&quot;classic&quot;}\">\n\t\t<div class=\"elementor-element elementor-element-b77aade e-flex e-con-boxed e-con e-child\" data-id=\"b77aade\" data-element_type=\"container\" data-e-type=\"container\">\n\t\t\t\t\t<div class=\"e-con-inner\">\n\t\t<div class=\"elementor-element elementor-element-c0876b5 e-con-full e-flex e-con e-child\" data-id=\"c0876b5\" data-element_type=\"container\" data-e-type=\"container\">\n\t\t\t\t<div class=\"elementor-element elementor-element-008c2ec elementor-widget__width-initial elementor-widget-tablet__width-inherit elementor-widget elementor-widget-heading\" data-id=\"008c2ec\" data-element_type=\"widget\" data-e-type=\"widget\" data-widget_type=\"heading.default\">\n\t\t\t\t<div class=\"elementor-widget-container\">\n\t\t\t\t\t<h2 class=\"elementor-heading-title elementor-size-default\">Nuestra historia: El universo de su mascota sigue vivo\n<\/h2>\t\t\t\t<\/div>\n\t\t\t\t<\/div>\n\t\t\t\t<div class=\"elementor-element elementor-element-57333bd elementor-widget elementor-widget-text-editor\" data-id=\"57333bd\" data-element_type=\"widget\" data-e-type=\"widget\" data-widget_type=\"text-editor.default\">\n\t\t\t\t<div class=\"elementor-widget-container\">\n\t\t\t\t\t\t\t\t\t<div class=\"qk-md-paragraph\"><span class=\"qk-md-text complete\">Bienvenido a\u00a0<\/span><strong class=\"qk-md-strong complete\"><span class=\"qk-md-text complete\">Petosmos<\/span><\/strong><span class=\"qk-md-text complete\">.<\/span><\/div><div class=\"qk-md-paragraph\"><span class=\"qk-md-text complete\">Para el mundo, pueden ser s\u00f3lo mascotas. Pero para nosotros, son los guardianes silenciosos de nuestros secretos, el peso c\u00e1lido en nuestro regazo y el coraz\u00f3n palpitante de nuestro hogar. No son \u201canimales\u201d; son almas gemelas que dejan una huella indeleble en nuestras almas, una huella que el tiempo intenta borrar, pero que la memoria se niega a dejar.<\/span><\/div><div class=\"qk-md-paragraph\"><strong class=\"qk-md-strong complete\"><span class=\"qk-md-text complete\">Petosmos<\/span><\/strong><span class=\"qk-md-text complete\">\u00a0naci\u00f3 de una \u00fanica y profunda realizaci\u00f3n:\u00a0<\/span><strong class=\"qk-md-strong complete\"><span class=\"qk-md-text complete\">Las fotos captan un momento, pero la escultura capta una presencia.<\/span><\/strong><\/div><div class=\"qk-md-paragraph\"><span class=\"qk-md-text complete\">Fundada en 2022, nos propusimos tender un puente entre las im\u00e1genes fugaces y el amor eterno. Nos dimos cuenta de que, mientras que una foto guarda un recuerdo en un \u00e1lbum, una figurita personalizada devuelve ese recuerdo a la habitaci\u00f3n. Te permite alcanzar, tocar y sostener la esencia de tu mejor amigo una vez m\u00e1s.<\/span><\/div><div class=\"qk-md-paragraph\"><span class=\"qk-md-text complete\">Cada pieza que elaboramos es algo m\u00e1s que arcilla o resina; es un trozo tangible de su cosmos personal. Tanto si tu compa\u00f1ero te saluda hoy en la puerta como si corre libre en tus recuerdos, estamos aqu\u00ed para esculpir su esp\u00edritu en algo que puedas conservar para siempre.<\/span><\/div><div class=\"qk-md-paragraph\" data-spm-anchor-id=\"5176.28103460.0.i48.4f0e7551XDlBQK\"><span class=\"qk-md-text complete\">En Petosmos, no s\u00f3lo hacemos figuritas.\u00a0<\/span><strong class=\"qk-md-strong complete\"><span class=\"qk-md-text complete\">Conservamos el universo que compartiste.<\/span><\/strong><\/div>\t\t\t\t\t\t\t\t<\/div>\n\t\t\t\t<\/div>\n\t\t\t\t<\/div>\n\t\t\t\t\t<\/div>\n\t\t\t\t<\/div>\n\t\t\t\t<\/div>\n\t\t<div class=\"elementor-element elementor-element-08bce49 e-con-full e-flex e-con e-child\" data-id=\"08bce49\" data-element_type=\"container\" data-e-type=\"container\" data-settings=\"{&quot;background_background&quot;:&quot;classic&quot;}\">\n\t\t<div class=\"elementor-element elementor-element-5fb81d5 e-flex e-con-boxed e-con e-child\" data-id=\"5fb81d5\" data-element_type=\"container\" data-e-type=\"container\">\n\t\t\t\t\t<div class=\"e-con-inner\">\n\t\t<div class=\"elementor-element elementor-element-0e11350 e-con-full e-flex e-con e-child\" data-id=\"0e11350\" data-element_type=\"container\" data-e-type=\"container\">\n\t\t\t\t<div class=\"elementor-element elementor-element-156f7f3 elementor-widget__width-initial elementor-widget-tablet__width-inherit elementor-widget elementor-widget-heading\" data-id=\"156f7f3\" data-element_type=\"widget\" data-e-type=\"widget\" data-widget_type=\"heading.default\">\n\t\t\t\t<div class=\"elementor-widget-container\">\n\t\t\t\t\t<h2 class=\"elementor-heading-title elementor-size-default\">El arte de crear: Donde la precisi\u00f3n se une al alma\n<\/h2>\t\t\t\t<\/div>\n\t\t\t\t<\/div>\n\t\t\t\t<div class=\"elementor-element elementor-element-4775878 elementor-widget elementor-widget-text-editor\" data-id=\"4775878\" data-element_type=\"widget\" data-e-type=\"widget\" data-widget_type=\"text-editor.default\">\n\t\t\t\t<div class=\"elementor-widget-container\">\n\t\t\t\t\t\t\t\t\t<div class=\"qk-md-paragraph\"><div class=\"qk-md-paragraph\"><span class=\"qk-md-text complete\">En\u00a0<\/span><strong class=\"qk-md-strong complete\"><span class=\"qk-md-text complete\">Petosmos<\/span><\/strong><span class=\"qk-md-text complete\">, Creemos que capturar la esencia de su amado compa\u00f1ero requiere algo m\u00e1s que tecnolog\u00eda avanzada: exige el ojo de un artista y el coraz\u00f3n de un creador.<\/span><\/div><div class=\"qk-md-paragraph\"><span class=\"qk-md-text complete\">Nuestro proceso es una danza armoniosa entre\u00a0<\/span><strong class=\"qk-md-strong complete\"><span class=\"qk-md-text complete\">precisi\u00f3n digital e intuici\u00f3n humana<\/span><\/strong><span class=\"qk-md-text complete\">.<\/span><\/div><div class=\"qk-md-paragraph\"><span class=\"qk-md-text complete\">Comienza con nuestros maestros escultores, que no se limitan a mirar tus fotos, sino que\u00a0<\/span><em class=\"qk-md-em\"><span class=\"qk-md-text complete\">estudiar<\/span><\/em><span class=\"qk-md-text complete\">\u00a0ellos. Analizan la inclinaci\u00f3n \u00fanica de una oreja, la chispa espec\u00edfica de los ojos y la postura sutil que hace que su mascota sea inconfundiblemente\u00a0<\/span><em class=\"qk-md-em\"><span class=\"qk-md-text complete\">ellos<\/span><\/em><span class=\"qk-md-text complete\">. Mediante el modelado digital de alta precisi\u00f3n, construimos la base perfecta, garantizando que cada curva y contorno sean anat\u00f3micamente exactos. Pero aqu\u00ed, la tecnolog\u00eda no llega a la automatizaci\u00f3n; simplemente prepara el terreno.<\/span><\/div><div class=\"qk-md-paragraph\"><strong class=\"qk-md-strong complete\"><span class=\"qk-md-text complete\">Aqu\u00ed es donde se impone el toque humano.<\/span><\/strong><\/div><div class=\"qk-md-paragraph\"><span class=\"qk-md-text complete\">Una vez fundido el molde, pasa a manos de nuestros coloristas profesionales. Aqu\u00ed no hay cadenas de montaje. Cada figura se\u00a0<\/span><strong class=\"qk-md-strong complete\"><span class=\"qk-md-text complete\">pulido a mano, pintado a mano y acabado con esmero<\/span><\/strong><span class=\"qk-md-text complete\">. Aplicamos capas de pinturas de primera calidad para imitar la suavidad del pelaje, la profundidad de las marcas y la calidez de la vida misma.<\/span><\/div><div class=\"qk-md-paragraph\" data-spm-anchor-id=\"5176.28103460.0.i53.4f0e7551XDlBQK\"><span class=\"qk-md-text complete\">No nos limitamos a replicar una imagen; resucitamos un esp\u00edritu. En Petosmos, cada pincelada es un homenaje al v\u00ednculo que compart\u00eds, convirtiendo un archivo digital en una pieza tangible de vuestro universo personal.<\/span><\/div><\/div>\t\t\t\t\t\t\t\t<\/div>\n\t\t\t\t<\/div>\n\t\t\t\t<\/div>\n\t\t\t\t\t<\/div>\n\t\t\t\t<\/div>\n\t\t\t\t<\/div>\n\t\t<div class=\"elementor-element elementor-element-1b38aa4 e-con-full e-flex e-con e-child\" data-id=\"1b38aa4\" data-element_type=\"container\" data-e-type=\"container\" data-settings=\"{&quot;background_background&quot;:&quot;classic&quot;}\">\n\t\t<div class=\"elementor-element elementor-element-d1f2539 e-flex e-con-boxed e-con e-child\" data-id=\"d1f2539\" data-element_type=\"container\" data-e-type=\"container\" data-settings=\"{&quot;background_background&quot;:&quot;classic&quot;}\">\n\t\t\t\t\t<div class=\"e-con-inner\">\n\t\t<div class=\"elementor-element elementor-element-dc2cb93 e-con-full e-flex e-con e-child\" data-id=\"dc2cb93\" data-element_type=\"container\" data-e-type=\"container\">\n\t\t\t\t<div class=\"elementor-element elementor-element-da715fa elementor-widget__width-initial elementor-widget-tablet__width-inherit elementor-widget elementor-widget-heading\" data-id=\"da715fa\" data-element_type=\"widget\" data-e-type=\"widget\" data-widget_type=\"heading.default\">\n\t\t\t\t<div class=\"elementor-widget-container\">\n\t\t\t\t\t<h2 class=\"elementor-heading-title elementor-size-default\">Nuestra promesa y nuestros valores: Un pacto de amor\nM\u00e1s que un regalo. Un viaje de curaci\u00f3n.<\/h2>\t\t\t\t<\/div>\n\t\t\t\t<\/div>\n\t\t\t\t<div class=\"elementor-element elementor-element-850ed91 elementor-widget elementor-widget-text-editor\" data-id=\"850ed91\" data-element_type=\"widget\" data-e-type=\"widget\" data-widget_type=\"text-editor.default\">\n\t\t\t\t<div class=\"elementor-widget-container\">\n\t\t\t\t\t\t\t\t\t<div class=\"qk-md-paragraph\"><div class=\"qk-md-paragraph\"><div class=\"qk-md-paragraph\"><span class=\"qk-md-text complete\">En\u00a0<\/span><strong class=\"qk-md-strong complete\"><span class=\"qk-md-text complete\">Petosmos<\/span><\/strong><span class=\"qk-md-text complete\">, hemos aprendido que nuestro verdadero oficio no es s\u00f3lo esculpir figuras, sino facilitar\u00a0<\/span><strong class=\"qk-md-strong complete\"><span class=\"qk-md-text complete\">curaci\u00f3n y conexi\u00f3n<\/span><\/strong><span class=\"qk-md-text complete\">. Nos sentimos profundamente honrados de caminar a su lado, tanto si est\u00e1 atravesando las tranquilas profundidades del dolor como si est\u00e1 celebrando un hito feliz o simplemente atesorando un recuerdo que se niega a desvanecerse.<\/span><\/div><div class=\"qk-md-paragraph\"><strong class=\"qk-md-strong complete\"><span class=\"qk-md-text complete\">Estamos contigo en todo momento.<\/span><\/strong><br \/><span class=\"qk-md-text complete\">Desde el momento en que comparte con nosotros la historia de su mascota hasta el instante en que su retrato llega a sus manos, nunca estar\u00e1 solo en este proceso. Creemos que la verdadera personalizaci\u00f3n requiere algo m\u00e1s que instrucciones; requiere\u00a0<\/span><strong class=\"qk-md-strong complete\"><span class=\"qk-md-text complete\">conversaci\u00f3n<\/span><\/strong><span class=\"qk-md-text complete\">. Nuestro equipo mantiene una comunicaci\u00f3n estrecha y compasiva para garantizar que cada detalle de su visi\u00f3n se capte con precisi\u00f3n y cuidado.<\/span><\/div><div class=\"qk-md-paragraph\"><strong class=\"qk-md-strong complete\"><span class=\"qk-md-text complete\">El amor no conoce fronteras.<\/span><\/strong><br \/><span class=\"qk-md-text complete\">Con\u00a0<\/span><strong class=\"qk-md-strong complete\"><span class=\"qk-md-text complete\">env\u00edo gratuito a todo el mundo<\/span><\/strong><span class=\"qk-md-text complete\">, Creemos que la distancia nunca debe separarte del recuerdo de tu mejor amigo. Nuestro compromiso va m\u00e1s all\u00e1 de entregar un paquete; entregamos un momento de consuelo, una chispa de alegr\u00eda y una pieza tangible de vuestro universo compartido.<\/span><\/div><div class=\"qk-md-paragraph\" data-spm-anchor-id=\"5176.28103460.0.i58.4f0e7551XDlBQK\"><strong class=\"qk-md-strong complete\"><span class=\"qk-md-text complete\">Nuestra promesa solemne:<\/span><\/strong><br \/><span class=\"qk-md-text complete\">Nos esforzamos por conseguir la satisfacci\u00f3n 100%, no porque sea un buen negocio, sino porque su confianza es sagrada. Gracias por elegir\u00a0<\/span><strong class=\"qk-md-strong complete\"><span class=\"qk-md-text complete\">Petosmos<\/span><\/strong><span class=\"qk-md-text complete\">\u00a0para contar su historia. Es para nosotros un gran privilegio ayudarles a preservar el amor que comparten, en una forma que puedan sostener, abrazar y apreciar para siempre.<\/span><\/div><\/div><\/div>\t\t\t\t\t\t\t\t<\/div>\n\t\t\t\t<\/div>\n\t\t\t\t<\/div>\n\t\t\t\t\t<\/div>\n\t\t\t\t<\/div>\n\t\t\t\t<\/div>\n\t\t<div class=\"elementor-element elementor-element-eb41501 e-con-full e-flex e-con e-child\" data-id=\"eb41501\" data-element_type=\"container\" data-e-type=\"container\" data-settings=\"{&quot;background_background&quot;:&quot;classic&quot;}\">\n\t\t<div class=\"elementor-element elementor-element-1459196 e-flex e-con-boxed e-con e-child\" data-id=\"1459196\" data-element_type=\"container\" data-e-type=\"container\" data-settings=\"{&quot;background_background&quot;:&quot;classic&quot;}\">\n\t\t\t\t\t<div class=\"e-con-inner\">\n\t\t<div class=\"elementor-element elementor-element-13eb9c2 e-con-full e-flex e-con e-child\" data-id=\"13eb9c2\" data-element_type=\"container\" data-e-type=\"container\">\n\t\t\t\t<div class=\"elementor-element elementor-element-79e8bb4 elementor-widget__width-initial elementor-widget-tablet__width-inherit elementor-widget elementor-widget-heading\" data-id=\"79e8bb4\" data-element_type=\"widget\" data-e-type=\"widget\" data-widget_type=\"heading.default\">\n\t\t\t\t<div class=\"elementor-widget-container\">\n\t\t\t\t\t<h2 class=\"elementor-heading-title elementor-size-default\">Donde el amor toma forma viva\nTransforme una foto preciada en una obra maestra atemporal.<\/h2>\t\t\t\t<\/div>\n\t\t\t\t<\/div>\n\t\t\t\t<div class=\"elementor-element elementor-element-f4e8752 elementor-widget elementor-widget-text-editor\" data-id=\"f4e8752\" data-element_type=\"widget\" data-e-type=\"widget\" data-widget_type=\"text-editor.default\">\n\t\t\t\t<div class=\"elementor-widget-container\">\n\t\t\t\t\t\t\t\t\t<div class=\"qk-md-paragraph\"><div class=\"qk-md-paragraph\"><div class=\"qk-md-paragraph\"><div class=\"qk-md-paragraph\"><span class=\"qk-md-text complete\">En\u00a0<\/span><strong class=\"qk-md-strong complete\"><span class=\"qk-md-text complete\">Petosmos<\/span><\/strong><span class=\"qk-md-text complete\" data-spm-anchor-id=\"5176.28103460.0.i62.4f0e7551XDlBQK\">, no s\u00f3lo esculpimos figuras, sino que resucitamos esp\u00edritus. Nuestros artistas dise\u00f1an meticulosamente, moldean con precisi\u00f3n y pintan a mano cada detalle para devolver la vida a tu recuerdo favorito.<\/span><\/div><div class=\"qk-md-paragraph\" data-spm-anchor-id=\"5176.28103460.0.i63.4f0e7551XDlBQK\"><em class=\"qk-md-em\"><span class=\"qk-md-text complete\">Desde una imagen plana hasta un abrazo en 3D: abrace a su mejor amigo para siempre.<\/span><\/em><\/div><\/div><\/div><\/div>\t\t\t\t\t\t\t\t<\/div>\n\t\t\t\t<\/div>\n\t\t\t\t<div class=\"elementor-element elementor-element-db164ff elementor-widget elementor-widget-button\" data-id=\"db164ff\" data-element_type=\"widget\" data-e-type=\"widget\" data-widget_type=\"button.default\">\n\t\t\t\t<div class=\"elementor-widget-container\">\n\t\t\t\t\t\t\t\t\t<div class=\"elementor-button-wrapper\">\n\t\t\t\t\t<a class=\"elementor-button elementor-button-link elementor-size-sm\" href=\"#\">\n\t\t\t\t\t\t<span class=\"elementor-button-content-wrapper\">\n\t\t\t\t\t\t\t\t\t<span class=\"elementor-button-text\">Cree su Petosmos<\/span>\n\t\t\t\t\t<\/span>\n\t\t\t\t\t<\/a>\n\t\t\t\t<\/div>\n\t\t\t\t\t\t\t\t<\/div>\n\t\t\t\t<\/div>\n\t\t\t\t<\/div>\n\t\t\t\t\t<\/div>\n\t\t\t\t<\/div>\n\t\t\t\t<\/div>\n\t\t\t\t<\/div>\n\t\t\t\t<\/div>","protected":false},"excerpt":{"rendered":"<p>Where Love Takes Eternal Form. We do more than craft figurines; we capture the very soul of your beloved companion. [&hellip;]<\/p>\n","protected":false},"author":1,"featured_media":0,"parent":0,"menu_order":0,"comment_status":"closed","ping_status":"closed","template":"elementor_header_footer","meta":{"site-sidebar-layout":"no-sidebar","site-content-layout":"","ast-site-content-layout":"full-width-container","site-content-style":"default","site-sidebar-style":"default","ast-global-header-display":"","ast-banner-title-visibility":"","ast-main-header-display":"","ast-hfb-above-header-display":"","ast-hfb-below-header-display":"","ast-hfb-mobile-header-display":"","site-post-title":"","ast-breadcrumbs-content":"","ast-featured-img":"disabled","footer-sml-layout":"","ast-disable-related-posts":"","theme-transparent-header-meta":"","adv-header-id-meta":"","stick-header-meta":"","header-above-stick-meta":"","header-main-stick-meta":"","header-below-stick-meta":"","astra-migrate-meta-layouts":"default","ast-page-background-enabled":"default","ast-page-background-meta":{"desktop":{"background-color":"var(--ast-global-color-5)","background-image":"","background-repeat":"repeat","background-position":"center center","background-size":"auto","background-attachment":"scroll","background-type":"","background-media":"","overlay-type":"","overlay-color":"","overlay-opacity":"","overlay-gradient":""},"tablet":{"background-color":"","background-image":"","background-repeat":"repeat","background-position":"center center","background-size":"auto","background-attachment":"scroll","background-type":"","background-media":"","overlay-type":"","overlay-color":"","overlay-opacity":"","overlay-gradient":""},"mobile":{"background-color":"","background-image":"","background-repeat":"repeat","background-position":"center center","background-size":"auto","background-attachment":"scroll","background-type":"","background-media":"","overlay-type":"","overlay-color":"","overlay-opacity":"","overlay-gradient":""}},"ast-content-background-meta":{"desktop":{"background-color":"var(--ast-global-color-4)","background-image":"","background-repeat":"repeat","background-position":"center center","background-size":"auto","background-attachment":"scroll","background-type":"","background-media":"","overlay-type":"","overlay-color":"","overlay-opacity":"","overlay-gradient":""},"tablet":{"background-color":"var(--ast-global-color-4)","background-image":"","background-repeat":"repeat","background-position":"center center","background-size":"auto","background-attachment":"scroll","background-type":"","background-media":"","overlay-type":"","overlay-color":"","overlay-opacity":"","overlay-gradient":""},"mobile":{"background-color":"var(--ast-global-color-4)","background-image":"","background-repeat":"repeat","background-position":"center center","background-size":"auto","background-attachment":"scroll","background-type":"","background-media":"","overlay-type":"","overlay-color":"","overlay-opacity":"","overlay-gradient":""}},"footnotes":""},"class_list":["post-323","page","type-page","status-publish","hentry"],"_hostinger_reach_plugin_has_subscription_block":false,"_hostinger_reach_plugin_is_elementor":false,"_links":{"self":[{"href":"https:\/\/petosmos.com\/es\/wp-json\/wp\/v2\/pages\/323","targetHints":{"allow":["GET"]}}],"collection":[{"href":"https:\/\/petosmos.com\/es\/wp-json\/wp\/v2\/pages"}],"about":[{"href":"https:\/\/petosmos.com\/es\/wp-json\/wp\/v2\/types\/page"}],"author":[{"embeddable":true,"href":"https:\/\/petosmos.com\/es\/wp-json\/wp\/v2\/users\/1"}],"replies":[{"embeddable":true,"href":"https:\/\/petosmos.com\/es\/wp-json\/wp\/v2\/comments?post=323"}],"version-history":[{"count":21,"href":"https:\/\/petosmos.com\/es\/wp-json\/wp\/v2\/pages\/323\/revisions"}],"predecessor-version":[{"id":347,"href":"https:\/\/petosmos.com\/es\/wp-json\/wp\/v2\/pages\/323\/revisions\/347"}],"wp:attachment":[{"href":"https:\/\/petosmos.com\/es\/wp-json\/wp\/v2\/media?parent=323"}],"curies":[{"name":"wp","href":"https:\/\/api.w.org\/{rel}","templated":true}]}}