{"id":524,"date":"2026-04-02T06:57:00","date_gmt":"2026-04-02T06:57:00","guid":{"rendered":"https:\/\/petosmos.com\/?page_id=524"},"modified":"2026-04-02T07:03:48","modified_gmt":"2026-04-02T07:03:48","slug":"production-shipping-policy","status":"publish","type":"page","link":"https:\/\/petosmos.com\/de\/production-shipping-policy\/","title":{"rendered":"Produktion &amp; Versandpolitik"},"content":{"rendered":"<div data-elementor-type=\"wp-page\" data-elementor-id=\"524\" class=\"elementor elementor-524\" data-elementor-post-type=\"page\">\n\t\t\t\t<div class=\"elementor-element elementor-element-276e337 e-flex e-con-boxed e-con e-parent\" data-id=\"276e337\" data-element_type=\"container\" data-e-type=\"container\">\n\t\t\t\t\t<div class=\"e-con-inner\">\n\t\t\t\t<div class=\"elementor-element elementor-element-e15449b elementor-widget elementor-widget-heading\" data-id=\"e15449b\" data-element_type=\"widget\" data-e-type=\"widget\" data-widget_type=\"heading.default\">\n\t\t\t\t<div class=\"elementor-widget-container\">\n\t\t\t\t\t<h1 class=\"elementor-heading-title elementor-size-default\">Produktion &amp; Versandpolitik<\/h1>\t\t\t\t<\/div>\n\t\t\t\t<\/div>\n\t\t\t\t<div class=\"elementor-element elementor-element-55d87de elementor-widget elementor-widget-text-editor\" data-id=\"55d87de\" data-element_type=\"widget\" data-e-type=\"widget\" data-widget_type=\"text-editor.default\">\n\t\t\t\t<div class=\"elementor-widget-container\">\n\t\t\t\t\t\t\t\t\t<p data-path-to-node=\"3\">Unter <b data-path-to-node=\"3\" data-index-in-node=\"3\">Petosmos<\/b>, haben wir uns auf einzigartige, handgefertigte Andenken spezialisiert. Da jeder Artikel an die einzigartigen Eigenschaften Ihres Haustieres angepasst wird, ist unser Erf\u00fcllungsprozess mit gro\u00dfer Kunstfertigkeit und Sorgfalt verbunden.<\/p><h3 data-path-to-node=\"4\">1. Produktionszeitplan (Die k\u00fcnstlerische Phase)<\/h3><p data-path-to-node=\"5\">Unsere Produktionszeiten h\u00e4ngen von der Komplexit\u00e4t des von Ihnen bestellten Artikels ab:<\/p><ul data-path-to-node=\"6\"><li><p data-path-to-node=\"6,0,0\"><b data-path-to-node=\"6,0,0\" data-index-in-node=\"0\">Individuelle Nadelfilz-Figuren und Gedenkurnen:<\/b><\/p><ul data-path-to-node=\"6,0,1\"><li><p data-path-to-node=\"6,0,1,0,0\"><b data-path-to-node=\"6,0,1,0,0\" data-index-in-node=\"0\">Standard-Bestellung:<\/b> Versandfertig in ca. <b data-path-to-node=\"6,0,1,0,0\" data-index-in-node=\"41\">6-8 Wochen<\/b>. Diese Zeitspanne erm\u00f6glicht es unseren K\u00fcnstlern, das Abbild Ihres Haustieres sorgf\u00e4ltig zu modellieren und zu malen, um sicherzustellen, dass jedes Detail eingefangen wird.<\/p><\/li><li><p data-path-to-node=\"6,0,1,1,0\"><b data-path-to-node=\"6,0,1,1,0\" data-index-in-node=\"0\">Vorrangiger Tribut (Eilauftrag):<\/b> Versandfertig in ca. <b data-path-to-node=\"6,0,1,1,0\" data-index-in-node=\"56\">3-4 Wochen<\/b>. Diese Auftr\u00e4ge werden in der Warteschlange unseres Studios nach vorne gestellt.<\/p><\/li><\/ul><\/li><li><p data-path-to-node=\"6,1,0\"><b data-path-to-node=\"6,1,0\" data-index-in-node=\"0\">Individuelle Haustier-Fototassen:<\/b><\/p><ul data-path-to-node=\"6,1,1\"><li><p data-path-to-node=\"6,1,1,0,0\"><b data-path-to-node=\"6,1,1,0,0\" data-index-in-node=\"0\">Bearbeitungszeit:<\/b> <b data-path-to-node=\"6,1,1,0,0\" data-index-in-node=\"17\">3-5 Arbeitstage<\/b>. Jede Tasse wird individuell bedruckt und einer Qualit\u00e4tskontrolle unterzogen, bevor sie unser Atelier verl\u00e4sst.<\/p><\/li><\/ul><\/li><\/ul><p data-path-to-node=\"7\"><b data-path-to-node=\"7\" data-index-in-node=\"0\">Wichtiger Hinweis zu Revisionen:<\/b> Wenn Sie w\u00e4hrend des \u00dcberpr\u00fcfungsprozesses \u00c4nderungen am Design w\u00fcnschen (z. B. \u201cbitte passen Sie die Fellfarbe an\u201d oder \u201cmachen Sie die Ohren spitzer\u201d), verl\u00e4ngert dies nat\u00fcrlich die Produktionszeit. Perfektion ist eine Partnerschaft, und wir m\u00f6chten, dass Sie das Endergebnis lieben!<\/p><hr data-path-to-node=\"8\" \/><h3 data-path-to-node=\"9\">2. Versandprozess &amp; Lieferung<\/h3><p data-path-to-node=\"10\">Sobald Ihr Einzelst\u00fcck unsere abschlie\u00dfende Qualit\u00e4tspr\u00fcfung bestanden hat, beginnt es seine Reise zu Ihnen.<\/p><ul data-path-to-node=\"11\"><li><p data-path-to-node=\"11,0,0\"><b data-path-to-node=\"11,0,0\" data-index-in-node=\"0\">Sichere Verpackung:<\/b> Wir behandeln jeden Gegenstand wie einen Schatz. Wir verwenden mehrere Lagen extradicker Schutzpolster und individuelle Verpackungen, damit Ihr Andenken sicher ankommt.<\/p><\/li><li><p data-path-to-node=\"11,1,0\"><b data-path-to-node=\"11,1,0\" data-index-in-node=\"0\">Verfolgung Ihrer Bestellung:<\/b> Sobald Ihr Paket unser Studio verl\u00e4sst, erhalten Sie eine Versandbest\u00e4tigung per E-Mail mit Ihren <b data-path-to-node=\"11,1,0\" data-index-in-node=\"127\">Verfolgungsnummer<\/b>. Sie k\u00f6nnen jeden Schritt der Entwicklung verfolgen.<\/p><\/li><\/ul><p data-path-to-node=\"12\"><b data-path-to-node=\"12\" data-index-in-node=\"0\">Gesch\u00e4tzte Lieferzeiten:<\/b><\/p><ul data-path-to-node=\"13\"><li><p data-path-to-node=\"13,0,0\"><b data-path-to-node=\"13,0,0\" data-index-in-node=\"0\">Vereinigte Staaten:<\/b> 7-12 Arbeitstage.<\/p><\/li><li><p data-path-to-node=\"13,1,0\"><b data-path-to-node=\"13,1,0\" data-index-in-node=\"0\">International:<\/b> 10-20 Werktage (variiert je nach Bestimmungsort).<\/p><\/li><\/ul><hr data-path-to-node=\"14\" \/><h3 data-path-to-node=\"15\">3. Zollgeb\u00fchren und Steuern<\/h3><p data-path-to-node=\"16\">Bei internationalen Bestellungen au\u00dferhalb der USA beachten Sie bitte, dass <b data-path-to-node=\"16\" data-index-in-node=\"58\">Petosmos<\/b> ist nicht verantwortlich f\u00fcr Z\u00f6lle, Steuern oder Importgeb\u00fchren, die von Ihrer lokalen Regierung erhoben werden k\u00f6nnen.<\/p><hr data-path-to-node=\"17\" \/><h3 data-path-to-node=\"18\">4. R\u00fcckgabe- und Erstattungsbedingungen (f\u00fcr kundenspezifische Artikel)<\/h3><p data-path-to-node=\"19\">Aufgrund der hochgradig personalisierten Natur unserer Produkte, sind wir <b data-path-to-node=\"19\" data-index-in-node=\"58\">nicht<\/b> R\u00fccksendungen akzeptieren oder R\u00fcckerstattungen bei \u201cMeinungs\u00e4nderung\u201d anbieten.\u201d<\/p><ul data-path-to-node=\"20\"><li><p data-path-to-node=\"20,0,0\"><b data-path-to-node=\"20,0,0\" data-index-in-node=\"0\">Besch\u00e4digte Gegenst\u00e4nde:<\/b> Wenn Ihre Bestellung besch\u00e4digt oder mit einem offensichtlichen Herstellungsfehler ankommt, kontaktieren Sie uns bitte unter <b data-path-to-node=\"20,0,0\" data-index-in-node=\"104\">sales@petosmos.com<\/b> innerhalb <b data-path-to-node=\"20,0,0\" data-index-in-node=\"132\">48 Stunden<\/b> der Lieferung mit deutlichen Fotos des Problems. Wir werden sofort einen Ersatz oder eine Reparatur f\u00fcr Sie organisieren.<\/p><\/li><\/ul>\t\t\t\t\t\t\t\t<\/div>\n\t\t\t\t<\/div>\n\t\t\t\t\t<\/div>\n\t\t\t\t<\/div>\n\t\t\t\t<\/div>","protected":false},"excerpt":{"rendered":"<p>Production &amp; Shipping Policy At Petosmos, we specialize in one-of-a-kind, handcrafted keepsakes. Because each item is customized to your pet&#8217;s [&hellip;]<\/p>\n","protected":false},"author":1,"featured_media":0,"parent":0,"menu_order":0,"comment_status":"closed","ping_status":"closed","template":"elementor_header_footer","meta":{"site-sidebar-layout":"no-sidebar","site-content-layout":"","ast-site-content-layout":"full-width-container","site-content-style":"default","site-sidebar-style":"default","ast-global-header-display":"","ast-banner-title-visibility":"","ast-main-header-display":"","ast-hfb-above-header-display":"","ast-hfb-below-header-display":"","ast-hfb-mobile-header-display":"","site-post-title":"","ast-breadcrumbs-content":"","ast-featured-img":"disabled","footer-sml-layout":"","ast-disable-related-posts":"","theme-transparent-header-meta":"","adv-header-id-meta":"","stick-header-meta":"","header-above-stick-meta":"","header-main-stick-meta":"","header-below-stick-meta":"","astra-migrate-meta-layouts":"default","ast-page-background-enabled":"default","ast-page-background-meta":{"desktop":{"background-color":"var(--ast-global-color-5)","background-image":"","background-repeat":"repeat","background-position":"center center","background-size":"auto","background-attachment":"scroll","background-type":"","background-media":"","overlay-type":"","overlay-color":"","overlay-opacity":"","overlay-gradient":""},"tablet":{"background-color":"","background-image":"","background-repeat":"repeat","background-position":"center center","background-size":"auto","background-attachment":"scroll","background-type":"","background-media":"","overlay-type":"","overlay-color":"","overlay-opacity":"","overlay-gradient":""},"mobile":{"background-color":"","background-image":"","background-repeat":"repeat","background-position":"center center","background-size":"auto","background-attachment":"scroll","background-type":"","background-media":"","overlay-type":"","overlay-color":"","overlay-opacity":"","overlay-gradient":""}},"ast-content-background-meta":{"desktop":{"background-color":"var(--ast-global-color-4)","background-image":"","background-repeat":"repeat","background-position":"center center","background-size":"auto","background-attachment":"scroll","background-type":"","background-media":"","overlay-type":"","overlay-color":"","overlay-opacity":"","overlay-gradient":""},"tablet":{"background-color":"var(--ast-global-color-4)","background-image":"","background-repeat":"repeat","background-position":"center center","background-size":"auto","background-attachment":"scroll","background-type":"","background-media":"","overlay-type":"","overlay-color":"","overlay-opacity":"","overlay-gradient":""},"mobile":{"background-color":"var(--ast-global-color-4)","background-image":"","background-repeat":"repeat","background-position":"center center","background-size":"auto","background-attachment":"scroll","background-type":"","background-media":"","overlay-type":"","overlay-color":"","overlay-opacity":"","overlay-gradient":""}},"footnotes":""},"class_list":["post-524","page","type-page","status-publish","hentry"],"_hostinger_reach_plugin_has_subscription_block":false,"_hostinger_reach_plugin_is_elementor":false,"_links":{"self":[{"href":"https:\/\/petosmos.com\/de\/wp-json\/wp\/v2\/pages\/524","targetHints":{"allow":["GET"]}}],"collection":[{"href":"https:\/\/petosmos.com\/de\/wp-json\/wp\/v2\/pages"}],"about":[{"href":"https:\/\/petosmos.com\/de\/wp-json\/wp\/v2\/types\/page"}],"author":[{"embeddable":true,"href":"https:\/\/petosmos.com\/de\/wp-json\/wp\/v2\/users\/1"}],"replies":[{"embeddable":true,"href":"https:\/\/petosmos.com\/de\/wp-json\/wp\/v2\/comments?post=524"}],"version-history":[{"count":10,"href":"https:\/\/petosmos.com\/de\/wp-json\/wp\/v2\/pages\/524\/revisions"}],"predecessor-version":[{"id":538,"href":"https:\/\/petosmos.com\/de\/wp-json\/wp\/v2\/pages\/524\/revisions\/538"}],"wp:attachment":[{"href":"https:\/\/petosmos.com\/de\/wp-json\/wp\/v2\/media?parent=524"}],"curies":[{"name":"wp","href":"https:\/\/api.w.org\/{rel}","templated":true}]}}