{"id":323,"date":"2026-03-12T07:20:27","date_gmt":"2026-03-12T07:20:27","guid":{"rendered":"https:\/\/petosmos.com\/?page_id=323"},"modified":"2026-03-12T07:51:37","modified_gmt":"2026-03-12T07:51:37","slug":"our-story","status":"publish","type":"page","link":"https:\/\/petosmos.com\/de\/our-story\/","title":{"rendered":"Unsere Geschichte"},"content":{"rendered":"<div data-elementor-type=\"wp-page\" data-elementor-id=\"323\" class=\"elementor elementor-323\" data-elementor-post-type=\"page\">\n\t\t\t\t<div class=\"elementor-element elementor-element-1df166d7 e-con-full e-flex e-con e-parent\" data-id=\"1df166d7\" data-element_type=\"container\" data-e-type=\"container\">\n\t\t<div class=\"elementor-element elementor-element-69937247 e-con-full e-flex e-con e-child\" data-id=\"69937247\" data-element_type=\"container\" data-e-type=\"container\" data-settings=\"{&quot;background_background&quot;:&quot;classic&quot;}\">\n\t\t<div class=\"elementor-element elementor-element-6c445a4 e-flex e-con-boxed e-con e-child\" data-id=\"6c445a4\" data-element_type=\"container\" data-e-type=\"container\">\n\t\t\t\t\t<div class=\"e-con-inner\">\n\t\t<div class=\"elementor-element elementor-element-1d32c32 e-con-full e-flex e-con e-child\" data-id=\"1d32c32\" data-element_type=\"container\" data-e-type=\"container\">\n\t\t\t\t<div class=\"elementor-element elementor-element-e751de8 elementor-widget elementor-widget-image\" data-id=\"e751de8\" data-element_type=\"widget\" data-e-type=\"widget\" data-widget_type=\"image.default\">\n\t\t\t\t<div class=\"elementor-widget-container\">\n\t\t\t\t\t\t\t\t\t\t\t\t\t\t\t<img fetchpriority=\"high\" decoding=\"async\" width=\"1024\" height=\"631\" src=\"https:\/\/petosmos.com\/wp-content\/uploads\/2026\/03\/Our-story-e1773300266143-1024x631.png\" class=\"attachment-large size-large wp-image-327 wvs-archive-product-image\" alt=\"\" srcset=\"https:\/\/petosmos.com\/wp-content\/uploads\/2026\/03\/Our-story-e1773300266143-1024x631.png 1024w, https:\/\/petosmos.com\/wp-content\/uploads\/2026\/03\/Our-story-e1773300266143-300x185.png 300w, https:\/\/petosmos.com\/wp-content\/uploads\/2026\/03\/Our-story-e1773300266143-768x473.png 768w, https:\/\/petosmos.com\/wp-content\/uploads\/2026\/03\/Our-story-e1773300266143-600x370.png 600w, https:\/\/petosmos.com\/wp-content\/uploads\/2026\/03\/Our-story-e1773300266143.png 1254w\" sizes=\"(max-width: 1024px) 100vw, 1024px\" \/>\t\t\t\t\t\t\t\t\t\t\t\t\t\t\t<\/div>\n\t\t\t\t<\/div>\n\t\t\t\t<\/div>\n\t\t<div class=\"elementor-element elementor-element-ba1855d e-con-full e-flex e-con e-child\" data-id=\"ba1855d\" data-element_type=\"container\" data-e-type=\"container\">\n\t\t\t\t<div class=\"elementor-element elementor-element-6862aed elementor-widget__width-initial elementor-widget-tablet__width-inherit elementor-widget elementor-widget-heading\" data-id=\"6862aed\" data-element_type=\"widget\" data-e-type=\"widget\" data-widget_type=\"heading.default\">\n\t\t\t\t<div class=\"elementor-widget-container\">\n\t\t\t\t\t<h2 class=\"elementor-heading-title elementor-size-default\">Wo die Liebe ewige Form annimmt.<\/h2>\t\t\t\t<\/div>\n\t\t\t\t<\/div>\n\t\t\t\t<div class=\"elementor-element elementor-element-4f7ee73 elementor-widget elementor-widget-text-editor\" data-id=\"4f7ee73\" data-element_type=\"widget\" data-e-type=\"widget\" data-widget_type=\"text-editor.default\">\n\t\t\t\t<div class=\"elementor-widget-container\">\n\t\t\t\t\t\t\t\t\t<p>Wir stellen mehr als nur Figuren her, wir fangen die Seele Ihres geliebten Begleiters ein.<\/p>\t\t\t\t\t\t\t\t<\/div>\n\t\t\t\t<\/div>\n\t\t\t\t<\/div>\n\t\t\t\t\t<\/div>\n\t\t\t\t<\/div>\n\t\t\t\t<\/div>\n\t\t<div class=\"elementor-element elementor-element-0496ccd e-con-full e-flex e-con e-child\" data-id=\"0496ccd\" data-element_type=\"container\" data-e-type=\"container\" data-settings=\"{&quot;background_background&quot;:&quot;classic&quot;}\">\n\t\t<div class=\"elementor-element elementor-element-b77aade e-flex e-con-boxed e-con e-child\" data-id=\"b77aade\" data-element_type=\"container\" data-e-type=\"container\">\n\t\t\t\t\t<div class=\"e-con-inner\">\n\t\t<div class=\"elementor-element elementor-element-c0876b5 e-con-full e-flex e-con e-child\" data-id=\"c0876b5\" data-element_type=\"container\" data-e-type=\"container\">\n\t\t\t\t<div class=\"elementor-element elementor-element-008c2ec elementor-widget__width-initial elementor-widget-tablet__width-inherit elementor-widget elementor-widget-heading\" data-id=\"008c2ec\" data-element_type=\"widget\" data-e-type=\"widget\" data-widget_type=\"heading.default\">\n\t\t\t\t<div class=\"elementor-widget-container\">\n\t\t\t\t\t<h2 class=\"elementor-heading-title elementor-size-default\">Unsere Geschichte: Wo das Universum Ihres Haustiers weiterlebt\n<\/h2>\t\t\t\t<\/div>\n\t\t\t\t<\/div>\n\t\t\t\t<div class=\"elementor-element elementor-element-57333bd elementor-widget elementor-widget-text-editor\" data-id=\"57333bd\" data-element_type=\"widget\" data-e-type=\"widget\" data-widget_type=\"text-editor.default\">\n\t\t\t\t<div class=\"elementor-widget-container\">\n\t\t\t\t\t\t\t\t\t<div class=\"qk-md-paragraph\"><span class=\"qk-md-text complete\">Willkommen bei\u00a0<\/span><strong class=\"qk-md-strong complete\"><span class=\"qk-md-text complete\">Petosmos<\/span><\/strong><span class=\"qk-md-text complete\">.<\/span><\/div><div class=\"qk-md-paragraph\"><span class=\"qk-md-text complete\">F\u00fcr die Welt m\u00f6gen sie nur Haustiere sein. Aber f\u00fcr uns sind sie die stillen H\u00fcter unserer Geheimnisse, das warme Gewicht auf unserem Scho\u00df und das schlagende Herz unseres Heims. Sie sind keine \u201cTiere\u201d; sie sind Seelenverwandte, die einen unausl\u00f6schlichen Abdruck in unserer Seele hinterlassen - einen Abdruck, den die Zeit zu verblassen versucht, aber die Erinnerung weigert sich, ihn loszulassen.<\/span><\/div><div class=\"qk-md-paragraph\"><strong class=\"qk-md-strong complete\"><span class=\"qk-md-text complete\">Petosmos<\/span><\/strong><span class=\"qk-md-text complete\">\u00a0wurde aus einer einzigen, tiefgreifenden Erkenntnis geboren:\u00a0<\/span><strong class=\"qk-md-strong complete\"><span class=\"qk-md-text complete\">Fotos fangen einen Moment ein, aber die Skulptur f\u00e4ngt eine Pr\u00e4senz ein.<\/span><\/strong><\/div><div class=\"qk-md-paragraph\"><span class=\"qk-md-text complete\">Gegr\u00fcndet im Jahr 2022, haben wir es uns zur Aufgabe gemacht, die Kluft zwischen fl\u00fcchtigen Bildern und ewiger Liebe zu \u00fcberbr\u00fccken. Wir haben festgestellt, dass ein Foto eine Erinnerung sicher in einem Album aufbewahrt, w\u00e4hrend eine individuelle Figur diese Erinnerung zur\u00fcck in den Raum bringt. Sie erm\u00f6glicht es Ihnen, die Essenz Ihres besten Freundes noch einmal in die Hand zu nehmen, zu ber\u00fchren und zu halten.<\/span><\/div><div class=\"qk-md-paragraph\"><span class=\"qk-md-text complete\">Jedes von uns gefertigte St\u00fcck ist mehr als Ton oder Harz; es ist ein greifbares St\u00fcck Ihres pers\u00f6nlichen Kosmos. Ob Ihr Begleiter Sie heute an der T\u00fcr begr\u00fc\u00dft oder in Ihren Erinnerungen frei heruml\u00e4uft, wir sind hier, um seinen Geist in etwas zu formen, das Sie f\u00fcr immer festhalten k\u00f6nnen.<\/span><\/div><div class=\"qk-md-paragraph\" data-spm-anchor-id=\"5176.28103460.0.i48.4f0e7551XDlBQK\"><span class=\"qk-md-text complete\">Bei Petosmos stellen wir nicht nur Figuren her.\u00a0<\/span><strong class=\"qk-md-strong complete\"><span class=\"qk-md-text complete\">Wir bewahren das von Ihnen geteilte Universum.<\/span><\/strong><\/div>\t\t\t\t\t\t\t\t<\/div>\n\t\t\t\t<\/div>\n\t\t\t\t<\/div>\n\t\t\t\t\t<\/div>\n\t\t\t\t<\/div>\n\t\t\t\t<\/div>\n\t\t<div class=\"elementor-element elementor-element-08bce49 e-con-full e-flex e-con e-child\" data-id=\"08bce49\" data-element_type=\"container\" data-e-type=\"container\" data-settings=\"{&quot;background_background&quot;:&quot;classic&quot;}\">\n\t\t<div class=\"elementor-element elementor-element-5fb81d5 e-flex e-con-boxed e-con e-child\" data-id=\"5fb81d5\" data-element_type=\"container\" data-e-type=\"container\">\n\t\t\t\t\t<div class=\"e-con-inner\">\n\t\t<div class=\"elementor-element elementor-element-0e11350 e-con-full e-flex e-con e-child\" data-id=\"0e11350\" data-element_type=\"container\" data-e-type=\"container\">\n\t\t\t\t<div class=\"elementor-element elementor-element-156f7f3 elementor-widget__width-initial elementor-widget-tablet__width-inherit elementor-widget elementor-widget-heading\" data-id=\"156f7f3\" data-element_type=\"widget\" data-e-type=\"widget\" data-widget_type=\"heading.default\">\n\t\t\t\t<div class=\"elementor-widget-container\">\n\t\t\t\t\t<h2 class=\"elementor-heading-title elementor-size-default\">Die Kunst der Sch\u00f6pfung: Wo Pr\u00e4zision auf Seele trifft\n<\/h2>\t\t\t\t<\/div>\n\t\t\t\t<\/div>\n\t\t\t\t<div class=\"elementor-element elementor-element-4775878 elementor-widget elementor-widget-text-editor\" data-id=\"4775878\" data-element_type=\"widget\" data-e-type=\"widget\" data-widget_type=\"text-editor.default\">\n\t\t\t\t<div class=\"elementor-widget-container\">\n\t\t\t\t\t\t\t\t\t<div class=\"qk-md-paragraph\"><div class=\"qk-md-paragraph\"><span class=\"qk-md-text complete\">Unter\u00a0<\/span><strong class=\"qk-md-strong complete\"><span class=\"qk-md-text complete\">Petosmos<\/span><\/strong><span class=\"qk-md-text complete\">, Wir sind davon \u00fcberzeugt, dass das Einfangen des Wesens Ihres geliebten Begleiters mehr als nur fortschrittliche Technologie erfordert - es braucht das Auge eines K\u00fcnstlers und das Herz eines Sch\u00f6pfers.<\/span><\/div><div class=\"qk-md-paragraph\"><span class=\"qk-md-text complete\">Unser Prozess ist ein harmonischer Tanz zwischen\u00a0<\/span><strong class=\"qk-md-strong complete\"><span class=\"qk-md-text complete\">digitale Pr\u00e4zision und menschliche Intuition<\/span><\/strong><span class=\"qk-md-text complete\">.<\/span><\/div><div class=\"qk-md-paragraph\"><span class=\"qk-md-text complete\">Das f\u00e4ngt bei unseren Bildhauermeistern an, die sich Ihre Fotos nicht nur ansehen, sondern\u00a0<\/span><em class=\"qk-md-em\"><span class=\"qk-md-text complete\">Studie<\/span><\/em><span class=\"qk-md-text complete\">\u00a0sie. Sie analysieren die einzigartige Neigung eines Ohres, das besondere Funkeln in den Augen und die subtile K\u00f6rperhaltung, die Ihr Haustier unverwechselbar macht.\u00a0<\/span><em class=\"qk-md-em\"><span class=\"qk-md-text complete\">sie<\/span><\/em><span class=\"qk-md-text complete\">. Mithilfe hochpr\u00e4ziser digitaler Modellierung schaffen wir die perfekte Grundlage und stellen sicher, dass jede Kurve und Kontur anatomisch exakt ist. Aber hier ist die Technologie nicht automatisiert, sondern schafft nur die Voraussetzungen.<\/span><\/div><div class=\"qk-md-paragraph\"><strong class=\"qk-md-strong complete\"><span class=\"qk-md-text complete\">Hier kommt die menschliche Note zum Tragen.<\/span><\/strong><\/div><div class=\"qk-md-paragraph\"><span class=\"qk-md-text complete\">Sobald die Form gegossen ist, geht sie in die H\u00e4nde unserer professionellen Koloristen. Hier gibt es keine Flie\u00dfb\u00e4nder. Jede Figur ist\u00a0<\/span><strong class=\"qk-md-strong complete\"><span class=\"qk-md-text complete\">handpoliert, handbemalt und liebevoll verarbeitet<\/span><\/strong><span class=\"qk-md-text complete\">. Wir schichten hochwertige Farben auf, um die Weichheit des Fells, die Tiefe der Markierungen und die W\u00e4rme des Lebens selbst nachzuahmen.<\/span><\/div><div class=\"qk-md-paragraph\" data-spm-anchor-id=\"5176.28103460.0.i53.4f0e7551XDlBQK\"><span class=\"qk-md-text complete\">Wir reproduzieren nicht nur ein Bild, wir erwecken einen Geist wieder zum Leben. Bei Petosmos ist jeder Pinselstrich eine Hommage an die Verbundenheit, die Sie teilen, und verwandelt eine digitale Datei in ein greifbares St\u00fcck Ihres pers\u00f6nlichen Universums.<\/span><\/div><\/div>\t\t\t\t\t\t\t\t<\/div>\n\t\t\t\t<\/div>\n\t\t\t\t<\/div>\n\t\t\t\t\t<\/div>\n\t\t\t\t<\/div>\n\t\t\t\t<\/div>\n\t\t<div class=\"elementor-element elementor-element-1b38aa4 e-con-full e-flex e-con e-child\" data-id=\"1b38aa4\" data-element_type=\"container\" data-e-type=\"container\" data-settings=\"{&quot;background_background&quot;:&quot;classic&quot;}\">\n\t\t<div class=\"elementor-element elementor-element-d1f2539 e-flex e-con-boxed e-con e-child\" data-id=\"d1f2539\" data-element_type=\"container\" data-e-type=\"container\" data-settings=\"{&quot;background_background&quot;:&quot;classic&quot;}\">\n\t\t\t\t\t<div class=\"e-con-inner\">\n\t\t<div class=\"elementor-element elementor-element-dc2cb93 e-con-full e-flex e-con e-child\" data-id=\"dc2cb93\" data-element_type=\"container\" data-e-type=\"container\">\n\t\t\t\t<div class=\"elementor-element elementor-element-da715fa elementor-widget__width-initial elementor-widget-tablet__width-inherit elementor-widget elementor-widget-heading\" data-id=\"da715fa\" data-element_type=\"widget\" data-e-type=\"widget\" data-widget_type=\"heading.default\">\n\t\t\t\t<div class=\"elementor-widget-container\">\n\t\t\t\t\t<h2 class=\"elementor-heading-title elementor-size-default\">Unser Versprechen und unsere Werte: Ein Liebesb\u00fcndnis\nMehr als ein Geschenk. Eine Reise zur Heilung.<\/h2>\t\t\t\t<\/div>\n\t\t\t\t<\/div>\n\t\t\t\t<div class=\"elementor-element elementor-element-850ed91 elementor-widget elementor-widget-text-editor\" data-id=\"850ed91\" data-element_type=\"widget\" data-e-type=\"widget\" data-widget_type=\"text-editor.default\">\n\t\t\t\t<div class=\"elementor-widget-container\">\n\t\t\t\t\t\t\t\t\t<div class=\"qk-md-paragraph\"><div class=\"qk-md-paragraph\"><div class=\"qk-md-paragraph\"><span class=\"qk-md-text complete\">Unter\u00a0<\/span><strong class=\"qk-md-strong complete\"><span class=\"qk-md-text complete\">Petosmos<\/span><\/strong><span class=\"qk-md-text complete\">, Wir haben gelernt, dass unser wahres Handwerk nicht nur darin besteht, Figuren zu formen, sondern auch\u00a0<\/span><strong class=\"qk-md-strong complete\"><span class=\"qk-md-text complete\">Heilung und Verbindung<\/span><\/strong><span class=\"qk-md-text complete\">. Wir f\u00fchlen uns zutiefst geehrt, an Ihrer Seite zu stehen - ganz gleich, ob Sie die stillen Tiefen der Trauer durchschreiten, einen freudigen Meilenstein feiern oder einfach nur eine Erinnerung in Ehren halten, die nicht verblassen will.<\/span><\/div><div class=\"qk-md-paragraph\"><strong class=\"qk-md-strong complete\"><span class=\"qk-md-text complete\">Wir begleiten Sie bei jedem Schritt auf Ihrem Weg.<\/span><\/strong><br \/><span class=\"qk-md-text complete\">Von dem Moment an, in dem Sie uns die Geschichte Ihres Haustieres mitteilen, bis zu dem Augenblick, in dem Sie sein Abbild in H\u00e4nden halten, sind Sie in diesem Prozess nie allein. Wir glauben, dass echte Individualisierung mehr als nur Anweisungen erfordert; sie erfordert\u00a0<\/span><strong class=\"qk-md-strong complete\"><span class=\"qk-md-text complete\">Gespr\u00e4ch<\/span><\/strong><span class=\"qk-md-text complete\">. Unser Team pflegt eine enge, einf\u00fchlsame Kommunikation, um sicherzustellen, dass jedes Detail Ihrer Vision mit Pr\u00e4zision und Sorgfalt festgehalten wird.<\/span><\/div><div class=\"qk-md-paragraph\"><strong class=\"qk-md-strong complete\"><span class=\"qk-md-text complete\">Die Liebe kennt keine Grenzen.<\/span><\/strong><br \/><span class=\"qk-md-text complete\">Mit\u00a0<\/span><strong class=\"qk-md-strong complete\"><span class=\"qk-md-text complete\">kostenloser weltweiter Versand<\/span><\/strong><span class=\"qk-md-text complete\">, Wir sind der Meinung, dass die Entfernung Sie nicht von der Erinnerung an Ihren besten Freund trennen sollte. Unser Engagement geht \u00fcber die Lieferung eines Pakets hinaus; wir liefern einen Moment des Trostes, einen Funken der Freude und ein greifbares St\u00fcck eures gemeinsamen Universums.<\/span><\/div><div class=\"qk-md-paragraph\" data-spm-anchor-id=\"5176.28103460.0.i58.4f0e7551XDlBQK\"><strong class=\"qk-md-strong complete\"><span class=\"qk-md-text complete\">Unser feierliches Versprechen:<\/span><\/strong><br \/><span class=\"qk-md-text complete\">Wir bem\u00fchen uns um 100% Zufriedenheit, nicht weil es ein gutes Gesch\u00e4ft ist, sondern weil Ihr Vertrauen heilig ist. Danke, dass Sie sich f\u00fcr\u00a0<\/span><strong class=\"qk-md-strong complete\"><span class=\"qk-md-text complete\">Petosmos<\/span><\/strong><span class=\"qk-md-text complete\">\u00a0um Ihre Geschichte zu erz\u00e4hlen. Es ist unser h\u00f6chstes Privileg, Ihnen dabei zu helfen, die Liebe, die Sie teilen, zu bewahren - in einer Form, die Sie f\u00fcr immer festhalten, umarmen und sch\u00e4tzen k\u00f6nnen.<\/span><\/div><\/div><\/div>\t\t\t\t\t\t\t\t<\/div>\n\t\t\t\t<\/div>\n\t\t\t\t<\/div>\n\t\t\t\t\t<\/div>\n\t\t\t\t<\/div>\n\t\t\t\t<\/div>\n\t\t<div class=\"elementor-element elementor-element-eb41501 e-con-full e-flex e-con e-child\" data-id=\"eb41501\" data-element_type=\"container\" data-e-type=\"container\" data-settings=\"{&quot;background_background&quot;:&quot;classic&quot;}\">\n\t\t<div class=\"elementor-element elementor-element-1459196 e-flex e-con-boxed e-con e-child\" data-id=\"1459196\" data-element_type=\"container\" data-e-type=\"container\" data-settings=\"{&quot;background_background&quot;:&quot;classic&quot;}\">\n\t\t\t\t\t<div class=\"e-con-inner\">\n\t\t<div class=\"elementor-element elementor-element-13eb9c2 e-con-full e-flex e-con e-child\" data-id=\"13eb9c2\" data-element_type=\"container\" data-e-type=\"container\">\n\t\t\t\t<div class=\"elementor-element elementor-element-79e8bb4 elementor-widget__width-initial elementor-widget-tablet__width-inherit elementor-widget elementor-widget-heading\" data-id=\"79e8bb4\" data-element_type=\"widget\" data-e-type=\"widget\" data-widget_type=\"heading.default\">\n\t\t\t\t<div class=\"elementor-widget-container\">\n\t\t\t\t\t<h2 class=\"elementor-heading-title elementor-size-default\">Wo die Liebe lebendige Form annimmt\nVerwandeln Sie ein geliebtes Foto in ein zeitloses Meisterwerk.<\/h2>\t\t\t\t<\/div>\n\t\t\t\t<\/div>\n\t\t\t\t<div class=\"elementor-element elementor-element-f4e8752 elementor-widget elementor-widget-text-editor\" data-id=\"f4e8752\" data-element_type=\"widget\" data-e-type=\"widget\" data-widget_type=\"text-editor.default\">\n\t\t\t\t<div class=\"elementor-widget-container\">\n\t\t\t\t\t\t\t\t\t<div class=\"qk-md-paragraph\"><div class=\"qk-md-paragraph\"><div class=\"qk-md-paragraph\"><div class=\"qk-md-paragraph\"><span class=\"qk-md-text complete\">Unter\u00a0<\/span><strong class=\"qk-md-strong complete\"><span class=\"qk-md-text complete\">Petosmos<\/span><\/strong><span class=\"qk-md-text complete\" data-spm-anchor-id=\"5176.28103460.0.i62.4f0e7551XDlBQK\">, Wir modellieren nicht nur Figuren, wir erwecken auch Geister wieder zum Leben. Unsere K\u00fcnstler entwerfen, formen und bemalen jedes Detail von Hand, um Ihre Lieblingserinnerung wieder zum Leben zu erwecken.<\/span><\/div><div class=\"qk-md-paragraph\" data-spm-anchor-id=\"5176.28103460.0.i63.4f0e7551XDlBQK\"><em class=\"qk-md-em\"><span class=\"qk-md-text complete\">Von einem flachen Bild bis zu einer 3D-Umarmung - halten Sie Ihren besten Freund f\u00fcr immer fest.<\/span><\/em><\/div><\/div><\/div><\/div>\t\t\t\t\t\t\t\t<\/div>\n\t\t\t\t<\/div>\n\t\t\t\t<div class=\"elementor-element elementor-element-db164ff elementor-widget elementor-widget-button\" data-id=\"db164ff\" data-element_type=\"widget\" data-e-type=\"widget\" data-widget_type=\"button.default\">\n\t\t\t\t<div class=\"elementor-widget-container\">\n\t\t\t\t\t\t\t\t\t<div class=\"elementor-button-wrapper\">\n\t\t\t\t\t<a class=\"elementor-button elementor-button-link elementor-size-sm\" href=\"#\">\n\t\t\t\t\t\t<span class=\"elementor-button-content-wrapper\">\n\t\t\t\t\t\t\t\t\t<span class=\"elementor-button-text\">Erstellen Sie Ihren Petosmos<\/span>\n\t\t\t\t\t<\/span>\n\t\t\t\t\t<\/a>\n\t\t\t\t<\/div>\n\t\t\t\t\t\t\t\t<\/div>\n\t\t\t\t<\/div>\n\t\t\t\t<\/div>\n\t\t\t\t\t<\/div>\n\t\t\t\t<\/div>\n\t\t\t\t<\/div>\n\t\t\t\t<\/div>\n\t\t\t\t<\/div>","protected":false},"excerpt":{"rendered":"<p>Where Love Takes Eternal Form. We do more than craft figurines; we capture the very soul of your beloved companion. [&hellip;]<\/p>\n","protected":false},"author":1,"featured_media":0,"parent":0,"menu_order":0,"comment_status":"closed","ping_status":"closed","template":"elementor_header_footer","meta":{"site-sidebar-layout":"no-sidebar","site-content-layout":"","ast-site-content-layout":"full-width-container","site-content-style":"default","site-sidebar-style":"default","ast-global-header-display":"","ast-banner-title-visibility":"","ast-main-header-display":"","ast-hfb-above-header-display":"","ast-hfb-below-header-display":"","ast-hfb-mobile-header-display":"","site-post-title":"","ast-breadcrumbs-content":"","ast-featured-img":"disabled","footer-sml-layout":"","ast-disable-related-posts":"","theme-transparent-header-meta":"","adv-header-id-meta":"","stick-header-meta":"","header-above-stick-meta":"","header-main-stick-meta":"","header-below-stick-meta":"","astra-migrate-meta-layouts":"default","ast-page-background-enabled":"default","ast-page-background-meta":{"desktop":{"background-color":"var(--ast-global-color-5)","background-image":"","background-repeat":"repeat","background-position":"center center","background-size":"auto","background-attachment":"scroll","background-type":"","background-media":"","overlay-type":"","overlay-color":"","overlay-opacity":"","overlay-gradient":""},"tablet":{"background-color":"","background-image":"","background-repeat":"repeat","background-position":"center center","background-size":"auto","background-attachment":"scroll","background-type":"","background-media":"","overlay-type":"","overlay-color":"","overlay-opacity":"","overlay-gradient":""},"mobile":{"background-color":"","background-image":"","background-repeat":"repeat","background-position":"center center","background-size":"auto","background-attachment":"scroll","background-type":"","background-media":"","overlay-type":"","overlay-color":"","overlay-opacity":"","overlay-gradient":""}},"ast-content-background-meta":{"desktop":{"background-color":"var(--ast-global-color-4)","background-image":"","background-repeat":"repeat","background-position":"center center","background-size":"auto","background-attachment":"scroll","background-type":"","background-media":"","overlay-type":"","overlay-color":"","overlay-opacity":"","overlay-gradient":""},"tablet":{"background-color":"var(--ast-global-color-4)","background-image":"","background-repeat":"repeat","background-position":"center center","background-size":"auto","background-attachment":"scroll","background-type":"","background-media":"","overlay-type":"","overlay-color":"","overlay-opacity":"","overlay-gradient":""},"mobile":{"background-color":"var(--ast-global-color-4)","background-image":"","background-repeat":"repeat","background-position":"center center","background-size":"auto","background-attachment":"scroll","background-type":"","background-media":"","overlay-type":"","overlay-color":"","overlay-opacity":"","overlay-gradient":""}},"footnotes":""},"class_list":["post-323","page","type-page","status-publish","hentry"],"_hostinger_reach_plugin_has_subscription_block":false,"_hostinger_reach_plugin_is_elementor":false,"_links":{"self":[{"href":"https:\/\/petosmos.com\/de\/wp-json\/wp\/v2\/pages\/323","targetHints":{"allow":["GET"]}}],"collection":[{"href":"https:\/\/petosmos.com\/de\/wp-json\/wp\/v2\/pages"}],"about":[{"href":"https:\/\/petosmos.com\/de\/wp-json\/wp\/v2\/types\/page"}],"author":[{"embeddable":true,"href":"https:\/\/petosmos.com\/de\/wp-json\/wp\/v2\/users\/1"}],"replies":[{"embeddable":true,"href":"https:\/\/petosmos.com\/de\/wp-json\/wp\/v2\/comments?post=323"}],"version-history":[{"count":21,"href":"https:\/\/petosmos.com\/de\/wp-json\/wp\/v2\/pages\/323\/revisions"}],"predecessor-version":[{"id":347,"href":"https:\/\/petosmos.com\/de\/wp-json\/wp\/v2\/pages\/323\/revisions\/347"}],"wp:attachment":[{"href":"https:\/\/petosmos.com\/de\/wp-json\/wp\/v2\/media?parent=323"}],"curies":[{"name":"wp","href":"https:\/\/api.w.org\/{rel}","templated":true}]}}