{"id":406,"date":"2026-03-13T05:31:24","date_gmt":"2026-03-13T05:31:24","guid":{"rendered":"https:\/\/petosmos.com\/?post_type=product&#038;p=406"},"modified":"2026-03-16T08:16:27","modified_gmt":"2026-03-16T08:16:27","slug":"custom-3d-wool-felt-pet-portrait-in-frame","status":"publish","type":"product","link":"https:\/\/petosmos.com\/da\/product\/custom-3d-wool-felt-pet-portrait-in-frame\/","title":{"rendered":"Brugerdefineret 3D-portr\u00e6t af k\u00e6ledyr i uldfilt i ramme - h\u00e5ndlavet realistisk mindesm\u00e6rke for hunde fra foto - udstoppet dyrehyldest til mistede elskede k\u00e6ledyr"},"content":{"rendered":"","protected":false},"excerpt":{"rendered":"<p><strong class=\"qk-md-strong complete\"><span class=\"qk-md-text complete\">Personlig mindegave til hund og kat: Brugerdefineret 3D-filtkunst i ramme<\/span><\/strong><br \/>\n<span class=\"qk-md-text complete\">Leder du efter en meningsfuld gave til et mistet k\u00e6ledyr? Vores h\u00e5ndlavede portr\u00e6tter i uldfilt bringer dit elskede k\u00e6ledyr tilbage til livet med en fantastisk realisme. V\u00e6lg mellem hoved, halvkrop eller helkrop i 6\u2033 eller 8\u2033 rammer. Perfekt til at mindes et afd\u00f8dt k\u00e6ledyr eller fejre en f\u00f8dselsdag.<\/span><br \/>\n<span class=\"qk-md-text complete\">\u2705\u00a0<\/span><strong class=\"qk-md-strong complete\"><span class=\"qk-md-text complete\">Lavet p\u00e5 bestilling:<\/span><\/strong><span class=\"qk-md-text complete\">\u00a05-7 dages produktionstid + hurtig forsendelse til USA.<\/span><br \/>\n<span class=\"qk-md-text complete\">\u2705\u00a0<\/span><strong class=\"qk-md-strong complete\"><span class=\"qk-md-text complete\">F\u00f8rsteklasses kvalitet:<\/span><\/strong><span class=\"qk-md-text complete\">\u00a0Bl\u00f8d uldfilt, holdbar ramme, gaveklar indpakning.<\/span><br \/>\n<span class=\"qk-md-text complete\">\u2705\u00a0<\/span><strong class=\"qk-md-strong complete\"><span class=\"qk-md-text complete\">Risikofrit:<\/span><\/strong><span class=\"qk-md-text complete\">\u00a0Fuldt forsikret levering fra Suzhou til USA.<\/span><\/p>","protected":false},"featured_media":463,"comment_status":"open","ping_status":"closed","template":"","meta":{"site-sidebar-layout":"default","site-content-layout":"","ast-site-content-layout":"default","site-content-style":"default","site-sidebar-style":"default","ast-global-header-display":"","ast-banner-title-visibility":"","ast-main-header-display":"","ast-hfb-above-header-display":"","ast-hfb-below-header-display":"","ast-hfb-mobile-header-display":"","site-post-title":"","ast-breadcrumbs-content":"","ast-featured-img":"","footer-sml-layout":"","ast-disable-related-posts":"","theme-transparent-header-meta":"default","adv-header-id-meta":"","stick-header-meta":"","header-above-stick-meta":"","header-main-stick-meta":"","header-below-stick-meta":"","astra-migrate-meta-layouts":"set","ast-page-background-enabled":"default","ast-page-background-meta":{"desktop":{"background-color":"var(--ast-global-color-5)","background-image":"","background-repeat":"repeat","background-position":"center center","background-size":"auto","background-attachment":"scroll","background-type":"","background-media":"","overlay-type":"","overlay-color":"","overlay-opacity":"","overlay-gradient":""},"tablet":{"background-color":"","background-image":"","background-repeat":"repeat","background-position":"center center","background-size":"auto","background-attachment":"scroll","background-type":"","background-media":"","overlay-type":"","overlay-color":"","overlay-opacity":"","overlay-gradient":""},"mobile":{"background-color":"","background-image":"","background-repeat":"repeat","background-position":"center center","background-size":"auto","background-attachment":"scroll","background-type":"","background-media":"","overlay-type":"","overlay-color":"","overlay-opacity":"","overlay-gradient":""}},"ast-content-background-meta":{"desktop":{"background-color":"var(--ast-global-color-4)","background-image":"","background-repeat":"repeat","background-position":"center center","background-size":"auto","background-attachment":"scroll","background-type":"","background-media":"","overlay-type":"","overlay-color":"","overlay-opacity":"","overlay-gradient":""},"tablet":{"background-color":"var(--ast-global-color-4)","background-image":"","background-repeat":"repeat","background-position":"center center","background-size":"auto","background-attachment":"scroll","background-type":"","background-media":"","overlay-type":"","overlay-color":"","overlay-opacity":"","overlay-gradient":""},"mobile":{"background-color":"var(--ast-global-color-4)","background-image":"","background-repeat":"repeat","background-position":"center center","background-size":"auto","background-attachment":"scroll","background-type":"","background-media":"","overlay-type":"","overlay-color":"","overlay-opacity":"","overlay-gradient":""}}},"product_brand":[],"product_cat":[37],"product_tag":[],"class_list":{"0":"post-406","1":"product","2":"type-product","3":"status-publish","4":"has-post-thumbnail","6":"product_cat-custom-3d-wool-felt-pet-portrait-in-frame","7":"desktop-align-left","8":"tablet-align-left","9":"mobile-align-left","10":"tm-no-options","12":"first","13":"instock","14":"shipping-taxable","15":"purchasable","16":"product-type-variable","17":"has-default-attributes","18":"wvs-archive-product-wrapper"},"_links":{"self":[{"href":"https:\/\/petosmos.com\/da\/wp-json\/wp\/v2\/product\/406","targetHints":{"allow":["GET"]}}],"collection":[{"href":"https:\/\/petosmos.com\/da\/wp-json\/wp\/v2\/product"}],"about":[{"href":"https:\/\/petosmos.com\/da\/wp-json\/wp\/v2\/types\/product"}],"replies":[{"embeddable":true,"href":"https:\/\/petosmos.com\/da\/wp-json\/wp\/v2\/comments?post=406"}],"wp:featuredmedia":[{"embeddable":true,"href":"https:\/\/petosmos.com\/da\/wp-json\/wp\/v2\/media\/463"}],"wp:attachment":[{"href":"https:\/\/petosmos.com\/da\/wp-json\/wp\/v2\/media?parent=406"}],"wp:term":[{"taxonomy":"product_brand","embeddable":true,"href":"https:\/\/petosmos.com\/da\/wp-json\/wp\/v2\/product_brand?post=406"},{"taxonomy":"product_cat","embeddable":true,"href":"https:\/\/petosmos.com\/da\/wp-json\/wp\/v2\/product_cat?post=406"},{"taxonomy":"product_tag","embeddable":true,"href":"https:\/\/petosmos.com\/da\/wp-json\/wp\/v2\/product_tag?post=406"}],"curies":[{"name":"wp","href":"https:\/\/api.w.org\/{rel}","templated":true}]}}