{"id":524,"date":"2026-04-02T06:57:00","date_gmt":"2026-04-02T06:57:00","guid":{"rendered":"https:\/\/petosmos.com\/?page_id=524"},"modified":"2026-04-02T07:03:48","modified_gmt":"2026-04-02T07:03:48","slug":"production-shipping-policy","status":"publish","type":"page","link":"https:\/\/petosmos.com\/da\/production-shipping-policy\/","title":{"rendered":"Produktions- og forsendelsespolitik"},"content":{"rendered":"<div data-elementor-type=\"wp-page\" data-elementor-id=\"524\" class=\"elementor elementor-524\" data-elementor-post-type=\"page\">\n\t\t\t\t<div class=\"elementor-element elementor-element-276e337 e-flex e-con-boxed e-con e-parent\" data-id=\"276e337\" data-element_type=\"container\" data-e-type=\"container\">\n\t\t\t\t\t<div class=\"e-con-inner\">\n\t\t\t\t<div class=\"elementor-element elementor-element-e15449b elementor-widget elementor-widget-heading\" data-id=\"e15449b\" data-element_type=\"widget\" data-e-type=\"widget\" data-widget_type=\"heading.default\">\n\t\t\t\t<div class=\"elementor-widget-container\">\n\t\t\t\t\t<h1 class=\"elementor-heading-title elementor-size-default\">Produktions- og forsendelsespolitik<\/h1>\t\t\t\t<\/div>\n\t\t\t\t<\/div>\n\t\t\t\t<div class=\"elementor-element elementor-element-55d87de elementor-widget elementor-widget-text-editor\" data-id=\"55d87de\" data-element_type=\"widget\" data-e-type=\"widget\" data-widget_type=\"text-editor.default\">\n\t\t\t\t<div class=\"elementor-widget-container\">\n\t\t\t\t\t\t\t\t\t<p data-path-to-node=\"3\">P\u00e5 <b data-path-to-node=\"3\" data-index-in-node=\"3\">Petosmos<\/b>, Vi har specialiseret os i unikke, h\u00e5ndlavede souvenirs. Fordi hver genstand er tilpasset dit k\u00e6ledyrs unikke egenskaber, involverer vores leveringsproces omhyggelig kunst og pleje.<\/p><h3 data-path-to-node=\"4\">1. Tidslinje for produktion (den kunstneriske fase)<\/h3><p data-path-to-node=\"5\">Vores produktionstider varierer afh\u00e6ngigt af kompleksiteten af den vare, du har bestilt:<\/p><ul data-path-to-node=\"6\"><li><p data-path-to-node=\"6,0,0\"><b data-path-to-node=\"6,0,0\" data-index-in-node=\"0\">Specialfremstillede n\u00e5lefiltede figurer og mindeurner:<\/b><\/p><ul data-path-to-node=\"6,0,1\"><li><p data-path-to-node=\"6,0,1,0,0\"><b data-path-to-node=\"6,0,1,0,0\" data-index-in-node=\"0\">Standardbestilling:<\/b> Klar til at blive sendt om ca. <b data-path-to-node=\"6,0,1,0,0\" data-index-in-node=\"41\">6-8 uger<\/b>. Denne tidslinje giver vores kunstnere mulighed for omhyggeligt at forme og male dit k\u00e6ledyrs portr\u00e6t og sikre, at alle detaljer bliver indfanget.<\/p><\/li><li><p data-path-to-node=\"6,0,1,1,0\"><b data-path-to-node=\"6,0,1,1,0\" data-index-in-node=\"0\">Prioriteret hyldest (hastebestilling):<\/b> Klar til at blive sendt om ca. <b data-path-to-node=\"6,0,1,1,0\" data-index-in-node=\"56\">3-4 uger<\/b>. Disse ordrer flyttes til forsiden af vores studiek\u00f8.<\/p><\/li><\/ul><\/li><li><p data-path-to-node=\"6,1,0\"><b data-path-to-node=\"6,1,0\" data-index-in-node=\"0\">Fotokrus med k\u00e6ledyr p\u00e5 bestilling:<\/b><\/p><ul data-path-to-node=\"6,1,1\"><li><p data-path-to-node=\"6,1,1,0,0\"><b data-path-to-node=\"6,1,1,0,0\" data-index-in-node=\"0\">Behandlingstid:<\/b> <b data-path-to-node=\"6,1,1,0,0\" data-index-in-node=\"17\">3-5 arbejdsdage<\/b>. Hvert krus er specialtrykt og kvalitetskontrolleret, f\u00f8r det forlader vores v\u00e6rksted.<\/p><\/li><\/ul><\/li><\/ul><p data-path-to-node=\"7\"><b data-path-to-node=\"7\" data-index-in-node=\"0\">Vigtig note om revisioner:<\/b> Hvis du beder om design\u00e6ndringer under gennemgangsprocessen (f.eks. \u201cjuster venligst pelsfarven\u201d eller \u201cg\u00f8r \u00f8rerne skarpere\u201d), vil det naturligvis forl\u00e6nge produktionstiden. Perfektion er et partnerskab, og vi \u00f8nsker, at du skal elske det endelige resultat!<\/p><hr data-path-to-node=\"8\" \/><h3 data-path-to-node=\"9\">2. Forsendelsesproces og levering<\/h3><p data-path-to-node=\"10\">N\u00e5r dit unikke m\u00f8bel har best\u00e5et vores endelige kvalitetskontrol, begynder det sin rejse til dig.<\/p><ul data-path-to-node=\"11\"><li><p data-path-to-node=\"11,0,0\"><b data-path-to-node=\"11,0,0\" data-index-in-node=\"0\">Sikker indpakning:<\/b> Vi behandler hver eneste genstand som en skat. Vi bruger flere lag ekstra tyk beskyttende polstring og specialindpakning for at sikre, at dit minde kommer sikkert frem.<\/p><\/li><li><p data-path-to-node=\"11,1,0\"><b data-path-to-node=\"11,1,0\" data-index-in-node=\"0\">Sporing af din ordre:<\/b> S\u00e5 snart din pakke har forladt vores v\u00e6rksted, modtager du en e-mail med forsendelsesbekr\u00e6ftelse, der indeholder din <b data-path-to-node=\"11,1,0\" data-index-in-node=\"127\">Sporingsnummer<\/b>. Du kan f\u00f8lge dens udvikling hele vejen.<\/p><\/li><\/ul><p data-path-to-node=\"12\"><b data-path-to-node=\"12\" data-index-in-node=\"0\">Ansl\u00e5et leveringstid:<\/b><\/p><ul data-path-to-node=\"13\"><li><p data-path-to-node=\"13,0,0\"><b data-path-to-node=\"13,0,0\" data-index-in-node=\"0\">De Forenede Stater:<\/b> 7-12 arbejdsdage.<\/p><\/li><li><p data-path-to-node=\"13,1,0\"><b data-path-to-node=\"13,1,0\" data-index-in-node=\"0\">International:<\/b> 10-20 arbejdsdage (varierer efter destination).<\/p><\/li><\/ul><hr data-path-to-node=\"14\" \/><h3 data-path-to-node=\"15\">3. Told og afgifter<\/h3><p data-path-to-node=\"16\">For internationale ordrer uden for USA skal du v\u00e6re opm\u00e6rksom p\u00e5, at <b data-path-to-node=\"16\" data-index-in-node=\"58\">Petosmos<\/b> er ikke ansvarlig for eventuelle toldafgifter, skatter eller importgebyrer, der m\u00e5tte blive p\u00e5lagt af dine lokale myndigheder.<\/p><hr data-path-to-node=\"17\" \/><h3 data-path-to-node=\"18\">4. Retur- og tilbagebetalingspolitik (for tilpassede varer)<\/h3><p data-path-to-node=\"19\">P\u00e5 grund af vores produkters meget personlige karakter har vi <b data-path-to-node=\"19\" data-index-in-node=\"58\">g\u00f8r det ikke<\/b> acceptere returneringer eller tilbyde refusioner for \u201combestemmelse\u201d.\u201d<\/p><ul data-path-to-node=\"20\"><li><p data-path-to-node=\"20,0,0\"><b data-path-to-node=\"20,0,0\" data-index-in-node=\"0\">Beskadigede genstande:<\/b> Hvis din ordre ankommer beskadiget eller med en tydelig produktionsfejl, bedes du kontakte os p\u00e5 <b data-path-to-node=\"20,0,0\" data-index-in-node=\"104\">sales@petosmos.com<\/b> inden for <b data-path-to-node=\"20,0,0\" data-index-in-node=\"132\">48 timer<\/b> ved levering med tydelige fotos af problemet. Vi vil straks arrangere en udskiftning eller reparation for dig.<\/p><\/li><\/ul>\t\t\t\t\t\t\t\t<\/div>\n\t\t\t\t<\/div>\n\t\t\t\t\t<\/div>\n\t\t\t\t<\/div>\n\t\t\t\t<\/div>","protected":false},"excerpt":{"rendered":"<p>Production &amp; Shipping Policy At Petosmos, we specialize in one-of-a-kind, handcrafted keepsakes. Because each item is customized to your pet&#8217;s [&hellip;]<\/p>\n","protected":false},"author":1,"featured_media":0,"parent":0,"menu_order":0,"comment_status":"closed","ping_status":"closed","template":"elementor_header_footer","meta":{"site-sidebar-layout":"no-sidebar","site-content-layout":"","ast-site-content-layout":"full-width-container","site-content-style":"default","site-sidebar-style":"default","ast-global-header-display":"","ast-banner-title-visibility":"","ast-main-header-display":"","ast-hfb-above-header-display":"","ast-hfb-below-header-display":"","ast-hfb-mobile-header-display":"","site-post-title":"","ast-breadcrumbs-content":"","ast-featured-img":"disabled","footer-sml-layout":"","ast-disable-related-posts":"","theme-transparent-header-meta":"","adv-header-id-meta":"","stick-header-meta":"","header-above-stick-meta":"","header-main-stick-meta":"","header-below-stick-meta":"","astra-migrate-meta-layouts":"default","ast-page-background-enabled":"default","ast-page-background-meta":{"desktop":{"background-color":"var(--ast-global-color-5)","background-image":"","background-repeat":"repeat","background-position":"center center","background-size":"auto","background-attachment":"scroll","background-type":"","background-media":"","overlay-type":"","overlay-color":"","overlay-opacity":"","overlay-gradient":""},"tablet":{"background-color":"","background-image":"","background-repeat":"repeat","background-position":"center center","background-size":"auto","background-attachment":"scroll","background-type":"","background-media":"","overlay-type":"","overlay-color":"","overlay-opacity":"","overlay-gradient":""},"mobile":{"background-color":"","background-image":"","background-repeat":"repeat","background-position":"center center","background-size":"auto","background-attachment":"scroll","background-type":"","background-media":"","overlay-type":"","overlay-color":"","overlay-opacity":"","overlay-gradient":""}},"ast-content-background-meta":{"desktop":{"background-color":"var(--ast-global-color-4)","background-image":"","background-repeat":"repeat","background-position":"center center","background-size":"auto","background-attachment":"scroll","background-type":"","background-media":"","overlay-type":"","overlay-color":"","overlay-opacity":"","overlay-gradient":""},"tablet":{"background-color":"var(--ast-global-color-4)","background-image":"","background-repeat":"repeat","background-position":"center center","background-size":"auto","background-attachment":"scroll","background-type":"","background-media":"","overlay-type":"","overlay-color":"","overlay-opacity":"","overlay-gradient":""},"mobile":{"background-color":"var(--ast-global-color-4)","background-image":"","background-repeat":"repeat","background-position":"center center","background-size":"auto","background-attachment":"scroll","background-type":"","background-media":"","overlay-type":"","overlay-color":"","overlay-opacity":"","overlay-gradient":""}},"footnotes":""},"class_list":["post-524","page","type-page","status-publish","hentry"],"_hostinger_reach_plugin_has_subscription_block":false,"_hostinger_reach_plugin_is_elementor":false,"_links":{"self":[{"href":"https:\/\/petosmos.com\/da\/wp-json\/wp\/v2\/pages\/524","targetHints":{"allow":["GET"]}}],"collection":[{"href":"https:\/\/petosmos.com\/da\/wp-json\/wp\/v2\/pages"}],"about":[{"href":"https:\/\/petosmos.com\/da\/wp-json\/wp\/v2\/types\/page"}],"author":[{"embeddable":true,"href":"https:\/\/petosmos.com\/da\/wp-json\/wp\/v2\/users\/1"}],"replies":[{"embeddable":true,"href":"https:\/\/petosmos.com\/da\/wp-json\/wp\/v2\/comments?post=524"}],"version-history":[{"count":10,"href":"https:\/\/petosmos.com\/da\/wp-json\/wp\/v2\/pages\/524\/revisions"}],"predecessor-version":[{"id":538,"href":"https:\/\/petosmos.com\/da\/wp-json\/wp\/v2\/pages\/524\/revisions\/538"}],"wp:attachment":[{"href":"https:\/\/petosmos.com\/da\/wp-json\/wp\/v2\/media?parent=524"}],"curies":[{"name":"wp","href":"https:\/\/api.w.org\/{rel}","templated":true}]}}