{"id":323,"date":"2026-03-12T07:20:27","date_gmt":"2026-03-12T07:20:27","guid":{"rendered":"https:\/\/petosmos.com\/?page_id=323"},"modified":"2026-03-12T07:51:37","modified_gmt":"2026-03-12T07:51:37","slug":"our-story","status":"publish","type":"page","link":"https:\/\/petosmos.com\/da\/our-story\/","title":{"rendered":"Vores historie"},"content":{"rendered":"<div data-elementor-type=\"wp-page\" data-elementor-id=\"323\" class=\"elementor elementor-323\" data-elementor-post-type=\"page\">\n\t\t\t\t<div class=\"elementor-element elementor-element-1df166d7 e-con-full e-flex e-con e-parent\" data-id=\"1df166d7\" data-element_type=\"container\" data-e-type=\"container\">\n\t\t<div class=\"elementor-element elementor-element-69937247 e-con-full e-flex e-con e-child\" data-id=\"69937247\" data-element_type=\"container\" data-e-type=\"container\" data-settings=\"{&quot;background_background&quot;:&quot;classic&quot;}\">\n\t\t<div class=\"elementor-element elementor-element-6c445a4 e-flex e-con-boxed e-con e-child\" data-id=\"6c445a4\" data-element_type=\"container\" data-e-type=\"container\">\n\t\t\t\t\t<div class=\"e-con-inner\">\n\t\t<div class=\"elementor-element elementor-element-1d32c32 e-con-full e-flex e-con e-child\" data-id=\"1d32c32\" data-element_type=\"container\" data-e-type=\"container\">\n\t\t\t\t<div class=\"elementor-element elementor-element-e751de8 elementor-widget elementor-widget-image\" data-id=\"e751de8\" data-element_type=\"widget\" data-e-type=\"widget\" data-widget_type=\"image.default\">\n\t\t\t\t<div class=\"elementor-widget-container\">\n\t\t\t\t\t\t\t\t\t\t\t\t\t\t\t<img fetchpriority=\"high\" decoding=\"async\" width=\"1024\" height=\"631\" src=\"https:\/\/petosmos.com\/wp-content\/uploads\/2026\/03\/Our-story-e1773300266143-1024x631.png\" class=\"attachment-large size-large wp-image-327 wvs-archive-product-image\" alt=\"\" srcset=\"https:\/\/petosmos.com\/wp-content\/uploads\/2026\/03\/Our-story-e1773300266143-1024x631.png 1024w, https:\/\/petosmos.com\/wp-content\/uploads\/2026\/03\/Our-story-e1773300266143-300x185.png 300w, https:\/\/petosmos.com\/wp-content\/uploads\/2026\/03\/Our-story-e1773300266143-768x473.png 768w, https:\/\/petosmos.com\/wp-content\/uploads\/2026\/03\/Our-story-e1773300266143-600x370.png 600w, https:\/\/petosmos.com\/wp-content\/uploads\/2026\/03\/Our-story-e1773300266143.png 1254w\" sizes=\"(max-width: 1024px) 100vw, 1024px\" \/>\t\t\t\t\t\t\t\t\t\t\t\t\t\t\t<\/div>\n\t\t\t\t<\/div>\n\t\t\t\t<\/div>\n\t\t<div class=\"elementor-element elementor-element-ba1855d e-con-full e-flex e-con e-child\" data-id=\"ba1855d\" data-element_type=\"container\" data-e-type=\"container\">\n\t\t\t\t<div class=\"elementor-element elementor-element-6862aed elementor-widget__width-initial elementor-widget-tablet__width-inherit elementor-widget elementor-widget-heading\" data-id=\"6862aed\" data-element_type=\"widget\" data-e-type=\"widget\" data-widget_type=\"heading.default\">\n\t\t\t\t<div class=\"elementor-widget-container\">\n\t\t\t\t\t<h2 class=\"elementor-heading-title elementor-size-default\">Hvor k\u00e6rligheden tager evig form.<\/h2>\t\t\t\t<\/div>\n\t\t\t\t<\/div>\n\t\t\t\t<div class=\"elementor-element elementor-element-4f7ee73 elementor-widget elementor-widget-text-editor\" data-id=\"4f7ee73\" data-element_type=\"widget\" data-e-type=\"widget\" data-widget_type=\"text-editor.default\">\n\t\t\t\t<div class=\"elementor-widget-container\">\n\t\t\t\t\t\t\t\t\t<p>Vi g\u00f8r mere end at lave figurer; vi fanger selve sj\u00e6len i din elskede f\u00f8lgesvend.<\/p>\t\t\t\t\t\t\t\t<\/div>\n\t\t\t\t<\/div>\n\t\t\t\t<\/div>\n\t\t\t\t\t<\/div>\n\t\t\t\t<\/div>\n\t\t\t\t<\/div>\n\t\t<div class=\"elementor-element elementor-element-0496ccd e-con-full e-flex e-con e-child\" data-id=\"0496ccd\" data-element_type=\"container\" data-e-type=\"container\" data-settings=\"{&quot;background_background&quot;:&quot;classic&quot;}\">\n\t\t<div class=\"elementor-element elementor-element-b77aade e-flex e-con-boxed e-con e-child\" data-id=\"b77aade\" data-element_type=\"container\" data-e-type=\"container\">\n\t\t\t\t\t<div class=\"e-con-inner\">\n\t\t<div class=\"elementor-element elementor-element-c0876b5 e-con-full e-flex e-con e-child\" data-id=\"c0876b5\" data-element_type=\"container\" data-e-type=\"container\">\n\t\t\t\t<div class=\"elementor-element elementor-element-008c2ec elementor-widget__width-initial elementor-widget-tablet__width-inherit elementor-widget elementor-widget-heading\" data-id=\"008c2ec\" data-element_type=\"widget\" data-e-type=\"widget\" data-widget_type=\"heading.default\">\n\t\t\t\t<div class=\"elementor-widget-container\">\n\t\t\t\t\t<h2 class=\"elementor-heading-title elementor-size-default\">Vores historie: Hvor dit k\u00e6ledyrs univers lever videre\n<\/h2>\t\t\t\t<\/div>\n\t\t\t\t<\/div>\n\t\t\t\t<div class=\"elementor-element elementor-element-57333bd elementor-widget elementor-widget-text-editor\" data-id=\"57333bd\" data-element_type=\"widget\" data-e-type=\"widget\" data-widget_type=\"text-editor.default\">\n\t\t\t\t<div class=\"elementor-widget-container\">\n\t\t\t\t\t\t\t\t\t<div class=\"qk-md-paragraph\"><span class=\"qk-md-text complete\">Velkommen til\u00a0<\/span><strong class=\"qk-md-strong complete\"><span class=\"qk-md-text complete\">Petosmos<\/span><\/strong><span class=\"qk-md-text complete\">.<\/span><\/div><div class=\"qk-md-paragraph\"><span class=\"qk-md-text complete\">For verden er de m\u00e5ske bare k\u00e6ledyr. Men for os er de de stille vogtere af vores hemmeligheder, den varme v\u00e6gt p\u00e5 vores sk\u00f8d og det bankende hjerte i vores hjem. De er ikke \u201cdyr\u201d; de er sj\u00e6levenner, som efterlader et uudsletteligt m\u00e6rke i vores sj\u00e6l - et m\u00e6rke, som tiden fors\u00f8ger at udviske, men som hukommelsen n\u00e6gter at give slip p\u00e5.<\/span><\/div><div class=\"qk-md-paragraph\"><strong class=\"qk-md-strong complete\"><span class=\"qk-md-text complete\">Petosmos<\/span><\/strong><span class=\"qk-md-text complete\">\u00a0blev f\u00f8dt ud af en enkelt, dyb erkendelse:\u00a0<\/span><strong class=\"qk-md-strong complete\"><span class=\"qk-md-text complete\">Fotos indfanger et \u00f8jeblik, men skulpturer indfanger en tilstedev\u00e6relse.<\/span><\/strong><\/div><div class=\"qk-md-paragraph\"><span class=\"qk-md-text complete\">Vi blev grundlagt i 2022 med en mission om at bygge bro mellem flygtige billeder og evig k\u00e6rlighed. Vi bem\u00e6rkede, at mens et foto holder et minde sikkert i et album, bringer en brugerdefineret figur det minde tilbage i rummet. Den giver dig mulighed for at r\u00e6kke ud, r\u00f8re ved og holde essensen af din bedste ven igen.<\/span><\/div><div class=\"qk-md-paragraph\"><span class=\"qk-md-text complete\">Hvert stykke, vi laver, er mere end ler eller harpiks; det er et h\u00e5ndgribeligt stykke af dit personlige kosmos. Uanset om din ledsager hilser p\u00e5 dig ved d\u00f8ren i dag eller l\u00f8ber frit rundt i dine minder, er vi her for at forme deres \u00e5nd til noget, du kan holde for evigt.<\/span><\/div><div class=\"qk-md-paragraph\" data-spm-anchor-id=\"5176.28103460.0.i48.4f0e7551XDlBQK\"><span class=\"qk-md-text complete\">Hos Petosmos laver vi ikke bare figurer.\u00a0<\/span><strong class=\"qk-md-strong complete\"><span class=\"qk-md-text complete\">Vi bevarer det univers, du delte.<\/span><\/strong><\/div>\t\t\t\t\t\t\t\t<\/div>\n\t\t\t\t<\/div>\n\t\t\t\t<\/div>\n\t\t\t\t\t<\/div>\n\t\t\t\t<\/div>\n\t\t\t\t<\/div>\n\t\t<div class=\"elementor-element elementor-element-08bce49 e-con-full e-flex e-con e-child\" data-id=\"08bce49\" data-element_type=\"container\" data-e-type=\"container\" data-settings=\"{&quot;background_background&quot;:&quot;classic&quot;}\">\n\t\t<div class=\"elementor-element elementor-element-5fb81d5 e-flex e-con-boxed e-con e-child\" data-id=\"5fb81d5\" data-element_type=\"container\" data-e-type=\"container\">\n\t\t\t\t\t<div class=\"e-con-inner\">\n\t\t<div class=\"elementor-element elementor-element-0e11350 e-con-full e-flex e-con e-child\" data-id=\"0e11350\" data-element_type=\"container\" data-e-type=\"container\">\n\t\t\t\t<div class=\"elementor-element elementor-element-156f7f3 elementor-widget__width-initial elementor-widget-tablet__width-inherit elementor-widget elementor-widget-heading\" data-id=\"156f7f3\" data-element_type=\"widget\" data-e-type=\"widget\" data-widget_type=\"heading.default\">\n\t\t\t\t<div class=\"elementor-widget-container\">\n\t\t\t\t\t<h2 class=\"elementor-heading-title elementor-size-default\">Kunsten at skabe: Hvor pr\u00e6cision m\u00f8der sj\u00e6l\n<\/h2>\t\t\t\t<\/div>\n\t\t\t\t<\/div>\n\t\t\t\t<div class=\"elementor-element elementor-element-4775878 elementor-widget elementor-widget-text-editor\" data-id=\"4775878\" data-element_type=\"widget\" data-e-type=\"widget\" data-widget_type=\"text-editor.default\">\n\t\t\t\t<div class=\"elementor-widget-container\">\n\t\t\t\t\t\t\t\t\t<div class=\"qk-md-paragraph\"><div class=\"qk-md-paragraph\"><span class=\"qk-md-text complete\">P\u00e5\u00a0<\/span><strong class=\"qk-md-strong complete\"><span class=\"qk-md-text complete\">Petosmos<\/span><\/strong><span class=\"qk-md-text complete\">, Vi mener, at det at indfange essensen af din elskede f\u00f8lgesvend kr\u00e6ver mere end bare avanceret teknologi - det kr\u00e6ver en kunstners \u00f8je og en skabers hjerte.<\/span><\/div><div class=\"qk-md-paragraph\"><span class=\"qk-md-text complete\">Vores proces er en harmonisk dans mellem\u00a0<\/span><strong class=\"qk-md-strong complete\"><span class=\"qk-md-text complete\">Digital pr\u00e6cision og menneskelig intuition<\/span><\/strong><span class=\"qk-md-text complete\">.<\/span><\/div><div class=\"qk-md-paragraph\"><span class=\"qk-md-text complete\">Det begynder med vores mesterskulpt\u00f8rer, som ikke bare ser p\u00e5 dine fotos; de\u00a0<\/span><em class=\"qk-md-em\"><span class=\"qk-md-text complete\">unders\u00f8gelse<\/span><\/em><span class=\"qk-md-text complete\">\u00a0dem. De analyserer den unikke h\u00e6ldning af et \u00f8re, den specifikke gnist i \u00f8jnene og den subtile kropsholdning, der g\u00f8r dit k\u00e6ledyr umiskendeligt\u00a0<\/span><em class=\"qk-md-em\"><span class=\"qk-md-text complete\">dem<\/span><\/em><span class=\"qk-md-text complete\">. Ved hj\u00e6lp af digital modellering med h\u00f8j pr\u00e6cision bygger vi det perfekte fundament og sikrer, at hver eneste kurve og kontur er anatomisk n\u00f8jagtig. Men her stopper teknologien ikke ved automatisering; den s\u00e6tter blot scenen.<\/span><\/div><div class=\"qk-md-paragraph\"><strong class=\"qk-md-strong complete\"><span class=\"qk-md-text complete\">Det er her, den menneskelige kontakt tager over.<\/span><\/strong><\/div><div class=\"qk-md-paragraph\"><span class=\"qk-md-text complete\">N\u00e5r formen er st\u00f8bt, kommer den i h\u00e6nderne p\u00e5 vores professionelle farvel\u00e6ggere. Der er ingen samleb\u00e5nd her. Hver figur er\u00a0<\/span><strong class=\"qk-md-strong complete\"><span class=\"qk-md-text complete\">h\u00e5ndpoleret, h\u00e5ndmalet og n\u00e6nsomt f\u00e6rdiggjort<\/span><\/strong><span class=\"qk-md-text complete\">. Vi l\u00e6gger f\u00f8rsteklasses maling i lag for at efterligne pelsens bl\u00f8dhed, aftegningernes dybde og selve livets varme.<\/span><\/div><div class=\"qk-md-paragraph\" data-spm-anchor-id=\"5176.28103460.0.i53.4f0e7551XDlBQK\"><span class=\"qk-md-text complete\">Vi replikerer ikke bare et billede; vi genopliver en \u00e5nd. Hos Petosmos er hvert penselstr\u00f8g en hyldest til det b\u00e5nd, I deler, og forvandler en digital fil til et h\u00e5ndgribeligt stykke af dit personlige univers.<\/span><\/div><\/div>\t\t\t\t\t\t\t\t<\/div>\n\t\t\t\t<\/div>\n\t\t\t\t<\/div>\n\t\t\t\t\t<\/div>\n\t\t\t\t<\/div>\n\t\t\t\t<\/div>\n\t\t<div class=\"elementor-element elementor-element-1b38aa4 e-con-full e-flex e-con e-child\" data-id=\"1b38aa4\" data-element_type=\"container\" data-e-type=\"container\" data-settings=\"{&quot;background_background&quot;:&quot;classic&quot;}\">\n\t\t<div class=\"elementor-element elementor-element-d1f2539 e-flex e-con-boxed e-con e-child\" data-id=\"d1f2539\" data-element_type=\"container\" data-e-type=\"container\" data-settings=\"{&quot;background_background&quot;:&quot;classic&quot;}\">\n\t\t\t\t\t<div class=\"e-con-inner\">\n\t\t<div class=\"elementor-element elementor-element-dc2cb93 e-con-full e-flex e-con e-child\" data-id=\"dc2cb93\" data-element_type=\"container\" data-e-type=\"container\">\n\t\t\t\t<div class=\"elementor-element elementor-element-da715fa elementor-widget__width-initial elementor-widget-tablet__width-inherit elementor-widget elementor-widget-heading\" data-id=\"da715fa\" data-element_type=\"widget\" data-e-type=\"widget\" data-widget_type=\"heading.default\">\n\t\t\t\t<div class=\"elementor-widget-container\">\n\t\t\t\t\t<h2 class=\"elementor-heading-title elementor-size-default\">Vores l\u00f8fte og v\u00e6rdier: En pagt af k\u00e6rlighed\nMere end en gave. En helbredende rejse.<\/h2>\t\t\t\t<\/div>\n\t\t\t\t<\/div>\n\t\t\t\t<div class=\"elementor-element elementor-element-850ed91 elementor-widget elementor-widget-text-editor\" data-id=\"850ed91\" data-element_type=\"widget\" data-e-type=\"widget\" data-widget_type=\"text-editor.default\">\n\t\t\t\t<div class=\"elementor-widget-container\">\n\t\t\t\t\t\t\t\t\t<div class=\"qk-md-paragraph\"><div class=\"qk-md-paragraph\"><div class=\"qk-md-paragraph\"><span class=\"qk-md-text complete\">P\u00e5\u00a0<\/span><strong class=\"qk-md-strong complete\"><span class=\"qk-md-text complete\">Petosmos<\/span><\/strong><span class=\"qk-md-text complete\">, har vi l\u00e6rt, at vores sande h\u00e5ndv\u00e6rk ikke bare er at forme figurer, men at facilitere\u00a0<\/span><strong class=\"qk-md-strong complete\"><span class=\"qk-md-text complete\">healing og forbindelse<\/span><\/strong><span class=\"qk-md-text complete\">. Vi er dybt be\u00e6rede over at g\u00e5 ved siden af dig - uanset om du navigerer i sorgens stille dyb, fejrer en gl\u00e6delig milep\u00e6l eller blot v\u00e6rner om et minde, der n\u00e6gter at falme.<\/span><\/div><div class=\"qk-md-paragraph\"><strong class=\"qk-md-strong complete\"><span class=\"qk-md-text complete\">Vi er med dig hvert eneste skridt p\u00e5 vejen.<\/span><\/strong><br \/><span class=\"qk-md-text complete\">Fra det \u00f8jeblik, du deler dit k\u00e6ledyrs historie med os, til du f\u00e5r dets billede i h\u00e6nderne, er du aldrig alene i denne proces. Vi mener, at \u00e6gte tilpasning kr\u00e6ver mere end blot instruktioner; det kr\u00e6ver\u00a0<\/span><strong class=\"qk-md-strong complete\"><span class=\"qk-md-text complete\">samtale<\/span><\/strong><span class=\"qk-md-text complete\">. Vores team opretholder en t\u00e6t og medf\u00f8lende kommunikation for at sikre, at hver eneste detalje i din vision bliver indfanget med pr\u00e6cision og omhu.<\/span><\/div><div class=\"qk-md-paragraph\"><strong class=\"qk-md-strong complete\"><span class=\"qk-md-text complete\">K\u00e6rlighed kender ingen gr\u00e6nser.<\/span><\/strong><br \/><span class=\"qk-md-text complete\">Med\u00a0<\/span><strong class=\"qk-md-strong complete\"><span class=\"qk-md-text complete\">gratis forsendelse over hele verden<\/span><\/strong><span class=\"qk-md-text complete\">, Vi mener, at afstand aldrig b\u00f8r adskille dig fra mindet om din bedste ven. Vores engagement g\u00e5r ud over at levere en pakke; vi leverer et \u00f8jeblik af tr\u00f8st, en gnist af gl\u00e6de og et h\u00e5ndgribeligt stykke af jeres f\u00e6lles univers.<\/span><\/div><div class=\"qk-md-paragraph\" data-spm-anchor-id=\"5176.28103460.0.i58.4f0e7551XDlBQK\"><strong class=\"qk-md-strong complete\"><span class=\"qk-md-text complete\">Vores h\u00f8jtidelige l\u00f8fte:<\/span><\/strong><br \/><span class=\"qk-md-text complete\">Vi str\u00e6ber efter 100%-tilfredshed, ikke fordi det er en god forretning, men fordi din tillid er hellig. Tak, fordi du valgte\u00a0<\/span><strong class=\"qk-md-strong complete\"><span class=\"qk-md-text complete\">Petosmos<\/span><\/strong><span class=\"qk-md-text complete\">\u00a0for at fort\u00e6lle jeres historie. Det er vores st\u00f8rste privilegium at hj\u00e6lpe jer med at bevare den k\u00e6rlighed, I deler - i en form, som I kan holde om, kramme og v\u00e6rds\u00e6tte for evigt.<\/span><\/div><\/div><\/div>\t\t\t\t\t\t\t\t<\/div>\n\t\t\t\t<\/div>\n\t\t\t\t<\/div>\n\t\t\t\t\t<\/div>\n\t\t\t\t<\/div>\n\t\t\t\t<\/div>\n\t\t<div class=\"elementor-element elementor-element-eb41501 e-con-full e-flex e-con e-child\" data-id=\"eb41501\" data-element_type=\"container\" data-e-type=\"container\" data-settings=\"{&quot;background_background&quot;:&quot;classic&quot;}\">\n\t\t<div class=\"elementor-element elementor-element-1459196 e-flex e-con-boxed e-con e-child\" data-id=\"1459196\" data-element_type=\"container\" data-e-type=\"container\" data-settings=\"{&quot;background_background&quot;:&quot;classic&quot;}\">\n\t\t\t\t\t<div class=\"e-con-inner\">\n\t\t<div class=\"elementor-element elementor-element-13eb9c2 e-con-full e-flex e-con e-child\" data-id=\"13eb9c2\" data-element_type=\"container\" data-e-type=\"container\">\n\t\t\t\t<div class=\"elementor-element elementor-element-79e8bb4 elementor-widget__width-initial elementor-widget-tablet__width-inherit elementor-widget elementor-widget-heading\" data-id=\"79e8bb4\" data-element_type=\"widget\" data-e-type=\"widget\" data-widget_type=\"heading.default\">\n\t\t\t\t<div class=\"elementor-widget-container\">\n\t\t\t\t\t<h2 class=\"elementor-heading-title elementor-size-default\">Hvor k\u00e6rligheden tager levende form\nForvandl et elsket foto til et tidl\u00f8st mesterv\u00e6rk.<\/h2>\t\t\t\t<\/div>\n\t\t\t\t<\/div>\n\t\t\t\t<div class=\"elementor-element elementor-element-f4e8752 elementor-widget elementor-widget-text-editor\" data-id=\"f4e8752\" data-element_type=\"widget\" data-e-type=\"widget\" data-widget_type=\"text-editor.default\">\n\t\t\t\t<div class=\"elementor-widget-container\">\n\t\t\t\t\t\t\t\t\t<div class=\"qk-md-paragraph\"><div class=\"qk-md-paragraph\"><div class=\"qk-md-paragraph\"><div class=\"qk-md-paragraph\"><span class=\"qk-md-text complete\">P\u00e5\u00a0<\/span><strong class=\"qk-md-strong complete\"><span class=\"qk-md-text complete\">Petosmos<\/span><\/strong><span class=\"qk-md-text complete\" data-spm-anchor-id=\"5176.28103460.0.i62.4f0e7551XDlBQK\">, Vi skulpturerer ikke bare figurer; vi genopliver \u00e5nder. Vores kunstnere er omhyggelige med at designe, pr\u00e6cisionsst\u00f8be og h\u00e5ndmale hver eneste detalje for at puste liv i dit yndlingsminde.<\/span><\/div><div class=\"qk-md-paragraph\" data-spm-anchor-id=\"5176.28103460.0.i63.4f0e7551XDlBQK\"><em class=\"qk-md-em\"><span class=\"qk-md-text complete\">Fra et fladt billede til en 3D-omfavnelse - hold din bedste ven for evigt.<\/span><\/em><\/div><\/div><\/div><\/div>\t\t\t\t\t\t\t\t<\/div>\n\t\t\t\t<\/div>\n\t\t\t\t<div class=\"elementor-element elementor-element-db164ff elementor-widget elementor-widget-button\" data-id=\"db164ff\" data-element_type=\"widget\" data-e-type=\"widget\" data-widget_type=\"button.default\">\n\t\t\t\t<div class=\"elementor-widget-container\">\n\t\t\t\t\t\t\t\t\t<div class=\"elementor-button-wrapper\">\n\t\t\t\t\t<a class=\"elementor-button elementor-button-link elementor-size-sm\" href=\"#\">\n\t\t\t\t\t\t<span class=\"elementor-button-content-wrapper\">\n\t\t\t\t\t\t\t\t\t<span class=\"elementor-button-text\">Skab dit petosmos<\/span>\n\t\t\t\t\t<\/span>\n\t\t\t\t\t<\/a>\n\t\t\t\t<\/div>\n\t\t\t\t\t\t\t\t<\/div>\n\t\t\t\t<\/div>\n\t\t\t\t<\/div>\n\t\t\t\t\t<\/div>\n\t\t\t\t<\/div>\n\t\t\t\t<\/div>\n\t\t\t\t<\/div>\n\t\t\t\t<\/div>","protected":false},"excerpt":{"rendered":"<p>Where Love Takes Eternal Form. We do more than craft figurines; we capture the very soul of your beloved companion. [&hellip;]<\/p>\n","protected":false},"author":1,"featured_media":0,"parent":0,"menu_order":0,"comment_status":"closed","ping_status":"closed","template":"elementor_header_footer","meta":{"site-sidebar-layout":"no-sidebar","site-content-layout":"","ast-site-content-layout":"full-width-container","site-content-style":"default","site-sidebar-style":"default","ast-global-header-display":"","ast-banner-title-visibility":"","ast-main-header-display":"","ast-hfb-above-header-display":"","ast-hfb-below-header-display":"","ast-hfb-mobile-header-display":"","site-post-title":"","ast-breadcrumbs-content":"","ast-featured-img":"disabled","footer-sml-layout":"","ast-disable-related-posts":"","theme-transparent-header-meta":"","adv-header-id-meta":"","stick-header-meta":"","header-above-stick-meta":"","header-main-stick-meta":"","header-below-stick-meta":"","astra-migrate-meta-layouts":"default","ast-page-background-enabled":"default","ast-page-background-meta":{"desktop":{"background-color":"var(--ast-global-color-5)","background-image":"","background-repeat":"repeat","background-position":"center center","background-size":"auto","background-attachment":"scroll","background-type":"","background-media":"","overlay-type":"","overlay-color":"","overlay-opacity":"","overlay-gradient":""},"tablet":{"background-color":"","background-image":"","background-repeat":"repeat","background-position":"center center","background-size":"auto","background-attachment":"scroll","background-type":"","background-media":"","overlay-type":"","overlay-color":"","overlay-opacity":"","overlay-gradient":""},"mobile":{"background-color":"","background-image":"","background-repeat":"repeat","background-position":"center center","background-size":"auto","background-attachment":"scroll","background-type":"","background-media":"","overlay-type":"","overlay-color":"","overlay-opacity":"","overlay-gradient":""}},"ast-content-background-meta":{"desktop":{"background-color":"var(--ast-global-color-4)","background-image":"","background-repeat":"repeat","background-position":"center center","background-size":"auto","background-attachment":"scroll","background-type":"","background-media":"","overlay-type":"","overlay-color":"","overlay-opacity":"","overlay-gradient":""},"tablet":{"background-color":"var(--ast-global-color-4)","background-image":"","background-repeat":"repeat","background-position":"center center","background-size":"auto","background-attachment":"scroll","background-type":"","background-media":"","overlay-type":"","overlay-color":"","overlay-opacity":"","overlay-gradient":""},"mobile":{"background-color":"var(--ast-global-color-4)","background-image":"","background-repeat":"repeat","background-position":"center center","background-size":"auto","background-attachment":"scroll","background-type":"","background-media":"","overlay-type":"","overlay-color":"","overlay-opacity":"","overlay-gradient":""}},"footnotes":""},"class_list":["post-323","page","type-page","status-publish","hentry"],"_hostinger_reach_plugin_has_subscription_block":false,"_hostinger_reach_plugin_is_elementor":false,"_links":{"self":[{"href":"https:\/\/petosmos.com\/da\/wp-json\/wp\/v2\/pages\/323","targetHints":{"allow":["GET"]}}],"collection":[{"href":"https:\/\/petosmos.com\/da\/wp-json\/wp\/v2\/pages"}],"about":[{"href":"https:\/\/petosmos.com\/da\/wp-json\/wp\/v2\/types\/page"}],"author":[{"embeddable":true,"href":"https:\/\/petosmos.com\/da\/wp-json\/wp\/v2\/users\/1"}],"replies":[{"embeddable":true,"href":"https:\/\/petosmos.com\/da\/wp-json\/wp\/v2\/comments?post=323"}],"version-history":[{"count":21,"href":"https:\/\/petosmos.com\/da\/wp-json\/wp\/v2\/pages\/323\/revisions"}],"predecessor-version":[{"id":347,"href":"https:\/\/petosmos.com\/da\/wp-json\/wp\/v2\/pages\/323\/revisions\/347"}],"wp:attachment":[{"href":"https:\/\/petosmos.com\/da\/wp-json\/wp\/v2\/media?parent=323"}],"curies":[{"name":"wp","href":"https:\/\/api.w.org\/{rel}","templated":true}]}}